{"id":83850,"date":"2018-04-26T18:27:56","date_gmt":"2018-04-26T18:27:56","guid":{"rendered":"http:\/\/www.irdin.org.br\/site\/produto\/consciencia-de-ibez-palestra-no-53o-encontro-geral-de-figueira\/"},"modified":"2025-03-15T19:16:57","modified_gmt":"2025-03-15T19:16:57","slug":"consciencia-de-ibez-palestra-no-53o-encontro-geral-de-figueira","status":"publish","type":"product","link":"https:\/\/www.irdin.org.br\/site\/produtos\/consciencia-de-ibez-palestra-no-53o-encontro-geral-de-figueira\/","title":{"rendered":"Consci\u00eancia de Ibez &#8211; Palestra no 53\u00ba Encontro Geral de Figueira"},"content":{"rendered":"<p><em>A Consci\u00eancia dos Adeptos \/ O Coronel Fawcett e a busca por uma civiliza\u00e7\u00e3o perdida no cora\u00e7\u00e3o do Brasil \/ O Templo de Ibez e a introdu\u00e7\u00e3o de energias solares nos seres humanos \/ Aprender a deixar-se guiar pela pr\u00f3pria intui\u00e7\u00e3o \/ Revela\u00e7\u00f5es sobre a vida sacerdotal em Ibez<\/em><\/p>\n<p>&nbsp;<br \/>\n<strong>Ou\u00e7a agora:<\/strong><\/p>\n<p><span data-href=\"https:\/\/www.irdin.org.br\/site\/envios\/audios\/0061_0015__por_por__consciencia_de_ibez.mp3\" data-title=\"consci\u00eancia de ibez\" data-rel=\"\" data-target=\"\" data-meta=\"#fap-meta-6a059c4e99b51\" class=\"fap-single-track fap-track-button fap-play-button\" data-enqueue=\"no\" data-autoenqueue=\"no\" title=\"consci\u00eancia de ibez\"><span class=\"fap-icon-play\"><\/span>Ouvir<\/span> <a href=\"https:\/\/www.irdin.org.br\/site\/envios\/audios\/0061_0015__por_por__consciencia_de_ibez.mp3\" class=\"baixar\" download><span class=\"fa fa-arrow-down\"><\/span>Baixar<\/span><\/a> <span class=\"textobaixar\"> consci\u00eancia de ibez<\/span><\/p>\n<p>&nbsp;<\/p>\n","protected":false},"excerpt":{"rendered":"<p>A Consci\u00eancia dos Adeptos \/ O Coronel Fawcett e a busca por uma civiliza\u00e7\u00e3o perdida no cora\u00e7\u00e3o do Brasil \/<\/p>\n","protected":false},"featured_media":32298,"template":"","meta":{"_acf_changed":false},"product_brand":[],"product_cat":[18076,33068],"product_tag":[41001],"class_list":{"0":"post-83850","1":"product","2":"type-product","3":"status-publish","4":"has-post-thumbnail","6":"product_cat-cddvd","7":"product_cat-palestras","8":"product_tag-41001","9":"pa_autor-trigueirinho","10":"pa_codigo-da-serie-31868","11":"pa_codigo-externo-00610015porcd","12":"pa_data-de-gravacao-31841","13":"pa_duracao-70-min","14":"pa_idioma-de-destino-portugues","15":"pa_idioma-de-origem-portugues","16":"pa_lancamento-no","17":"pa_midia-cd","18":"pa_moac-41000","19":"pa_quantidade-de-saldo-33067","20":"pa_sequencial-da-serie-31897","21":"pa_tipo-de-traducao-nao-classificado","23":"first","24":"outofstock","25":"product-type-simple"},"acf":[],"_links":{"self":[{"href":"https:\/\/www.irdin.org.br\/site\/wp-json\/wp\/v2\/product\/83850","targetHints":{"allow":["GET"]}}],"collection":[{"href":"https:\/\/www.irdin.org.br\/site\/wp-json\/wp\/v2\/product"}],"about":[{"href":"https:\/\/www.irdin.org.br\/site\/wp-json\/wp\/v2\/types\/product"}],"version-history":[{"count":1,"href":"https:\/\/www.irdin.org.br\/site\/wp-json\/wp\/v2\/product\/83850\/revisions"}],"predecessor-version":[{"id":108423,"href":"https:\/\/www.irdin.org.br\/site\/wp-json\/wp\/v2\/product\/83850\/revisions\/108423"}],"wp:featuredmedia":[{"embeddable":true,"href":"https:\/\/www.irdin.org.br\/site\/wp-json\/wp\/v2\/media\/32298"}],"wp:attachment":[{"href":"https:\/\/www.irdin.org.br\/site\/wp-json\/wp\/v2\/media?parent=83850"}],"wp:term":[{"taxonomy":"product_brand","embeddable":true,"href":"https:\/\/www.irdin.org.br\/site\/wp-json\/wp\/v2\/product_brand?post=83850"},{"taxonomy":"product_cat","embeddable":true,"href":"https:\/\/www.irdin.org.br\/site\/wp-json\/wp\/v2\/product_cat?post=83850"},{"taxonomy":"product_tag","embeddable":true,"href":"https:\/\/www.irdin.org.br\/site\/wp-json\/wp\/v2\/product_tag?post=83850"}],"curies":[{"name":"wp","href":"https:\/\/api.w.org\/{rel}","templated":true}]}}