{"id":83853,"date":"2018-04-26T18:27:56","date_gmt":"2018-04-26T18:27:56","guid":{"rendered":"http:\/\/www.irdin.org.br\/site\/produto\/em-plena-batalha\/"},"modified":"2025-03-15T19:17:25","modified_gmt":"2025-03-15T19:17:25","slug":"em-plena-batalha","status":"publish","type":"product","link":"https:\/\/www.irdin.org.br\/site\/produtos\/em-plena-batalha\/","title":{"rendered":"Em plena batalha"},"content":{"rendered":"<p><em>O impag\u00e1vel carma humano atraiu Conselhos Universais Confederados para resolverem nossas transgress\u00f5es de Leis Universais \/ Tomada de consci\u00eancia do trabalho a ser feito na mat\u00e9ria \/ Expressiva transmiss\u00e3o de Raman\u00e9s, o porta-voz de todos os membros regentes da Irmandade C\u00f3smica \/ Um chamado \u00e0s almas operativas<\/em><\/p>\n<p>&nbsp;<br \/>\n<strong>Ou\u00e7a agora:<\/strong><\/p>\n<p><span data-href=\"https:\/\/www.irdin.org.br\/site\/envios\/audios\/0061_0018__por_por__em_plena_batalha.mp3\" data-title=\"em plena batalha\" data-rel=\"\" data-target=\"\" data-meta=\"#fap-meta-69e365e74b200\" class=\"fap-single-track fap-track-button fap-play-button\" data-enqueue=\"no\" data-autoenqueue=\"no\" title=\"em plena batalha\"><span class=\"fap-icon-play\"><\/span>Ouvir<\/span> <a href=\"https:\/\/www.irdin.org.br\/site\/envios\/audios\/0061_0018__por_por__em_plena_batalha.mp3\" class=\"baixar\" download><span class=\"fa fa-arrow-down\"><\/span>Baixar<\/span><\/a> <span class=\"textobaixar\"> em plena batalha<\/span><\/p>\n<p>&nbsp;<\/p>\n","protected":false},"excerpt":{"rendered":"<p>O impag\u00e1vel carma humano atraiu Conselhos Universais Confederados para resolverem nossas transgress\u00f5es de Leis Universais \/ Tomada de consci\u00eancia do<\/p>\n","protected":false},"featured_media":37803,"template":"","meta":{"_acf_changed":false},"product_brand":[],"product_cat":[18076,33068],"product_tag":[41007],"class_list":{"0":"post-83853","1":"product","2":"type-product","3":"status-publish","4":"has-post-thumbnail","6":"product_cat-cddvd","7":"product_cat-palestras","8":"product_tag-41007","9":"pa_autor-trigueirinho","10":"pa_codigo-da-serie-31868","11":"pa_codigo-externo-00610018porcd","12":"pa_data-de-gravacao-25370","13":"pa_duracao-65-min","14":"pa_idioma-de-destino-portugues","15":"pa_idioma-de-origem-portugues","16":"pa_lancamento-no","17":"pa_midia-cd","18":"pa_moac-41006","19":"pa_quantidade-de-saldo-33067","20":"pa_sequencial-da-serie-31871","21":"pa_tipo-de-traducao-nao-classificado","23":"first","24":"outofstock","25":"product-type-simple"},"acf":[],"_links":{"self":[{"href":"https:\/\/www.irdin.org.br\/site\/wp-json\/wp\/v2\/product\/83853","targetHints":{"allow":["GET"]}}],"collection":[{"href":"https:\/\/www.irdin.org.br\/site\/wp-json\/wp\/v2\/product"}],"about":[{"href":"https:\/\/www.irdin.org.br\/site\/wp-json\/wp\/v2\/types\/product"}],"version-history":[{"count":1,"href":"https:\/\/www.irdin.org.br\/site\/wp-json\/wp\/v2\/product\/83853\/revisions"}],"predecessor-version":[{"id":108425,"href":"https:\/\/www.irdin.org.br\/site\/wp-json\/wp\/v2\/product\/83853\/revisions\/108425"}],"wp:featuredmedia":[{"embeddable":true,"href":"https:\/\/www.irdin.org.br\/site\/wp-json\/wp\/v2\/media\/37803"}],"wp:attachment":[{"href":"https:\/\/www.irdin.org.br\/site\/wp-json\/wp\/v2\/media?parent=83853"}],"wp:term":[{"taxonomy":"product_brand","embeddable":true,"href":"https:\/\/www.irdin.org.br\/site\/wp-json\/wp\/v2\/product_brand?post=83853"},{"taxonomy":"product_cat","embeddable":true,"href":"https:\/\/www.irdin.org.br\/site\/wp-json\/wp\/v2\/product_cat?post=83853"},{"taxonomy":"product_tag","embeddable":true,"href":"https:\/\/www.irdin.org.br\/site\/wp-json\/wp\/v2\/product_tag?post=83853"}],"curies":[{"name":"wp","href":"https:\/\/api.w.org\/{rel}","templated":true}]}}