{"id":83856,"date":"2018-04-26T18:27:56","date_gmt":"2018-04-26T18:27:56","guid":{"rendered":"http:\/\/www.irdin.org.br\/site\/produto\/tentativas-de-buscar-a-paz-em-tempos-de-batalha\/"},"modified":"2025-03-15T19:17:54","modified_gmt":"2025-03-15T19:17:54","slug":"tentativas-de-buscar-a-paz-em-tempos-de-batalha","status":"publish","type":"product","link":"https:\/\/www.irdin.org.br\/site\/produtos\/tentativas-de-buscar-a-paz-em-tempos-de-batalha\/","title":{"rendered":"Tentativas de buscar a paz em tempos de batalha"},"content":{"rendered":"<p><em>Nas tribula\u00e7\u00f5es, manter o prop\u00f3sito que nos guia \/ A arte de manter a paz no cora\u00e7\u00e3o \/ Qualidades e fraquezas em nosso trabalho evolutivo \/ Valentia diante das pr\u00f3prias resist\u00eancias \/ Criarmos ares puros dentro de n\u00f3s \/ A gravidade da desuni\u00e3o \/ Presen\u00e7a de S\u00e3o Jos\u00e9 no dia 28\/12\/2015<\/em><\/p>\n<p>&nbsp;<br \/>\n<strong>Ou\u00e7a agora:<\/strong><\/p>\n<p><span data-href=\"https:\/\/www.irdin.org.br\/site\/envios\/audios\/0061_0021__por_por__tentativas_de_buscar_a_paz_em_tempos_de_batalha.mp3\" data-title=\"tentativas de buscar a paz em tempos de batalha\" data-rel=\"\" data-target=\"\" data-meta=\"#fap-meta-69e35b5be9bde\" class=\"fap-single-track fap-track-button fap-play-button\" data-enqueue=\"no\" data-autoenqueue=\"no\" title=\"tentativas de buscar a paz em tempos de batalha\"><span class=\"fap-icon-play\"><\/span>Ouvir<\/span> <a href=\"https:\/\/www.irdin.org.br\/site\/envios\/audios\/0061_0021__por_por__tentativas_de_buscar_a_paz_em_tempos_de_batalha.mp3\" class=\"baixar\" download><span class=\"fa fa-arrow-down\"><\/span>Baixar<\/span><\/a> <span class=\"textobaixar\"> tentativas de buscar a paz em tempos de batalha<\/span><\/p>\n<p>&nbsp;<\/p>\n","protected":false},"excerpt":{"rendered":"<p>Nas tribula\u00e7\u00f5es, manter o prop\u00f3sito que nos guia \/ A arte de manter a paz no cora\u00e7\u00e3o \/ Qualidades e<\/p>\n","protected":false},"featured_media":37803,"template":"","meta":{"_acf_changed":false},"product_brand":[],"product_cat":[18076,33068],"product_tag":[41013],"class_list":{"0":"post-83856","1":"product","2":"type-product","3":"status-publish","4":"has-post-thumbnail","6":"product_cat-cddvd","7":"product_cat-palestras","8":"product_tag-41013","9":"pa_autor-trigueirinho","10":"pa_codigo-da-serie-31868","11":"pa_codigo-externo-00610021porcd","12":"pa_data-de-gravacao-25379","13":"pa_duracao-49-min","14":"pa_idioma-de-destino-portugues","15":"pa_idioma-de-origem-portugues","16":"pa_lancamento-no","17":"pa_midia-cd","18":"pa_moac-41012","19":"pa_quantidade-de-saldo-33067","20":"pa_sequencial-da-serie-31874","21":"pa_tipo-de-traducao-nao-classificado","23":"first","24":"outofstock","25":"product-type-simple"},"acf":[],"_links":{"self":[{"href":"https:\/\/www.irdin.org.br\/site\/wp-json\/wp\/v2\/product\/83856","targetHints":{"allow":["GET"]}}],"collection":[{"href":"https:\/\/www.irdin.org.br\/site\/wp-json\/wp\/v2\/product"}],"about":[{"href":"https:\/\/www.irdin.org.br\/site\/wp-json\/wp\/v2\/types\/product"}],"version-history":[{"count":1,"href":"https:\/\/www.irdin.org.br\/site\/wp-json\/wp\/v2\/product\/83856\/revisions"}],"predecessor-version":[{"id":108428,"href":"https:\/\/www.irdin.org.br\/site\/wp-json\/wp\/v2\/product\/83856\/revisions\/108428"}],"wp:featuredmedia":[{"embeddable":true,"href":"https:\/\/www.irdin.org.br\/site\/wp-json\/wp\/v2\/media\/37803"}],"wp:attachment":[{"href":"https:\/\/www.irdin.org.br\/site\/wp-json\/wp\/v2\/media?parent=83856"}],"wp:term":[{"taxonomy":"product_brand","embeddable":true,"href":"https:\/\/www.irdin.org.br\/site\/wp-json\/wp\/v2\/product_brand?post=83856"},{"taxonomy":"product_cat","embeddable":true,"href":"https:\/\/www.irdin.org.br\/site\/wp-json\/wp\/v2\/product_cat?post=83856"},{"taxonomy":"product_tag","embeddable":true,"href":"https:\/\/www.irdin.org.br\/site\/wp-json\/wp\/v2\/product_tag?post=83856"}],"curies":[{"name":"wp","href":"https:\/\/api.w.org\/{rel}","templated":true}]}}