{"id":83857,"date":"2018-04-26T18:27:56","date_gmt":"2018-04-26T18:27:56","guid":{"rendered":"http:\/\/www.irdin.org.br\/site\/produto\/cristo-e-a-transicao-da-terra-e-o-silencio-de-maria\/"},"modified":"2025-03-15T19:18:01","modified_gmt":"2025-03-15T19:18:01","slug":"cristo-e-a-transicao-da-terra-e-o-silencio-de-maria","status":"publish","type":"product","link":"https:\/\/www.irdin.org.br\/site\/produtos\/cristo-e-a-transicao-da-terra-e-o-silencio-de-maria\/","title":{"rendered":"Cristo e a transi\u00e7\u00e3o da Terra, e o sil\u00eancio de Maria"},"content":{"rendered":"<p><em>Chaves do trabalho durante a transi\u00e7\u00e3o da Terra \/ Amando a purifica\u00e7\u00e3o, resolvemos nossos erros, mentiras e soberba \/ Sendo o mundo oposto \u00e0 Lei, fidelidade, confian\u00e7a e const\u00e2ncia podem nos redimir \/ Confiar sem ter compreendido abre portas internas \/ Cristo prepara poucos, porque poucos fazem o que Ele pede \/ O que Maria veio fazer neste mundo<\/em><\/p>\n<p>&nbsp;<br \/>\n<strong>Ou\u00e7a agora:<\/strong><\/p>\n<p><span data-href=\"https:\/\/www.irdin.org.br\/site\/envios\/audios\/0061_0022__por_por__cristo_e_a_transicao_da_terra_e_o_silencio_de_maria.mp3\" data-title=\"cristo e a transi\u00e7\u00e3o da terra, e o sil\u00eancio de maria\" data-rel=\"\" data-target=\"\" data-meta=\"#fap-meta-69f216a7a3f47\" class=\"fap-single-track fap-track-button fap-play-button\" data-enqueue=\"no\" data-autoenqueue=\"no\" title=\"cristo e a transi\u00e7\u00e3o da terra, e o sil\u00eancio de maria\"><span class=\"fap-icon-play\"><\/span>Ouvir<\/span> <a href=\"https:\/\/www.irdin.org.br\/site\/envios\/audios\/0061_0022__por_por__cristo_e_a_transicao_da_terra_e_o_silencio_de_maria.mp3\" class=\"baixar\" download><span class=\"fa fa-arrow-down\"><\/span>Baixar<\/span><\/a> <span class=\"textobaixar\"> cristo e a transi\u00e7\u00e3o da terra, e o sil\u00eancio de maria<\/span><\/p>\n<p>&nbsp;<\/p>\n","protected":false},"excerpt":{"rendered":"<p>Chaves do trabalho durante a transi\u00e7\u00e3o da Terra \/ Amando a purifica\u00e7\u00e3o, resolvemos nossos erros, mentiras e soberba \/ Sendo<\/p>\n","protected":false},"featured_media":37803,"template":"","meta":{"_acf_changed":false},"product_brand":[],"product_cat":[18076,33068],"product_tag":[41015],"class_list":{"0":"post-83857","1":"product","2":"type-product","3":"status-publish","4":"has-post-thumbnail","6":"product_cat-cddvd","7":"product_cat-palestras","8":"product_tag-41015","9":"pa_autor-trigueirinho","10":"pa_codigo-da-serie-31868","11":"pa_codigo-externo-00610022porcd","12":"pa_data-de-gravacao-25382","13":"pa_duracao-34-min","14":"pa_idioma-de-destino-portugues","15":"pa_idioma-de-origem-portugues","16":"pa_lancamento-no","17":"pa_midia-cd","18":"pa_moac-41014","19":"pa_quantidade-de-saldo-33067","20":"pa_sequencial-da-serie-31875","21":"pa_tipo-de-traducao-nao-classificado","23":"first","24":"outofstock","25":"product-type-simple"},"acf":[],"_links":{"self":[{"href":"https:\/\/www.irdin.org.br\/site\/wp-json\/wp\/v2\/product\/83857","targetHints":{"allow":["GET"]}}],"collection":[{"href":"https:\/\/www.irdin.org.br\/site\/wp-json\/wp\/v2\/product"}],"about":[{"href":"https:\/\/www.irdin.org.br\/site\/wp-json\/wp\/v2\/types\/product"}],"version-history":[{"count":1,"href":"https:\/\/www.irdin.org.br\/site\/wp-json\/wp\/v2\/product\/83857\/revisions"}],"predecessor-version":[{"id":108429,"href":"https:\/\/www.irdin.org.br\/site\/wp-json\/wp\/v2\/product\/83857\/revisions\/108429"}],"wp:featuredmedia":[{"embeddable":true,"href":"https:\/\/www.irdin.org.br\/site\/wp-json\/wp\/v2\/media\/37803"}],"wp:attachment":[{"href":"https:\/\/www.irdin.org.br\/site\/wp-json\/wp\/v2\/media?parent=83857"}],"wp:term":[{"taxonomy":"product_brand","embeddable":true,"href":"https:\/\/www.irdin.org.br\/site\/wp-json\/wp\/v2\/product_brand?post=83857"},{"taxonomy":"product_cat","embeddable":true,"href":"https:\/\/www.irdin.org.br\/site\/wp-json\/wp\/v2\/product_cat?post=83857"},{"taxonomy":"product_tag","embeddable":true,"href":"https:\/\/www.irdin.org.br\/site\/wp-json\/wp\/v2\/product_tag?post=83857"}],"curies":[{"name":"wp","href":"https:\/\/api.w.org\/{rel}","templated":true}]}}