{"id":83860,"date":"2018-04-26T18:28:16","date_gmt":"2018-04-26T18:28:16","guid":{"rendered":"http:\/\/www.irdin.org.br\/site\/produto\/a-casa-luz-da-colina\/"},"modified":"2025-03-15T19:06:15","modified_gmt":"2025-03-15T19:06:15","slug":"a-casa-luz-da-colina","status":"publish","type":"product","link":"https:\/\/www.irdin.org.br\/site\/produtos\/a-casa-luz-da-colina\/","title":{"rendered":"A Casa Luz da Colina"},"content":{"rendered":"<p><em>A tarefa de acolher os que buscam reden\u00e7\u00e3o e a pr\u00e1tica da ora\u00e7\u00e3o contemplativa e ativa. A ora\u00e7\u00e3o como base da vida cotidiana e da unidade da vida grupal. O uso da mat\u00e9ria e da energia monet\u00e1ria sem materialismo.<\/em><\/p>\n<p>&nbsp;<br \/>\n<strong>Ou\u00e7a agora:<\/strong><\/p>\n<p><span data-href=\"https:\/\/www.irdin.org.br\/site\/envios\/audios\/0064_0002__por_por__a_casa_luz_da_colina.mp3\" data-title=\"a casa luz da colina\" data-rel=\"\" data-target=\"\" data-meta=\"#fap-meta-69e262012fb43\" class=\"fap-single-track fap-track-button fap-play-button\" data-enqueue=\"no\" data-autoenqueue=\"no\" title=\"a casa luz da colina\"><span class=\"fap-icon-play\"><\/span>Ouvir<\/span> <a href=\"https:\/\/www.irdin.org.br\/site\/envios\/audios\/0064_0002__por_por__a_casa_luz_da_colina.mp3\" class=\"baixar\" download><span class=\"fa fa-arrow-down\"><\/span>Baixar<\/span><\/a> <span class=\"textobaixar\"> a casa luz da colina<\/span><\/p>\n<p>&nbsp;<\/p>\n","protected":false},"excerpt":{"rendered":"<p>A tarefa de acolher os que buscam reden\u00e7\u00e3o e a pr\u00e1tica da ora\u00e7\u00e3o contemplativa e ativa. A ora\u00e7\u00e3o como base<\/p>\n","protected":false},"featured_media":37803,"template":"","meta":{"_acf_changed":false},"product_brand":[],"product_cat":[18076,33068],"product_tag":[41021],"class_list":{"0":"post-83860","1":"product","2":"type-product","3":"status-publish","4":"has-post-thumbnail","6":"product_cat-cddvd","7":"product_cat-palestras","8":"product_tag-41021","9":"pa_autor-trigueirinho","10":"pa_codigo-da-serie-31885","11":"pa_codigo-externo-00640002porcd","12":"pa_data-de-gravacao-25422","13":"pa_duracao-44min","14":"pa_idioma-de-destino-portugues","15":"pa_idioma-de-origem-portugues","16":"pa_lancamento-no","17":"pa_midia-cd","18":"pa_moac-41020","19":"pa_quantidade-de-saldo-33067","20":"pa_sequencial-da-serie-31878","21":"pa_tipo-de-traducao-nao-classificado","23":"first","24":"outofstock","25":"product-type-simple"},"acf":[],"_links":{"self":[{"href":"https:\/\/www.irdin.org.br\/site\/wp-json\/wp\/v2\/product\/83860","targetHints":{"allow":["GET"]}}],"collection":[{"href":"https:\/\/www.irdin.org.br\/site\/wp-json\/wp\/v2\/product"}],"about":[{"href":"https:\/\/www.irdin.org.br\/site\/wp-json\/wp\/v2\/types\/product"}],"version-history":[{"count":1,"href":"https:\/\/www.irdin.org.br\/site\/wp-json\/wp\/v2\/product\/83860\/revisions"}],"predecessor-version":[{"id":108393,"href":"https:\/\/www.irdin.org.br\/site\/wp-json\/wp\/v2\/product\/83860\/revisions\/108393"}],"wp:featuredmedia":[{"embeddable":true,"href":"https:\/\/www.irdin.org.br\/site\/wp-json\/wp\/v2\/media\/37803"}],"wp:attachment":[{"href":"https:\/\/www.irdin.org.br\/site\/wp-json\/wp\/v2\/media?parent=83860"}],"wp:term":[{"taxonomy":"product_brand","embeddable":true,"href":"https:\/\/www.irdin.org.br\/site\/wp-json\/wp\/v2\/product_brand?post=83860"},{"taxonomy":"product_cat","embeddable":true,"href":"https:\/\/www.irdin.org.br\/site\/wp-json\/wp\/v2\/product_cat?post=83860"},{"taxonomy":"product_tag","embeddable":true,"href":"https:\/\/www.irdin.org.br\/site\/wp-json\/wp\/v2\/product_tag?post=83860"}],"curies":[{"name":"wp","href":"https:\/\/api.w.org\/{rel}","templated":true}]}}