{"id":83862,"date":"2018-04-26T18:28:16","date_gmt":"2018-04-26T18:28:16","guid":{"rendered":"http:\/\/www.irdin.org.br\/site\/produto\/os-fogos-da-sintese\/"},"modified":"2025-03-15T19:06:38","modified_gmt":"2025-03-15T19:06:38","slug":"os-fogos-da-sintese","status":"publish","type":"product","link":"https:\/\/www.irdin.org.br\/site\/produtos\/os-fogos-da-sintese\/","title":{"rendered":"Os fogos da s\u00edntese"},"content":{"rendered":"<p><em>Nestes tempos de s\u00edntese, devemos transcender nossa condi\u00e7\u00e3o presente para entrarmos no Tempo Real do Universo.<\/em><\/p>\n<p>&nbsp;<br \/>\n<strong>Ou\u00e7a agora:<\/strong><\/p>\n<p><span data-href=\"https:\/\/www.irdin.org.br\/site\/envios\/audios\/0066_0002__por_por__os_fogos_da_sintese.mp3\" data-title=\"os fogos da s\u00edntese\" data-rel=\"\" data-target=\"\" data-meta=\"#fap-meta-69e28c636a898\" class=\"fap-single-track fap-track-button fap-play-button\" data-enqueue=\"no\" data-autoenqueue=\"no\" title=\"os fogos da s\u00edntese\"><span class=\"fap-icon-play\"><\/span>Ouvir<\/span> <a href=\"https:\/\/www.irdin.org.br\/site\/envios\/audios\/0066_0002__por_por__os_fogos_da_sintese.mp3\" class=\"baixar\" download><span class=\"fa fa-arrow-down\"><\/span>Baixar<\/span><\/a> <span class=\"textobaixar\"> os fogos da s\u00edntese<\/span><\/p>\n<p>&nbsp;<\/p>\n","protected":false},"excerpt":{"rendered":"<p>Nestes tempos de s\u00edntese, devemos transcender nossa condi\u00e7\u00e3o presente para entrarmos no Tempo Real do Universo. &nbsp; Ou\u00e7a agora: Baixar<\/p>\n","protected":false},"featured_media":37803,"template":"","meta":{"_acf_changed":false},"product_brand":[],"product_cat":[18076,33068],"product_tag":[41025],"class_list":{"0":"post-83862","1":"product","2":"type-product","3":"status-publish","4":"has-post-thumbnail","6":"product_cat-cddvd","7":"product_cat-palestras","8":"product_tag-41025","9":"pa_autor-trigueirinho","10":"pa_codigo-da-serie-31886","11":"pa_codigo-externo-00660002porcd","12":"pa_data-de-gravacao-25429","13":"pa_duracao-49min6s","14":"pa_idioma-de-destino-portugues","15":"pa_idioma-de-origem-portugues","16":"pa_lancamento-no","17":"pa_midia-cd","18":"pa_moac-41024","19":"pa_quantidade-de-saldo-33067","20":"pa_sequencial-da-serie-31878","21":"pa_tipo-de-traducao-nao-classificado","23":"first","24":"outofstock","25":"product-type-simple"},"acf":[],"_links":{"self":[{"href":"https:\/\/www.irdin.org.br\/site\/wp-json\/wp\/v2\/product\/83862","targetHints":{"allow":["GET"]}}],"collection":[{"href":"https:\/\/www.irdin.org.br\/site\/wp-json\/wp\/v2\/product"}],"about":[{"href":"https:\/\/www.irdin.org.br\/site\/wp-json\/wp\/v2\/types\/product"}],"version-history":[{"count":1,"href":"https:\/\/www.irdin.org.br\/site\/wp-json\/wp\/v2\/product\/83862\/revisions"}],"predecessor-version":[{"id":108395,"href":"https:\/\/www.irdin.org.br\/site\/wp-json\/wp\/v2\/product\/83862\/revisions\/108395"}],"wp:featuredmedia":[{"embeddable":true,"href":"https:\/\/www.irdin.org.br\/site\/wp-json\/wp\/v2\/media\/37803"}],"wp:attachment":[{"href":"https:\/\/www.irdin.org.br\/site\/wp-json\/wp\/v2\/media?parent=83862"}],"wp:term":[{"taxonomy":"product_brand","embeddable":true,"href":"https:\/\/www.irdin.org.br\/site\/wp-json\/wp\/v2\/product_brand?post=83862"},{"taxonomy":"product_cat","embeddable":true,"href":"https:\/\/www.irdin.org.br\/site\/wp-json\/wp\/v2\/product_cat?post=83862"},{"taxonomy":"product_tag","embeddable":true,"href":"https:\/\/www.irdin.org.br\/site\/wp-json\/wp\/v2\/product_tag?post=83862"}],"curies":[{"name":"wp","href":"https:\/\/api.w.org\/{rel}","templated":true}]}}