{"id":83863,"date":"2018-04-26T18:28:16","date_gmt":"2018-04-26T18:28:16","guid":{"rendered":"http:\/\/www.irdin.org.br\/site\/produto\/os-decaidos-e-as-energias-cosmicas-que-nos-protegem\/"},"modified":"2025-03-15T19:06:45","modified_gmt":"2025-03-15T19:06:45","slug":"os-decaidos-e-as-energias-cosmicas-que-nos-protegem","status":"publish","type":"product","link":"https:\/\/www.irdin.org.br\/site\/produtos\/os-decaidos-e-as-energias-cosmicas-que-nos-protegem\/","title":{"rendered":"Os &#8220;deca\u00eddos&#8221; e as energias c\u00f3smicas que nos protegem"},"content":{"rendered":"<p><em>Por que \u00e9 t\u00e3o importante orar. Presen\u00e7a dos deca\u00eddos\u00b4 e a liberdade que se encontra na moral profunda.                                                                                                                                                                                                                                                                                                                                                                                                                                                                                                                                                                                                                                                                                                                                                                                                                                                                                                                                                                                                                                                                                                                                                                                                                                                                                                                                                                                                                                                                                                                                                                                                                                                                                                                                                                                                                                                                                                                                                                                                                                                                                                                                                                                                                                                                                                                                                                                                                                                                                                                                                                                                                                                                                                                                                                                                                                                                                                                                                                                                                                                                                                                                                                                                                                                                                                                                                                                                                                                                                                                                                                                                                                                                                                                                                                                                                                                                                                                                                                                                                                                                                                                                                                                                             \u00b4<\/em><\/p>\n<p>&nbsp;<br \/>\n<strong>Ou\u00e7a agora:<\/strong><\/p>\n<p><span data-href=\"https:\/\/www.irdin.org.br\/site\/envios\/audios\/0066_0003__por_por__os_decaidos_e_as_energias_cosmicas_que_nos_protegem.mp3\" data-title=\"os \u00b4deca\u00eddos\u00b4 e as energias c\u00f3smicas que nos protegem\" data-rel=\"\" data-target=\"\" data-meta=\"#fap-meta-69fefa58dab4c\" class=\"fap-single-track fap-track-button fap-play-button\" data-enqueue=\"no\" data-autoenqueue=\"no\" title=\"os \u00b4deca\u00eddos\u00b4 e as energias c\u00f3smicas que nos protegem\"><span class=\"fap-icon-play\"><\/span>Ouvir<\/span> <a href=\"https:\/\/www.irdin.org.br\/site\/envios\/audios\/0066_0003__por_por__os_decaidos_e_as_energias_cosmicas_que_nos_protegem.mp3\" class=\"baixar\" download><span class=\"fa fa-arrow-down\"><\/span>Baixar<\/span><\/a> <span class=\"textobaixar\"> os \u00b4deca\u00eddos\u00b4 e as energias c\u00f3smicas que nos protegem<\/span><\/p>\n<p>&nbsp;<\/p>\n","protected":false},"excerpt":{"rendered":"<p>Por que \u00e9 t\u00e3o importante orar. Presen\u00e7a dos deca\u00eddos\u00b4 e a liberdade que se encontra na moral profunda. \u00b4 &nbsp;<\/p>\n","protected":false},"featured_media":37803,"template":"","meta":{"_acf_changed":false},"product_brand":[],"product_cat":[18076,33068],"product_tag":[41027],"class_list":{"0":"post-83863","1":"product","2":"type-product","3":"status-publish","4":"has-post-thumbnail","6":"product_cat-cddvd","7":"product_cat-palestras","8":"product_tag-41027","9":"pa_autor-trigueirinho","10":"pa_codigo-da-serie-31886","11":"pa_codigo-externo-00660003porcd","12":"pa_data-de-gravacao-25433","13":"pa_duracao-61min39s","14":"pa_idioma-de-destino-portugues","15":"pa_idioma-de-origem-portugues","16":"pa_lancamento-no","17":"pa_midia-cd","18":"pa_moac-41026","19":"pa_quantidade-de-saldo-33067","20":"pa_sequencial-da-serie-31879","21":"pa_tipo-de-traducao-nao-classificado","23":"first","24":"outofstock","25":"product-type-simple"},"acf":[],"_links":{"self":[{"href":"https:\/\/www.irdin.org.br\/site\/wp-json\/wp\/v2\/product\/83863","targetHints":{"allow":["GET"]}}],"collection":[{"href":"https:\/\/www.irdin.org.br\/site\/wp-json\/wp\/v2\/product"}],"about":[{"href":"https:\/\/www.irdin.org.br\/site\/wp-json\/wp\/v2\/types\/product"}],"version-history":[{"count":1,"href":"https:\/\/www.irdin.org.br\/site\/wp-json\/wp\/v2\/product\/83863\/revisions"}],"predecessor-version":[{"id":108396,"href":"https:\/\/www.irdin.org.br\/site\/wp-json\/wp\/v2\/product\/83863\/revisions\/108396"}],"wp:featuredmedia":[{"embeddable":true,"href":"https:\/\/www.irdin.org.br\/site\/wp-json\/wp\/v2\/media\/37803"}],"wp:attachment":[{"href":"https:\/\/www.irdin.org.br\/site\/wp-json\/wp\/v2\/media?parent=83863"}],"wp:term":[{"taxonomy":"product_brand","embeddable":true,"href":"https:\/\/www.irdin.org.br\/site\/wp-json\/wp\/v2\/product_brand?post=83863"},{"taxonomy":"product_cat","embeddable":true,"href":"https:\/\/www.irdin.org.br\/site\/wp-json\/wp\/v2\/product_cat?post=83863"},{"taxonomy":"product_tag","embeddable":true,"href":"https:\/\/www.irdin.org.br\/site\/wp-json\/wp\/v2\/product_tag?post=83863"}],"curies":[{"name":"wp","href":"https:\/\/api.w.org\/{rel}","templated":true}]}}