{"id":83867,"date":"2018-04-26T18:28:16","date_gmt":"2018-04-26T18:28:16","guid":{"rendered":"http:\/\/www.irdin.org.br\/site\/produto\/o-ato-de-sustentar\/"},"modified":"2025-03-15T19:11:12","modified_gmt":"2025-03-15T19:11:12","slug":"o-ato-de-sustentar","status":"publish","type":"product","link":"https:\/\/www.irdin.org.br\/site\/produtos\/o-ato-de-sustentar\/","title":{"rendered":"O ato de sustentar"},"content":{"rendered":"<p><em>Sustenta\u00e7\u00e3o do trabalho em diferentes n\u00edveis \/ Import\u00e2ncia dos guardi\u00e3es e vigilantes na tarefa de sustenta\u00e7\u00e3o \/ Pautas de Wuithaykon para forma\u00e7\u00e3o de seres em guarda<\/em><\/p>\n<p>&nbsp;<br \/>\n<strong>Ou\u00e7a agora:<\/strong><\/p>\n<p><span data-href=\"https:\/\/www.irdin.org.br\/site\/envios\/audios\/0066_0007__por_por__o_ato_de_sustentar.mp3\" data-title=\"o ato de sustentar\" data-rel=\"\" data-target=\"\" data-meta=\"#fap-meta-69e33c8ec59a1\" class=\"fap-single-track fap-track-button fap-play-button\" data-enqueue=\"no\" data-autoenqueue=\"no\" title=\"o ato de sustentar\"><span class=\"fap-icon-play\"><\/span>Ouvir<\/span> <a href=\"https:\/\/www.irdin.org.br\/site\/envios\/audios\/0066_0007__por_por__o_ato_de_sustentar.mp3\" class=\"baixar\" download><span class=\"fa fa-arrow-down\"><\/span>Baixar<\/span><\/a> <span class=\"textobaixar\"> o ato de sustentar<\/span><\/p>\n<p>&nbsp;<\/p>\n","protected":false},"excerpt":{"rendered":"<p>Sustenta\u00e7\u00e3o do trabalho em diferentes n\u00edveis \/ Import\u00e2ncia dos guardi\u00e3es e vigilantes na tarefa de sustenta\u00e7\u00e3o \/ Pautas de Wuithaykon<\/p>\n","protected":false},"featured_media":37803,"template":"","meta":{"_acf_changed":false},"product_brand":[],"product_cat":[18076,33068],"product_tag":[41035],"class_list":{"0":"post-83867","1":"product","2":"type-product","3":"status-publish","4":"has-post-thumbnail","6":"product_cat-cddvd","7":"product_cat-palestras","8":"product_tag-41035","9":"pa_autor-trigueirinho","10":"pa_codigo-da-serie-31886","11":"pa_codigo-externo-00660007porcd","12":"pa_data-de-gravacao-25518","13":"pa_duracao-51m13s","14":"pa_idioma-de-destino-portugues","15":"pa_idioma-de-origem-portugues","16":"pa_lancamento-no","17":"pa_midia-cd","18":"pa_moac-41034","19":"pa_quantidade-de-saldo-33067","20":"pa_sequencial-da-serie-31883","21":"pa_tipo-de-traducao-nao-classificado","23":"first","24":"outofstock","25":"product-type-simple"},"acf":[],"_links":{"self":[{"href":"https:\/\/www.irdin.org.br\/site\/wp-json\/wp\/v2\/product\/83867","targetHints":{"allow":["GET"]}}],"collection":[{"href":"https:\/\/www.irdin.org.br\/site\/wp-json\/wp\/v2\/product"}],"about":[{"href":"https:\/\/www.irdin.org.br\/site\/wp-json\/wp\/v2\/types\/product"}],"version-history":[{"count":1,"href":"https:\/\/www.irdin.org.br\/site\/wp-json\/wp\/v2\/product\/83867\/revisions"}],"predecessor-version":[{"id":108400,"href":"https:\/\/www.irdin.org.br\/site\/wp-json\/wp\/v2\/product\/83867\/revisions\/108400"}],"wp:featuredmedia":[{"embeddable":true,"href":"https:\/\/www.irdin.org.br\/site\/wp-json\/wp\/v2\/media\/37803"}],"wp:attachment":[{"href":"https:\/\/www.irdin.org.br\/site\/wp-json\/wp\/v2\/media?parent=83867"}],"wp:term":[{"taxonomy":"product_brand","embeddable":true,"href":"https:\/\/www.irdin.org.br\/site\/wp-json\/wp\/v2\/product_brand?post=83867"},{"taxonomy":"product_cat","embeddable":true,"href":"https:\/\/www.irdin.org.br\/site\/wp-json\/wp\/v2\/product_cat?post=83867"},{"taxonomy":"product_tag","embeddable":true,"href":"https:\/\/www.irdin.org.br\/site\/wp-json\/wp\/v2\/product_tag?post=83867"}],"curies":[{"name":"wp","href":"https:\/\/api.w.org\/{rel}","templated":true}]}}