{"id":83868,"date":"2018-04-26T18:28:16","date_gmt":"2018-04-26T18:28:16","guid":{"rendered":"http:\/\/www.irdin.org.br\/site\/produto\/a-oracao-tudo-pode\/"},"modified":"2025-03-15T19:11:20","modified_gmt":"2025-03-15T19:11:20","slug":"a-oracao-tudo-pode","status":"publish","type":"product","link":"https:\/\/www.irdin.org.br\/site\/produtos\/a-oracao-tudo-pode\/","title":{"rendered":"A ora\u00e7\u00e3o tudo pode"},"content":{"rendered":"<p><em>Polaridades nos monast\u00e9rios \/ Preparar-se para vida no planeta sagrado \/ Que \u00e9 templar-se? \/ Sustentar a obra da Hierarquia \/ Atribui\u00e7\u00f5es de guardi\u00e3es e vigilantes \/ Ser absorvido em ora\u00e7\u00e3o<\/em><\/p>\n<p>&nbsp;<br \/>\n<strong>Ou\u00e7a agora:<\/strong><\/p>\n<p><span data-href=\"https:\/\/www.irdin.org.br\/site\/envios\/audios\/0066_0008__por_por__a_oracao_tudo_pode.mp3\" data-title=\"a ora\u00e7\u00e3o tudo pode\" data-rel=\"\" data-target=\"\" data-meta=\"#fap-meta-69f7202e75eb7\" class=\"fap-single-track fap-track-button fap-play-button\" data-enqueue=\"no\" data-autoenqueue=\"no\" title=\"a ora\u00e7\u00e3o tudo pode\"><span class=\"fap-icon-play\"><\/span>Ouvir<\/span> <a href=\"https:\/\/www.irdin.org.br\/site\/envios\/audios\/0066_0008__por_por__a_oracao_tudo_pode.mp3\" class=\"baixar\" download><span class=\"fa fa-arrow-down\"><\/span>Baixar<\/span><\/a> <span class=\"textobaixar\"> a ora\u00e7\u00e3o tudo pode<\/span><\/p>\n<p>&nbsp;<\/p>\n","protected":false},"excerpt":{"rendered":"<p>Polaridades nos monast\u00e9rios \/ Preparar-se para vida no planeta sagrado \/ Que \u00e9 templar-se? \/ Sustentar a obra da Hierarquia<\/p>\n","protected":false},"featured_media":37803,"template":"","meta":{"_acf_changed":false},"product_brand":[],"product_cat":[18076,33068],"product_tag":[41037],"class_list":{"0":"post-83868","1":"product","2":"type-product","3":"status-publish","4":"has-post-thumbnail","6":"product_cat-cddvd","7":"product_cat-palestras","8":"product_tag-41037","9":"pa_autor-trigueirinho","10":"pa_codigo-da-serie-31886","11":"pa_codigo-externo-00660008porcd","12":"pa_data-de-gravacao-25522","13":"pa_duracao-38m57s","14":"pa_idioma-de-destino-portugues","15":"pa_idioma-de-origem-portugues","16":"pa_lancamento-no","17":"pa_midia-cd","18":"pa_moac-41036","19":"pa_quantidade-de-saldo-33067","20":"pa_sequencial-da-serie-31888","21":"pa_tipo-de-traducao-nao-classificado","23":"first","24":"outofstock","25":"product-type-simple"},"acf":[],"_links":{"self":[{"href":"https:\/\/www.irdin.org.br\/site\/wp-json\/wp\/v2\/product\/83868","targetHints":{"allow":["GET"]}}],"collection":[{"href":"https:\/\/www.irdin.org.br\/site\/wp-json\/wp\/v2\/product"}],"about":[{"href":"https:\/\/www.irdin.org.br\/site\/wp-json\/wp\/v2\/types\/product"}],"version-history":[{"count":1,"href":"https:\/\/www.irdin.org.br\/site\/wp-json\/wp\/v2\/product\/83868\/revisions"}],"predecessor-version":[{"id":108401,"href":"https:\/\/www.irdin.org.br\/site\/wp-json\/wp\/v2\/product\/83868\/revisions\/108401"}],"wp:featuredmedia":[{"embeddable":true,"href":"https:\/\/www.irdin.org.br\/site\/wp-json\/wp\/v2\/media\/37803"}],"wp:attachment":[{"href":"https:\/\/www.irdin.org.br\/site\/wp-json\/wp\/v2\/media?parent=83868"}],"wp:term":[{"taxonomy":"product_brand","embeddable":true,"href":"https:\/\/www.irdin.org.br\/site\/wp-json\/wp\/v2\/product_brand?post=83868"},{"taxonomy":"product_cat","embeddable":true,"href":"https:\/\/www.irdin.org.br\/site\/wp-json\/wp\/v2\/product_cat?post=83868"},{"taxonomy":"product_tag","embeddable":true,"href":"https:\/\/www.irdin.org.br\/site\/wp-json\/wp\/v2\/product_tag?post=83868"}],"curies":[{"name":"wp","href":"https:\/\/api.w.org\/{rel}","templated":true}]}}