{"id":83889,"date":"2018-04-26T18:28:37","date_gmt":"2018-04-26T18:28:37","guid":{"rendered":"http:\/\/www.irdin.org.br\/site\/produto\/conversas-especiais-23-palestra-no-7o-encontro-de-oracao-em-figueira\/"},"modified":"2025-03-15T19:02:48","modified_gmt":"2025-03-15T19:02:48","slug":"conversas-especiais-23-palestra-no-7o-encontro-de-oracao-em-figueira","status":"publish","type":"product","link":"https:\/\/www.irdin.org.br\/site\/produtos\/conversas-especiais-23-palestra-no-7o-encontro-de-oracao-em-figueira\/","title":{"rendered":"Conversas especiais &#8211; 23 &#8211; Palestra no 7\u00ba Encontro de Ora\u00e7\u00e3o em Figueira"},"content":{"rendered":"<p><em>Amizades \/ Atra\u00e7\u00e3o \/ Entrega e rendi\u00e7\u00e3o \/ Jesus e o n\u00e3o matar\u00e1s\u00b4 \/ Anjo da Guarda \/ P\u00e1ssaros e anjos \/ Cura em Figueira \/ Ajudas da \u00e1gua \/ Ora\u00e7\u00e3o mental \/ Raspar cabelos \/ Ter filhos? \/ Sonho com malas \/ Rumo \u00e0 consci\u00eancia superior \/ Como lidar com o tempo? \/ Consci\u00eancia cr\u00edstica \/ Grupos de Ora\u00e7\u00e3o e Servi\u00e7o \/ Transmuta\u00e7\u00e3o                                                                                                                                                                                                                                                                                                                                                                                                                                                                                                                                                                                                                                                                                                                                                                                                                                                                                                                                                                                                                                                                                                                                                                                                                                                                                                                                                                                                                                                                                                                                                                                                                                                                                                                                                                                                                                                                                                                                                                                                                                                                                                                                                                                                                                                                                                                                                                                                                                                                                                                                                                                                                                                                                                                                                                                                                                                                                                                                                                                                                                                                                                                                                                                                                                                                                                                                                                                                                                                                                                                                                                                                                                                                                                                                                                                                                                                                                                                                                                                                                                                                                              \u00b4<\/em><\/p>\n<p>&nbsp;<br \/>\n<strong>Ou\u00e7a agora:<\/strong><\/p>\n<p><span data-href=\"https:\/\/www.irdin.org.br\/site\/envios\/audios\/0068_0023__por_por__conversas_especiais_n23.mp3\" data-title=\"conversas especiais - 23\" data-rel=\"\" data-target=\"\" data-meta=\"#fap-meta-69e400f08842f\" class=\"fap-single-track fap-track-button fap-play-button\" data-enqueue=\"no\" data-autoenqueue=\"no\" title=\"conversas especiais - 23\"><span class=\"fap-icon-play\"><\/span>Ouvir<\/span> <a href=\"https:\/\/www.irdin.org.br\/site\/envios\/audios\/0068_0023__por_por__conversas_especiais_n23.mp3\" class=\"baixar\" download><span class=\"fa fa-arrow-down\"><\/span>Baixar<\/span><\/a> <span class=\"textobaixar\"> conversas especiais &#8211; 23<\/span><\/p>\n<p>&nbsp;<\/p>\n","protected":false},"excerpt":{"rendered":"<p>Amizades \/ Atra\u00e7\u00e3o \/ Entrega e rendi\u00e7\u00e3o \/ Jesus e o n\u00e3o matar\u00e1s\u00b4 \/ Anjo da Guarda \/ P\u00e1ssaros e<\/p>\n","protected":false},"featured_media":37803,"template":"","meta":{"_acf_changed":false},"product_brand":[],"product_cat":[18076,33068],"product_tag":[41079],"class_list":{"0":"post-83889","1":"product","2":"type-product","3":"status-publish","4":"has-post-thumbnail","6":"product_cat-cddvd","7":"product_cat-palestras","8":"product_tag-41079","9":"pa_autor-trigueirinho","10":"pa_codigo-da-serie-31894","11":"pa_codigo-externo-00680023porcd","12":"pa_data-de-gravacao-19740","13":"pa_duracao-53min44s","14":"pa_idioma-de-destino-portugues","15":"pa_idioma-de-origem-portugues","16":"pa_lancamento-no","17":"pa_midia-cd","18":"pa_moac-41078","19":"pa_quantidade-de-saldo-33067","20":"pa_sequencial-da-serie-31899","21":"pa_tipo-de-traducao-nao-classificado","23":"first","24":"outofstock","25":"product-type-simple"},"acf":[],"_links":{"self":[{"href":"https:\/\/www.irdin.org.br\/site\/wp-json\/wp\/v2\/product\/83889","targetHints":{"allow":["GET"]}}],"collection":[{"href":"https:\/\/www.irdin.org.br\/site\/wp-json\/wp\/v2\/product"}],"about":[{"href":"https:\/\/www.irdin.org.br\/site\/wp-json\/wp\/v2\/types\/product"}],"version-history":[{"count":1,"href":"https:\/\/www.irdin.org.br\/site\/wp-json\/wp\/v2\/product\/83889\/revisions"}],"predecessor-version":[{"id":108382,"href":"https:\/\/www.irdin.org.br\/site\/wp-json\/wp\/v2\/product\/83889\/revisions\/108382"}],"wp:featuredmedia":[{"embeddable":true,"href":"https:\/\/www.irdin.org.br\/site\/wp-json\/wp\/v2\/media\/37803"}],"wp:attachment":[{"href":"https:\/\/www.irdin.org.br\/site\/wp-json\/wp\/v2\/media?parent=83889"}],"wp:term":[{"taxonomy":"product_brand","embeddable":true,"href":"https:\/\/www.irdin.org.br\/site\/wp-json\/wp\/v2\/product_brand?post=83889"},{"taxonomy":"product_cat","embeddable":true,"href":"https:\/\/www.irdin.org.br\/site\/wp-json\/wp\/v2\/product_cat?post=83889"},{"taxonomy":"product_tag","embeddable":true,"href":"https:\/\/www.irdin.org.br\/site\/wp-json\/wp\/v2\/product_tag?post=83889"}],"curies":[{"name":"wp","href":"https:\/\/api.w.org\/{rel}","templated":true}]}}