{"id":83890,"date":"2018-04-26T18:28:37","date_gmt":"2018-04-26T18:28:37","guid":{"rendered":"http:\/\/www.irdin.org.br\/site\/produto\/conversas-especiais-24-palestra-no-7o-encontro-caminho-da-oracao-em-figueira\/"},"modified":"2025-03-15T19:04:06","modified_gmt":"2025-03-15T19:04:06","slug":"conversas-especiais-24-palestra-no-7o-encontro-caminho-da-oracao-em-figueira","status":"publish","type":"product","link":"https:\/\/www.irdin.org.br\/site\/produtos\/conversas-especiais-24-palestra-no-7o-encontro-caminho-da-oracao-em-figueira\/","title":{"rendered":"Conversas especiais &#8211; 24 &#8211; Palestra no 7\u00ba Encontro Caminho da Ora\u00e7\u00e3o em Figueira"},"content":{"rendered":"<p><em>Civiliza\u00e7\u00f5es intraterrenas n\u00e3o evolu\u00eddas \/ Abertura de portas para for\u00e7as involutivas \/ Os g\u00eameos t\u00eam o mesmo anjo? \/ Bocejos \/ Dor no cora\u00e7\u00e3o \/ Filmes de guerra \/ Alimenta\u00e7\u00e3o de animais dom\u00e9sticos \/ A cruz crist\u00e3 e a cruz de bra\u00e7os iguais \/ Evolu\u00e7\u00e3o humana de Jesus \/ Compaix\u00e3o, miseric\u00f3rdia e reden\u00e7\u00e3o \/ Adora\u00e7\u00e3o<\/em><\/p>\n<p>&nbsp;<br \/>\n<strong>Ou\u00e7a agora:<\/strong><\/p>\n<p><span data-href=\"https:\/\/www.irdin.org.br\/site\/envios\/audios\/0068_0024__por_por__conversas_especiais_n24.mp3\" data-title=\"conversas especiais - 24\" data-rel=\"\" data-target=\"\" data-meta=\"#fap-meta-69e401294cdb7\" class=\"fap-single-track fap-track-button fap-play-button\" data-enqueue=\"no\" data-autoenqueue=\"no\" title=\"conversas especiais - 24\"><span class=\"fap-icon-play\"><\/span>Ouvir<\/span> <a href=\"https:\/\/www.irdin.org.br\/site\/envios\/audios\/0068_0024__por_por__conversas_especiais_n24.mp3\" class=\"baixar\" download><span class=\"fa fa-arrow-down\"><\/span>Baixar<\/span><\/a> <span class=\"textobaixar\"> conversas especiais &#8211; 24<\/span><\/p>\n<p>&nbsp;<\/p>\n","protected":false},"excerpt":{"rendered":"<p>Civiliza\u00e7\u00f5es intraterrenas n\u00e3o evolu\u00eddas \/ Abertura de portas para for\u00e7as involutivas \/ Os g\u00eameos t\u00eam o mesmo anjo? \/ Bocejos<\/p>\n","protected":false},"featured_media":37803,"template":"","meta":{"_acf_changed":false},"product_brand":[],"product_cat":[18076,33068],"product_tag":[41081],"class_list":{"0":"post-83890","1":"product","2":"type-product","3":"status-publish","4":"has-post-thumbnail","6":"product_cat-cddvd","7":"product_cat-palestras","8":"product_tag-41081","9":"pa_autor-trigueirinho","10":"pa_codigo-da-serie-31894","11":"pa_codigo-externo-00680024porcd","12":"pa_data-de-gravacao-25630","13":"pa_duracao-49min08s","14":"pa_idioma-de-destino-portugues","15":"pa_idioma-de-origem-portugues","16":"pa_lancamento-no","17":"pa_midia-cd","18":"pa_moac-41080","19":"pa_quantidade-de-saldo-33067","20":"pa_sequencial-da-serie-31900","21":"pa_tipo-de-traducao-nao-classificado","23":"first","24":"outofstock","25":"product-type-simple"},"acf":[],"_links":{"self":[{"href":"https:\/\/www.irdin.org.br\/site\/wp-json\/wp\/v2\/product\/83890","targetHints":{"allow":["GET"]}}],"collection":[{"href":"https:\/\/www.irdin.org.br\/site\/wp-json\/wp\/v2\/product"}],"about":[{"href":"https:\/\/www.irdin.org.br\/site\/wp-json\/wp\/v2\/types\/product"}],"version-history":[{"count":1,"href":"https:\/\/www.irdin.org.br\/site\/wp-json\/wp\/v2\/product\/83890\/revisions"}],"predecessor-version":[{"id":108383,"href":"https:\/\/www.irdin.org.br\/site\/wp-json\/wp\/v2\/product\/83890\/revisions\/108383"}],"wp:featuredmedia":[{"embeddable":true,"href":"https:\/\/www.irdin.org.br\/site\/wp-json\/wp\/v2\/media\/37803"}],"wp:attachment":[{"href":"https:\/\/www.irdin.org.br\/site\/wp-json\/wp\/v2\/media?parent=83890"}],"wp:term":[{"taxonomy":"product_brand","embeddable":true,"href":"https:\/\/www.irdin.org.br\/site\/wp-json\/wp\/v2\/product_brand?post=83890"},{"taxonomy":"product_cat","embeddable":true,"href":"https:\/\/www.irdin.org.br\/site\/wp-json\/wp\/v2\/product_cat?post=83890"},{"taxonomy":"product_tag","embeddable":true,"href":"https:\/\/www.irdin.org.br\/site\/wp-json\/wp\/v2\/product_tag?post=83890"}],"curies":[{"name":"wp","href":"https:\/\/api.w.org\/{rel}","templated":true}]}}