{"id":83892,"date":"2018-04-26T18:28:37","date_gmt":"2018-04-26T18:28:37","guid":{"rendered":"http:\/\/www.irdin.org.br\/site\/produto\/conversas-especiais-26\/"},"modified":"2025-03-15T19:04:28","modified_gmt":"2025-03-15T19:04:28","slug":"conversas-especiais-26","status":"publish","type":"product","link":"https:\/\/www.irdin.org.br\/site\/produtos\/conversas-especiais-26\/","title":{"rendered":"Conversas especiais &#8211; 26"},"content":{"rendered":"<p><em>Transmuta\u00e7\u00f5es na mesma encarna\u00e7\u00e3o \/ Passagem pelo astral \/ N\u00edveis de cada plano \/ Sonho com a cruz e o rosto de Cristo \/ O ser em coma \/ Trabalho com moradores de rua \/ Mantra de Irm\u00e3 Faustina \/ O ?sim? para a luz \/ Casa Al\u00edvio do Sofrimento na It\u00e1lia \/ Trabalho consciente na Casa Luz da Colina \/ Esquecer de si \/ D\u00e9bito com povo ind\u00edgena \/ Irm\u00e3 Floresta \/ Qual o pr\u00f3ximo passo<\/em><\/p>\n<p>&nbsp;<br \/>\n<strong>Ou\u00e7a agora:<\/strong><\/p>\n<p><span data-href=\"https:\/\/www.irdin.org.br\/site\/envios\/audios\/0068_0026__por_por__conversas_especiais_n26.mp3\" data-title=\"conversas especiais - 26\" data-rel=\"\" data-target=\"\" data-meta=\"#fap-meta-69e4014323ec2\" class=\"fap-single-track fap-track-button fap-play-button\" data-enqueue=\"no\" data-autoenqueue=\"no\" title=\"conversas especiais - 26\"><span class=\"fap-icon-play\"><\/span>Ouvir<\/span> <a href=\"https:\/\/www.irdin.org.br\/site\/envios\/audios\/0068_0026__por_por__conversas_especiais_n26.mp3\" class=\"baixar\" download><span class=\"fa fa-arrow-down\"><\/span>Baixar<\/span><\/a> <span class=\"textobaixar\"> conversas especiais &#8211; 26<\/span><\/p>\n<p>&nbsp;<\/p>\n","protected":false},"excerpt":{"rendered":"<p>Transmuta\u00e7\u00f5es na mesma encarna\u00e7\u00e3o \/ Passagem pelo astral \/ N\u00edveis de cada plano \/ Sonho com a cruz e o<\/p>\n","protected":false},"featured_media":37803,"template":"","meta":{"_acf_changed":false},"product_brand":[],"product_cat":[18076,33068],"product_tag":[41085],"class_list":{"0":"post-83892","1":"product","2":"type-product","3":"status-publish","4":"has-post-thumbnail","6":"product_cat-cddvd","7":"product_cat-palestras","8":"product_tag-41085","9":"pa_autor-trigueirinho","10":"pa_codigo-da-serie-31894","11":"pa_codigo-externo-00680026porcd","12":"pa_data-de-gravacao-25638","13":"pa_duracao-57min33s","14":"pa_idioma-de-destino-portugues","15":"pa_idioma-de-origem-portugues","16":"pa_lancamento-no","17":"pa_midia-cd","18":"pa_moac-41084","19":"pa_quantidade-de-saldo-33067","20":"pa_sequencial-da-serie-31902","21":"pa_tipo-de-traducao-nao-classificado","23":"first","24":"outofstock","25":"product-type-simple"},"acf":[],"_links":{"self":[{"href":"https:\/\/www.irdin.org.br\/site\/wp-json\/wp\/v2\/product\/83892","targetHints":{"allow":["GET"]}}],"collection":[{"href":"https:\/\/www.irdin.org.br\/site\/wp-json\/wp\/v2\/product"}],"about":[{"href":"https:\/\/www.irdin.org.br\/site\/wp-json\/wp\/v2\/types\/product"}],"version-history":[{"count":1,"href":"https:\/\/www.irdin.org.br\/site\/wp-json\/wp\/v2\/product\/83892\/revisions"}],"predecessor-version":[{"id":108385,"href":"https:\/\/www.irdin.org.br\/site\/wp-json\/wp\/v2\/product\/83892\/revisions\/108385"}],"wp:featuredmedia":[{"embeddable":true,"href":"https:\/\/www.irdin.org.br\/site\/wp-json\/wp\/v2\/media\/37803"}],"wp:attachment":[{"href":"https:\/\/www.irdin.org.br\/site\/wp-json\/wp\/v2\/media?parent=83892"}],"wp:term":[{"taxonomy":"product_brand","embeddable":true,"href":"https:\/\/www.irdin.org.br\/site\/wp-json\/wp\/v2\/product_brand?post=83892"},{"taxonomy":"product_cat","embeddable":true,"href":"https:\/\/www.irdin.org.br\/site\/wp-json\/wp\/v2\/product_cat?post=83892"},{"taxonomy":"product_tag","embeddable":true,"href":"https:\/\/www.irdin.org.br\/site\/wp-json\/wp\/v2\/product_tag?post=83892"}],"curies":[{"name":"wp","href":"https:\/\/api.w.org\/{rel}","templated":true}]}}