{"id":83894,"date":"2018-04-26T18:28:37","date_gmt":"2018-04-26T18:28:37","guid":{"rendered":"http:\/\/www.irdin.org.br\/site\/produto\/conversas-especiais-28\/"},"modified":"2025-03-15T19:04:50","modified_gmt":"2025-03-15T19:04:50","slug":"conversas-especiais-28","status":"publish","type":"product","link":"https:\/\/www.irdin.org.br\/site\/produtos\/conversas-especiais-28\/","title":{"rendered":"Conversas especiais &#8211; 28"},"content":{"rendered":"<p><em>Evolu\u00e7\u00e3o e resgate de animais \/ Registros de torturas \/ Sonho com freios \/ Contato com a alma \/ Situa\u00e7\u00e3o do planeta \/ O livro Erks \/ Perda de dentes \/ Sonho com documentos \/ A cria\u00e7\u00e3o da ra\u00e7a humana \/ Mestre Morya \/ Mudan\u00e7as na personalidade \/ Uso correto das velas \/ O grupo hier\u00e1rquico ?UMA?<\/em><\/p>\n<p>&nbsp;<br \/>\n<strong>Ou\u00e7a agora:<\/strong><\/p>\n<p><span data-href=\"https:\/\/www.irdin.org.br\/site\/envios\/audios\/0068_0028__por_por__conversas_especiais_n28.mp3\" data-title=\"conversas especiais - 28\" data-rel=\"\" data-target=\"\" data-meta=\"#fap-meta-69e89972c80fb\" class=\"fap-single-track fap-track-button fap-play-button\" data-enqueue=\"no\" data-autoenqueue=\"no\" title=\"conversas especiais - 28\"><span class=\"fap-icon-play\"><\/span>Ouvir<\/span> <a href=\"https:\/\/www.irdin.org.br\/site\/envios\/audios\/0068_0028__por_por__conversas_especiais_n28.mp3\" class=\"baixar\" download><span class=\"fa fa-arrow-down\"><\/span>Baixar<\/span><\/a> <span class=\"textobaixar\"> conversas especiais &#8211; 28<\/span><\/p>\n<p>&nbsp;<\/p>\n","protected":false},"excerpt":{"rendered":"<p>Evolu\u00e7\u00e3o e resgate de animais \/ Registros de torturas \/ Sonho com freios \/ Contato com a alma \/ Situa\u00e7\u00e3o<\/p>\n","protected":false},"featured_media":37803,"template":"","meta":{"_acf_changed":false},"product_brand":[],"product_cat":[18076,33068],"product_tag":[41089],"class_list":{"0":"post-83894","1":"product","2":"type-product","3":"status-publish","4":"has-post-thumbnail","6":"product_cat-cddvd","7":"product_cat-palestras","8":"product_tag-41089","9":"pa_autor-trigueirinho","10":"pa_codigo-da-serie-31894","11":"pa_codigo-externo-00680028porcd","12":"pa_data-de-gravacao-25646","13":"pa_duracao-63min4s","14":"pa_idioma-de-destino-portugues","15":"pa_idioma-de-origem-portugues","16":"pa_lancamento-no","17":"pa_midia-cd","18":"pa_moac-41088","19":"pa_quantidade-de-saldo-33067","20":"pa_sequencial-da-serie-31904","21":"pa_tipo-de-traducao-nao-classificado","23":"first","24":"outofstock","25":"product-type-simple"},"acf":[],"_links":{"self":[{"href":"https:\/\/www.irdin.org.br\/site\/wp-json\/wp\/v2\/product\/83894","targetHints":{"allow":["GET"]}}],"collection":[{"href":"https:\/\/www.irdin.org.br\/site\/wp-json\/wp\/v2\/product"}],"about":[{"href":"https:\/\/www.irdin.org.br\/site\/wp-json\/wp\/v2\/types\/product"}],"version-history":[{"count":1,"href":"https:\/\/www.irdin.org.br\/site\/wp-json\/wp\/v2\/product\/83894\/revisions"}],"predecessor-version":[{"id":108387,"href":"https:\/\/www.irdin.org.br\/site\/wp-json\/wp\/v2\/product\/83894\/revisions\/108387"}],"wp:featuredmedia":[{"embeddable":true,"href":"https:\/\/www.irdin.org.br\/site\/wp-json\/wp\/v2\/media\/37803"}],"wp:attachment":[{"href":"https:\/\/www.irdin.org.br\/site\/wp-json\/wp\/v2\/media?parent=83894"}],"wp:term":[{"taxonomy":"product_brand","embeddable":true,"href":"https:\/\/www.irdin.org.br\/site\/wp-json\/wp\/v2\/product_brand?post=83894"},{"taxonomy":"product_cat","embeddable":true,"href":"https:\/\/www.irdin.org.br\/site\/wp-json\/wp\/v2\/product_cat?post=83894"},{"taxonomy":"product_tag","embeddable":true,"href":"https:\/\/www.irdin.org.br\/site\/wp-json\/wp\/v2\/product_tag?post=83894"}],"curies":[{"name":"wp","href":"https:\/\/api.w.org\/{rel}","templated":true}]}}