{"id":83900,"date":"2018-04-26T18:28:58","date_gmt":"2018-04-26T18:28:58","guid":{"rendered":"http:\/\/www.irdin.org.br\/site\/produto\/conversas-especiais-34\/"},"modified":"2025-03-15T18:56:42","modified_gmt":"2025-03-15T18:56:42","slug":"conversas-especiais-34","status":"publish","type":"product","link":"https:\/\/www.irdin.org.br\/site\/produtos\/conversas-especiais-34\/","title":{"rendered":"Conversas especiais &#8211; 34"},"content":{"rendered":"<p><em>Aniuk, Lis e a forma\u00e7\u00e3o de seres Espelho \/ Psican\u00e1lise e psicologia \/ Organizar-se \/ Como colaborar para a paz? \/ O que \u00e9 o sonho? \/ Sonho premonitor \/ O uso de velas \/ Ado\u00e7\u00e3o de crian\u00e7as por Figueira<\/em><\/p>\n<p>&nbsp;<br \/>\n<strong>Ou\u00e7a agora:<\/strong><\/p>\n<p><span data-href=\"https:\/\/www.irdin.org.br\/site\/envios\/audios\/0068_0034__por_por__conversas_especiais_n34.mp3\" data-title=\"conversas especiais - 34\" data-rel=\"\" data-target=\"\" data-meta=\"#fap-meta-69e3e9ac54887\" class=\"fap-single-track fap-track-button fap-play-button\" data-enqueue=\"no\" data-autoenqueue=\"no\" title=\"conversas especiais - 34\"><span class=\"fap-icon-play\"><\/span>Ouvir<\/span> <a href=\"https:\/\/www.irdin.org.br\/site\/envios\/audios\/0068_0034__por_por__conversas_especiais_n34.mp3\" class=\"baixar\" download><span class=\"fa fa-arrow-down\"><\/span>Baixar<\/span><\/a> <span class=\"textobaixar\"> conversas especiais &#8211; 34<\/span><\/p>\n<p>&nbsp;<\/p>\n","protected":false},"excerpt":{"rendered":"<p>Aniuk, Lis e a forma\u00e7\u00e3o de seres Espelho \/ Psican\u00e1lise e psicologia \/ Organizar-se \/ Como colaborar para a paz?<\/p>\n","protected":false},"featured_media":37803,"template":"","meta":{"_acf_changed":false},"product_brand":[],"product_cat":[18076,33068],"product_tag":[41101],"class_list":{"0":"post-83900","1":"product","2":"type-product","3":"status-publish","4":"has-post-thumbnail","6":"product_cat-cddvd","7":"product_cat-palestras","8":"product_tag-41101","9":"pa_autor-trigueirinho","10":"pa_codigo-da-serie-31894","11":"pa_codigo-externo-00680034porcd","12":"pa_data-de-gravacao-25670","13":"pa_duracao-34min22s","14":"pa_idioma-de-destino-portugues","15":"pa_idioma-de-origem-portugues","16":"pa_lancamento-no","17":"pa_midia-cd","18":"pa_moac-41100","19":"pa_quantidade-de-saldo-33067","20":"pa_sequencial-da-serie-31910","21":"pa_tipo-de-traducao-nao-classificado","23":"first","24":"outofstock","25":"product-type-simple"},"acf":[],"_links":{"self":[{"href":"https:\/\/www.irdin.org.br\/site\/wp-json\/wp\/v2\/product\/83900","targetHints":{"allow":["GET"]}}],"collection":[{"href":"https:\/\/www.irdin.org.br\/site\/wp-json\/wp\/v2\/product"}],"about":[{"href":"https:\/\/www.irdin.org.br\/site\/wp-json\/wp\/v2\/types\/product"}],"version-history":[{"count":1,"href":"https:\/\/www.irdin.org.br\/site\/wp-json\/wp\/v2\/product\/83900\/revisions"}],"predecessor-version":[{"id":108353,"href":"https:\/\/www.irdin.org.br\/site\/wp-json\/wp\/v2\/product\/83900\/revisions\/108353"}],"wp:featuredmedia":[{"embeddable":true,"href":"https:\/\/www.irdin.org.br\/site\/wp-json\/wp\/v2\/media\/37803"}],"wp:attachment":[{"href":"https:\/\/www.irdin.org.br\/site\/wp-json\/wp\/v2\/media?parent=83900"}],"wp:term":[{"taxonomy":"product_brand","embeddable":true,"href":"https:\/\/www.irdin.org.br\/site\/wp-json\/wp\/v2\/product_brand?post=83900"},{"taxonomy":"product_cat","embeddable":true,"href":"https:\/\/www.irdin.org.br\/site\/wp-json\/wp\/v2\/product_cat?post=83900"},{"taxonomy":"product_tag","embeddable":true,"href":"https:\/\/www.irdin.org.br\/site\/wp-json\/wp\/v2\/product_tag?post=83900"}],"curies":[{"name":"wp","href":"https:\/\/api.w.org\/{rel}","templated":true}]}}