{"id":83914,"date":"2018-04-26T18:28:58","date_gmt":"2018-04-26T18:28:58","guid":{"rendered":"http:\/\/www.irdin.org.br\/site\/produto\/conversas-especiais-48\/"},"modified":"2025-03-15T18:59:26","modified_gmt":"2025-03-15T18:59:26","slug":"conversas-especiais-48","status":"publish","type":"product","link":"https:\/\/www.irdin.org.br\/site\/produtos\/conversas-especiais-48\/","title":{"rendered":"Conversas especiais &#8211; 48"},"content":{"rendered":"<p><em>Desperd\u00edcios e carma \/ Mantralizar a servi\u00e7o \/ Aspirar \u00e0 vida nova \/ Os raios e as crian\u00e7as \/ Como lidar com d\u00edvidas? \/ Trabalhar por dinheiro \/ Posi\u00e7\u00e3o adequada \/ Almas em servi\u00e7o \/ Prop\u00f3sito dos monast\u00e9rios e centros planet\u00e1rios \/ Do ego aos raios imateriais<\/em><\/p>\n<p>&nbsp;<br \/>\n<strong>Ou\u00e7a agora:<\/strong><\/p>\n<p><span data-href=\"https:\/\/www.irdin.org.br\/site\/envios\/audios\/0068_0048__por_por__conversas_especiais_n48.mp3\" data-title=\"conversas especiais - 48\" data-rel=\"\" data-target=\"\" data-meta=\"#fap-meta-69e3e9e9eecae\" class=\"fap-single-track fap-track-button fap-play-button\" data-enqueue=\"no\" data-autoenqueue=\"no\" title=\"conversas especiais - 48\"><span class=\"fap-icon-play\"><\/span>Ouvir<\/span> <a href=\"https:\/\/www.irdin.org.br\/site\/envios\/audios\/0068_0048__por_por__conversas_especiais_n48.mp3\" class=\"baixar\" download><span class=\"fa fa-arrow-down\"><\/span>Baixar<\/span><\/a> <span class=\"textobaixar\"> conversas especiais &#8211; 48<\/span><\/p>\n<p>&nbsp;<\/p>\n","protected":false},"excerpt":{"rendered":"<p>Desperd\u00edcios e carma \/ Mantralizar a servi\u00e7o \/ Aspirar \u00e0 vida nova \/ Os raios e as crian\u00e7as \/ Como<\/p>\n","protected":false},"featured_media":37803,"template":"","meta":{"_acf_changed":false},"product_brand":[],"product_cat":[18076,33068],"product_tag":[41129],"class_list":{"0":"post-83914","1":"product","2":"type-product","3":"status-publish","4":"has-post-thumbnail","6":"product_cat-cddvd","7":"product_cat-palestras","8":"product_tag-41129","9":"pa_autor-trigueirinho","10":"pa_codigo-da-serie-31894","11":"pa_codigo-externo-00680048porcd","12":"pa_data-de-gravacao-25894","13":"pa_duracao-1h01m07s","14":"pa_idioma-de-destino-portugues","15":"pa_idioma-de-origem-portugues","16":"pa_lancamento-no","17":"pa_midia-cd","18":"pa_moac-41128","19":"pa_quantidade-de-saldo-33067","20":"pa_sequencial-da-serie-31924","21":"pa_tipo-de-traducao-nao-classificado","23":"first","24":"outofstock","25":"product-type-simple"},"acf":[],"_links":{"self":[{"href":"https:\/\/www.irdin.org.br\/site\/wp-json\/wp\/v2\/product\/83914","targetHints":{"allow":["GET"]}}],"collection":[{"href":"https:\/\/www.irdin.org.br\/site\/wp-json\/wp\/v2\/product"}],"about":[{"href":"https:\/\/www.irdin.org.br\/site\/wp-json\/wp\/v2\/types\/product"}],"version-history":[{"count":1,"href":"https:\/\/www.irdin.org.br\/site\/wp-json\/wp\/v2\/product\/83914\/revisions"}],"predecessor-version":[{"id":108367,"href":"https:\/\/www.irdin.org.br\/site\/wp-json\/wp\/v2\/product\/83914\/revisions\/108367"}],"wp:featuredmedia":[{"embeddable":true,"href":"https:\/\/www.irdin.org.br\/site\/wp-json\/wp\/v2\/media\/37803"}],"wp:attachment":[{"href":"https:\/\/www.irdin.org.br\/site\/wp-json\/wp\/v2\/media?parent=83914"}],"wp:term":[{"taxonomy":"product_brand","embeddable":true,"href":"https:\/\/www.irdin.org.br\/site\/wp-json\/wp\/v2\/product_brand?post=83914"},{"taxonomy":"product_cat","embeddable":true,"href":"https:\/\/www.irdin.org.br\/site\/wp-json\/wp\/v2\/product_cat?post=83914"},{"taxonomy":"product_tag","embeddable":true,"href":"https:\/\/www.irdin.org.br\/site\/wp-json\/wp\/v2\/product_tag?post=83914"}],"curies":[{"name":"wp","href":"https:\/\/api.w.org\/{rel}","templated":true}]}}