{"id":83917,"date":"2018-04-26T18:28:58","date_gmt":"2018-04-26T18:28:58","guid":{"rendered":"http:\/\/www.irdin.org.br\/site\/produto\/conversas-especiais-51\/"},"modified":"2025-03-15T19:00:08","modified_gmt":"2025-03-15T19:00:08","slug":"conversas-especiais-51","status":"publish","type":"product","link":"https:\/\/www.irdin.org.br\/site\/produtos\/conversas-especiais-51\/","title":{"rendered":"Conversas especiais &#8211; 51"},"content":{"rendered":"<p><em>Os 24 Anci\u00e3os \/ Ora\u00e7\u00e3o, medita\u00e7\u00e3o e contempla\u00e7\u00e3o \/ Jesus e a reden\u00e7\u00e3o do planeta \/ Experi\u00eancias durante ora\u00e7\u00e3o \/ Ossos quebrados \/ Sinais do novo c\u00f3digo gen\u00e9tico \/ Miseric\u00f3rdia e al\u00edvio do carma \/ Nome c\u00f3smico \/ Cidades hist\u00f3ricas e sofrimento<\/em><\/p>\n<p>&nbsp;<br \/>\n<strong>Ou\u00e7a agora:<\/strong><\/p>\n<p><span data-href=\"https:\/\/www.irdin.org.br\/site\/envios\/audios\/0068_0051__por_por__conversas_especiais_n51.mp3\" data-title=\"conversas especiais - 51\" data-rel=\"\" data-target=\"\" data-meta=\"#fap-meta-69e88c40159da\" class=\"fap-single-track fap-track-button fap-play-button\" data-enqueue=\"no\" data-autoenqueue=\"no\" title=\"conversas especiais - 51\"><span class=\"fap-icon-play\"><\/span>Ouvir<\/span> <a href=\"https:\/\/www.irdin.org.br\/site\/envios\/audios\/0068_0051__por_por__conversas_especiais_n51.mp3\" class=\"baixar\" download><span class=\"fa fa-arrow-down\"><\/span>Baixar<\/span><\/a> <span class=\"textobaixar\"> conversas especiais &#8211; 51<\/span><\/p>\n<p>&nbsp;<\/p>\n","protected":false},"excerpt":{"rendered":"<p>Os 24 Anci\u00e3os \/ Ora\u00e7\u00e3o, medita\u00e7\u00e3o e contempla\u00e7\u00e3o \/ Jesus e a reden\u00e7\u00e3o do planeta \/ Experi\u00eancias durante ora\u00e7\u00e3o \/<\/p>\n","protected":false},"featured_media":37803,"template":"","meta":{"_acf_changed":false},"product_brand":[],"product_cat":[18076,33068],"product_tag":[41135],"class_list":{"0":"post-83917","1":"product","2":"type-product","3":"status-publish","4":"has-post-thumbnail","6":"product_cat-cddvd","7":"product_cat-palestras","8":"product_tag-41135","9":"pa_autor-trigueirinho","10":"pa_codigo-da-serie-31894","11":"pa_codigo-externo-00680051porcd","12":"pa_data-de-gravacao-25906","13":"pa_duracao-43min05s","14":"pa_idioma-de-destino-portugues","15":"pa_idioma-de-origem-portugues","16":"pa_lancamento-no","17":"pa_midia-cd","18":"pa_moac-41134","19":"pa_quantidade-de-saldo-33067","20":"pa_sequencial-da-serie-31927","21":"pa_tipo-de-traducao-nao-classificado","23":"first","24":"outofstock","25":"product-type-simple"},"acf":[],"_links":{"self":[{"href":"https:\/\/www.irdin.org.br\/site\/wp-json\/wp\/v2\/product\/83917","targetHints":{"allow":["GET"]}}],"collection":[{"href":"https:\/\/www.irdin.org.br\/site\/wp-json\/wp\/v2\/product"}],"about":[{"href":"https:\/\/www.irdin.org.br\/site\/wp-json\/wp\/v2\/types\/product"}],"version-history":[{"count":1,"href":"https:\/\/www.irdin.org.br\/site\/wp-json\/wp\/v2\/product\/83917\/revisions"}],"predecessor-version":[{"id":108370,"href":"https:\/\/www.irdin.org.br\/site\/wp-json\/wp\/v2\/product\/83917\/revisions\/108370"}],"wp:featuredmedia":[{"embeddable":true,"href":"https:\/\/www.irdin.org.br\/site\/wp-json\/wp\/v2\/media\/37803"}],"wp:attachment":[{"href":"https:\/\/www.irdin.org.br\/site\/wp-json\/wp\/v2\/media?parent=83917"}],"wp:term":[{"taxonomy":"product_brand","embeddable":true,"href":"https:\/\/www.irdin.org.br\/site\/wp-json\/wp\/v2\/product_brand?post=83917"},{"taxonomy":"product_cat","embeddable":true,"href":"https:\/\/www.irdin.org.br\/site\/wp-json\/wp\/v2\/product_cat?post=83917"},{"taxonomy":"product_tag","embeddable":true,"href":"https:\/\/www.irdin.org.br\/site\/wp-json\/wp\/v2\/product_tag?post=83917"}],"curies":[{"name":"wp","href":"https:\/\/api.w.org\/{rel}","templated":true}]}}