{"id":83918,"date":"2018-04-26T18:29:18","date_gmt":"2018-04-26T18:29:18","guid":{"rendered":"http:\/\/www.irdin.org.br\/site\/produto\/conversas-especiais-52-palestra-no-8o-encontro-do-caminho-da-oracao\/"},"modified":"2025-03-15T18:52:20","modified_gmt":"2025-03-15T18:52:20","slug":"conversas-especiais-52-palestra-no-8o-encontro-do-caminho-da-oracao","status":"publish","type":"product","link":"https:\/\/www.irdin.org.br\/site\/produtos\/conversas-especiais-52-palestra-no-8o-encontro-do-caminho-da-oracao\/","title":{"rendered":"Conversas especiais &#8211; 52 &#8211; Palestra no 8\u00ba Encontro do Caminho da Ora\u00e7\u00e3o"},"content":{"rendered":"<p><em>Shambhala hoje \/ Mission\u00e1rios no Nepal \/ Sobre a desencarna\u00e7\u00e3o \/ Nos dias de escurid\u00e3o \/ Encontrar a paz \/ Somos pecadores? \/ Contatar o \u00danico \/ F\u00e9 e esperan\u00e7a \/ Terceira guerra iminente \/ Adapta\u00e7\u00e3o dos corpos \/ Uni\u00e3o nas ora\u00e7\u00f5es \/ Os anjos conosco \/ Ora\u00e7\u00e3o e vig\u00edlia permanente\/Por que estamos aqui? \/ Deserto de Gobi<\/em><\/p>\n<p>&nbsp;<br \/>\n<strong>Ou\u00e7a agora:<\/strong><\/p>\n<p><span data-href=\"https:\/\/www.irdin.org.br\/site\/envios\/audios\/0068_0052__por_por__conversas_especiais_n52.mp3\" data-title=\"conversas especiais - 52\" data-rel=\"\" data-target=\"\" data-meta=\"#fap-meta-69e3ef17bce79\" class=\"fap-single-track fap-track-button fap-play-button\" data-enqueue=\"no\" data-autoenqueue=\"no\" title=\"conversas especiais - 52\"><span class=\"fap-icon-play\"><\/span>Ouvir<\/span> <a href=\"https:\/\/www.irdin.org.br\/site\/envios\/audios\/0068_0052__por_por__conversas_especiais_n52.mp3\" class=\"baixar\" download><span class=\"fa fa-arrow-down\"><\/span>Baixar<\/span><\/a> <span class=\"textobaixar\"> conversas especiais &#8211; 52<\/span><\/p>\n<p>&nbsp;<\/p>\n","protected":false},"excerpt":{"rendered":"<p>Shambhala hoje \/ Mission\u00e1rios no Nepal \/ Sobre a desencarna\u00e7\u00e3o \/ Nos dias de escurid\u00e3o \/ Encontrar a paz \/<\/p>\n","protected":false},"featured_media":37803,"template":"","meta":{"_acf_changed":false},"product_brand":[],"product_cat":[18076,33068],"product_tag":[41137],"class_list":{"0":"post-83918","1":"product","2":"type-product","3":"status-publish","4":"has-post-thumbnail","6":"product_cat-cddvd","7":"product_cat-palestras","8":"product_tag-41137","9":"pa_autor-trigueirinho","10":"pa_codigo-da-serie-31894","11":"pa_codigo-externo-00680052porcd","12":"pa_data-de-gravacao-19770","13":"pa_duracao-1h05m30s","14":"pa_idioma-de-destino-portugues","15":"pa_idioma-de-origem-portugues","16":"pa_lancamento-no","17":"pa_midia-cd","18":"pa_moac-41136","19":"pa_quantidade-de-saldo-33067","20":"pa_sequencial-da-serie-31928","21":"pa_tipo-de-traducao-nao-classificado","23":"first","24":"outofstock","25":"product-type-simple"},"acf":[],"_links":{"self":[{"href":"https:\/\/www.irdin.org.br\/site\/wp-json\/wp\/v2\/product\/83918","targetHints":{"allow":["GET"]}}],"collection":[{"href":"https:\/\/www.irdin.org.br\/site\/wp-json\/wp\/v2\/product"}],"about":[{"href":"https:\/\/www.irdin.org.br\/site\/wp-json\/wp\/v2\/types\/product"}],"version-history":[{"count":2,"href":"https:\/\/www.irdin.org.br\/site\/wp-json\/wp\/v2\/product\/83918\/revisions"}],"predecessor-version":[{"id":108332,"href":"https:\/\/www.irdin.org.br\/site\/wp-json\/wp\/v2\/product\/83918\/revisions\/108332"}],"wp:featuredmedia":[{"embeddable":true,"href":"https:\/\/www.irdin.org.br\/site\/wp-json\/wp\/v2\/media\/37803"}],"wp:attachment":[{"href":"https:\/\/www.irdin.org.br\/site\/wp-json\/wp\/v2\/media?parent=83918"}],"wp:term":[{"taxonomy":"product_brand","embeddable":true,"href":"https:\/\/www.irdin.org.br\/site\/wp-json\/wp\/v2\/product_brand?post=83918"},{"taxonomy":"product_cat","embeddable":true,"href":"https:\/\/www.irdin.org.br\/site\/wp-json\/wp\/v2\/product_cat?post=83918"},{"taxonomy":"product_tag","embeddable":true,"href":"https:\/\/www.irdin.org.br\/site\/wp-json\/wp\/v2\/product_tag?post=83918"}],"curies":[{"name":"wp","href":"https:\/\/api.w.org\/{rel}","templated":true}]}}