{"id":83920,"date":"2018-04-26T18:29:18","date_gmt":"2018-04-26T18:29:18","guid":{"rendered":"http:\/\/www.irdin.org.br\/site\/produto\/conversas-especiais-54\/"},"modified":"2025-03-15T18:52:36","modified_gmt":"2025-03-15T18:52:36","slug":"conversas-especiais-54","status":"publish","type":"product","link":"https:\/\/www.irdin.org.br\/site\/produtos\/conversas-especiais-54\/","title":{"rendered":"Conversas especiais &#8211; 54"},"content":{"rendered":"<p><em>Orar sinceramente \/ Formas de peregrinar \/ A m\u00f4nada e a maturidade do ser \/ Viver a lei do amor \/ Comunh\u00e3o individual e grupal \/ Imagens e seitas \/ Reflex\u00f5es da M\u00e3e do Ashram sobre o servi\u00e7o \/ Que \u00e9 caridade? \/ Mainhdra e a \u00c1frica<\/em><\/p>\n<p>&nbsp;<br \/>\n<strong>Ou\u00e7a agora:<\/strong><\/p>\n<p><span data-href=\"https:\/\/www.irdin.org.br\/site\/envios\/audios\/0068_0054__por_por__conversas_especiais_n54.mp3\" data-title=\"conversas especiais - 54\" data-rel=\"\" data-target=\"\" data-meta=\"#fap-meta-69e3ef42d492e\" class=\"fap-single-track fap-track-button fap-play-button\" data-enqueue=\"no\" data-autoenqueue=\"no\" title=\"conversas especiais - 54\"><span class=\"fap-icon-play\"><\/span>Ouvir<\/span> <a href=\"https:\/\/www.irdin.org.br\/site\/envios\/audios\/0068_0054__por_por__conversas_especiais_n54.mp3\" class=\"baixar\" download><span class=\"fa fa-arrow-down\"><\/span>Baixar<\/span><\/a> <span class=\"textobaixar\"> conversas especiais &#8211; 54<\/span><\/p>\n<p>&nbsp;<\/p>\n","protected":false},"excerpt":{"rendered":"<p>Orar sinceramente \/ Formas de peregrinar \/ A m\u00f4nada e a maturidade do ser \/ Viver a lei do amor<\/p>\n","protected":false},"featured_media":37803,"template":"","meta":{"_acf_changed":false},"product_brand":[],"product_cat":[18076,33068],"product_tag":[41141],"class_list":{"0":"post-83920","1":"product","2":"type-product","3":"status-publish","4":"has-post-thumbnail","6":"product_cat-cddvd","7":"product_cat-palestras","8":"product_tag-41141","9":"pa_autor-trigueirinho","10":"pa_codigo-da-serie-31894","11":"pa_codigo-externo-00680054porcd","12":"pa_data-de-gravacao-25917","13":"pa_duracao-1h03m05s","14":"pa_idioma-de-destino-portugues","15":"pa_idioma-de-origem-portugues","16":"pa_lancamento-no","17":"pa_midia-cd","18":"pa_moac-41140","19":"pa_quantidade-de-saldo-33067","20":"pa_sequencial-da-serie-31930","21":"pa_tipo-de-traducao-nao-classificado","23":"first","24":"outofstock","25":"product-type-simple"},"acf":[],"_links":{"self":[{"href":"https:\/\/www.irdin.org.br\/site\/wp-json\/wp\/v2\/product\/83920","targetHints":{"allow":["GET"]}}],"collection":[{"href":"https:\/\/www.irdin.org.br\/site\/wp-json\/wp\/v2\/product"}],"about":[{"href":"https:\/\/www.irdin.org.br\/site\/wp-json\/wp\/v2\/types\/product"}],"version-history":[{"count":1,"href":"https:\/\/www.irdin.org.br\/site\/wp-json\/wp\/v2\/product\/83920\/revisions"}],"predecessor-version":[{"id":108334,"href":"https:\/\/www.irdin.org.br\/site\/wp-json\/wp\/v2\/product\/83920\/revisions\/108334"}],"wp:featuredmedia":[{"embeddable":true,"href":"https:\/\/www.irdin.org.br\/site\/wp-json\/wp\/v2\/media\/37803"}],"wp:attachment":[{"href":"https:\/\/www.irdin.org.br\/site\/wp-json\/wp\/v2\/media?parent=83920"}],"wp:term":[{"taxonomy":"product_brand","embeddable":true,"href":"https:\/\/www.irdin.org.br\/site\/wp-json\/wp\/v2\/product_brand?post=83920"},{"taxonomy":"product_cat","embeddable":true,"href":"https:\/\/www.irdin.org.br\/site\/wp-json\/wp\/v2\/product_cat?post=83920"},{"taxonomy":"product_tag","embeddable":true,"href":"https:\/\/www.irdin.org.br\/site\/wp-json\/wp\/v2\/product_tag?post=83920"}],"curies":[{"name":"wp","href":"https:\/\/api.w.org\/{rel}","templated":true}]}}