{"id":83928,"date":"2018-04-26T18:29:18","date_gmt":"2018-04-26T18:29:18","guid":{"rendered":"http:\/\/www.irdin.org.br\/site\/produto\/conversas-especiais-64\/"},"modified":"2025-03-15T18:54:16","modified_gmt":"2025-03-15T18:54:16","slug":"conversas-especiais-64","status":"publish","type":"product","link":"https:\/\/www.irdin.org.br\/site\/produtos\/conversas-especiais-64\/","title":{"rendered":"Conversas Especiais &#8211; 64"},"content":{"rendered":"<p><em>Dons do Esp\u00edrito \/ Papel dos chamados Gurus \/ Transmuta\u00e7\u00e3o animal \/ Atributos da M\u00e3e Universal \/ Estarmos entregues ao livre-arb\u00edtrio \/ O eterno e o temporal \/ For\u00e7as antag\u00f4nicas \/ A M\u00e3e Universal nos acompanhar\u00e1 durante a transi\u00e7\u00e3o<\/em><\/p>\n<p>&nbsp;<br \/>\n<strong>Ou\u00e7a agora:<\/strong><\/p>\n<p><span data-href=\"https:\/\/www.irdin.org.br\/site\/envios\/audios\/0068_0064__por_por__conversas_especiais_n64.mp3\" data-title=\"conversas especiais - 64\" data-rel=\"\" data-target=\"\" data-meta=\"#fap-meta-69e2fadec828b\" class=\"fap-single-track fap-track-button fap-play-button\" data-enqueue=\"no\" data-autoenqueue=\"no\" title=\"conversas especiais - 64\"><span class=\"fap-icon-play\"><\/span>Ouvir<\/span> <a href=\"https:\/\/www.irdin.org.br\/site\/envios\/audios\/0068_0064__por_por__conversas_especiais_n64.mp3\" class=\"baixar\" download><span class=\"fa fa-arrow-down\"><\/span>Baixar<\/span><\/a> <span class=\"textobaixar\"> conversas especiais &#8211; 64<\/span><\/p>\n<p>&nbsp;<\/p>\n","protected":false},"excerpt":{"rendered":"<p>Dons do Esp\u00edrito \/ Papel dos chamados Gurus \/ Transmuta\u00e7\u00e3o animal \/ Atributos da M\u00e3e Universal \/ Estarmos entregues ao<\/p>\n","protected":false},"featured_media":37803,"template":"","meta":{"_acf_changed":false},"product_brand":[],"product_cat":[18076,33068],"product_tag":[41157],"class_list":{"0":"post-83928","1":"product","2":"type-product","3":"status-publish","4":"has-post-thumbnail","6":"product_cat-cddvd","7":"product_cat-palestras","8":"product_tag-41157","9":"pa_autor-trigueirinho","10":"pa_codigo-da-serie-31894","11":"pa_codigo-externo-00680064porcd","12":"pa_data-de-gravacao-25952","13":"pa_duracao-33m57","14":"pa_idioma-de-destino-portugues","15":"pa_idioma-de-origem-portugues","16":"pa_lancamento-no","17":"pa_midia-cd","18":"pa_moac-41156","19":"pa_quantidade-de-saldo-33067","20":"pa_sequencial-da-serie-31939","21":"pa_tipo-de-traducao-nao-classificado","23":"first","24":"outofstock","25":"product-type-simple"},"acf":[],"_links":{"self":[{"href":"https:\/\/www.irdin.org.br\/site\/wp-json\/wp\/v2\/product\/83928","targetHints":{"allow":["GET"]}}],"collection":[{"href":"https:\/\/www.irdin.org.br\/site\/wp-json\/wp\/v2\/product"}],"about":[{"href":"https:\/\/www.irdin.org.br\/site\/wp-json\/wp\/v2\/types\/product"}],"version-history":[{"count":1,"href":"https:\/\/www.irdin.org.br\/site\/wp-json\/wp\/v2\/product\/83928\/revisions"}],"predecessor-version":[{"id":108342,"href":"https:\/\/www.irdin.org.br\/site\/wp-json\/wp\/v2\/product\/83928\/revisions\/108342"}],"wp:featuredmedia":[{"embeddable":true,"href":"https:\/\/www.irdin.org.br\/site\/wp-json\/wp\/v2\/media\/37803"}],"wp:attachment":[{"href":"https:\/\/www.irdin.org.br\/site\/wp-json\/wp\/v2\/media?parent=83928"}],"wp:term":[{"taxonomy":"product_brand","embeddable":true,"href":"https:\/\/www.irdin.org.br\/site\/wp-json\/wp\/v2\/product_brand?post=83928"},{"taxonomy":"product_cat","embeddable":true,"href":"https:\/\/www.irdin.org.br\/site\/wp-json\/wp\/v2\/product_cat?post=83928"},{"taxonomy":"product_tag","embeddable":true,"href":"https:\/\/www.irdin.org.br\/site\/wp-json\/wp\/v2\/product_tag?post=83928"}],"curies":[{"name":"wp","href":"https:\/\/api.w.org\/{rel}","templated":true}]}}