{"id":83929,"date":"2018-04-26T18:29:18","date_gmt":"2018-04-26T18:29:18","guid":{"rendered":"http:\/\/www.irdin.org.br\/site\/produto\/conversas-especiais-65\/"},"modified":"2025-03-15T18:54:25","modified_gmt":"2025-03-15T18:54:25","slug":"conversas-especiais-65","status":"publish","type":"product","link":"https:\/\/www.irdin.org.br\/site\/produtos\/conversas-especiais-65\/","title":{"rendered":"Conversas Especiais &#8211; 65"},"content":{"rendered":"<p><em>Entre outros temas: Manifesta\u00e7\u00e3o de consci\u00eancias &#8211; nave \/ Entrega a Deus \/ Alice Bailey, Helena Blavatsky, Helena Roerich e o trabalho da energia feminina no planeta \/ Habilidade no trato com as for\u00e7as involutivas \/ Nossa atitude durante os momentos agudos da transi\u00e7\u00e3o planet\u00e1ria \/ Arte de viver em Figueira<\/em><\/p>\n<p>&nbsp;<br \/>\n<strong>Ou\u00e7a agora:<\/strong><\/p>\n<p><span data-href=\"https:\/\/www.irdin.org.br\/site\/envios\/audios\/0068_0065__por_por__conversas_especiais_n65.mp3\" data-title=\"conversas especiais - 65\" data-rel=\"\" data-target=\"\" data-meta=\"#fap-meta-69e313aa9ac75\" class=\"fap-single-track fap-track-button fap-play-button\" data-enqueue=\"no\" data-autoenqueue=\"no\" title=\"conversas especiais - 65\"><span class=\"fap-icon-play\"><\/span>Ouvir<\/span> <a href=\"https:\/\/www.irdin.org.br\/site\/envios\/audios\/0068_0065__por_por__conversas_especiais_n65.mp3\" class=\"baixar\" download><span class=\"fa fa-arrow-down\"><\/span>Baixar<\/span><\/a> <span class=\"textobaixar\"> conversas especiais &#8211; 65<\/span><\/p>\n<p>&nbsp;<\/p>\n","protected":false},"excerpt":{"rendered":"<p>Entre outros temas: Manifesta\u00e7\u00e3o de consci\u00eancias &#8211; nave \/ Entrega a Deus \/ Alice Bailey, Helena Blavatsky, Helena Roerich e<\/p>\n","protected":false},"featured_media":37803,"template":"","meta":{"_acf_changed":false},"product_brand":[],"product_cat":[18076,33068],"product_tag":[41159],"class_list":{"0":"post-83929","1":"product","2":"type-product","3":"status-publish","4":"has-post-thumbnail","6":"product_cat-cddvd","7":"product_cat-palestras","8":"product_tag-41159","9":"pa_autor-trigueirinho","10":"pa_codigo-da-serie-31894","11":"pa_codigo-externo-00680065porcd","12":"pa_data-de-gravacao-25956","13":"pa_duracao-57min30s","14":"pa_idioma-de-destino-portugues","15":"pa_idioma-de-origem-portugues","16":"pa_lancamento-no","17":"pa_midia-cd","18":"pa_moac-41158","19":"pa_quantidade-de-saldo-33067","20":"pa_sequencial-da-serie-31940","21":"pa_tipo-de-traducao-nao-classificado","23":"first","24":"outofstock","25":"product-type-simple"},"acf":[],"_links":{"self":[{"href":"https:\/\/www.irdin.org.br\/site\/wp-json\/wp\/v2\/product\/83929","targetHints":{"allow":["GET"]}}],"collection":[{"href":"https:\/\/www.irdin.org.br\/site\/wp-json\/wp\/v2\/product"}],"about":[{"href":"https:\/\/www.irdin.org.br\/site\/wp-json\/wp\/v2\/types\/product"}],"version-history":[{"count":1,"href":"https:\/\/www.irdin.org.br\/site\/wp-json\/wp\/v2\/product\/83929\/revisions"}],"predecessor-version":[{"id":108343,"href":"https:\/\/www.irdin.org.br\/site\/wp-json\/wp\/v2\/product\/83929\/revisions\/108343"}],"wp:featuredmedia":[{"embeddable":true,"href":"https:\/\/www.irdin.org.br\/site\/wp-json\/wp\/v2\/media\/37803"}],"wp:attachment":[{"href":"https:\/\/www.irdin.org.br\/site\/wp-json\/wp\/v2\/media?parent=83929"}],"wp:term":[{"taxonomy":"product_brand","embeddable":true,"href":"https:\/\/www.irdin.org.br\/site\/wp-json\/wp\/v2\/product_brand?post=83929"},{"taxonomy":"product_cat","embeddable":true,"href":"https:\/\/www.irdin.org.br\/site\/wp-json\/wp\/v2\/product_cat?post=83929"},{"taxonomy":"product_tag","embeddable":true,"href":"https:\/\/www.irdin.org.br\/site\/wp-json\/wp\/v2\/product_tag?post=83929"}],"curies":[{"name":"wp","href":"https:\/\/api.w.org\/{rel}","templated":true}]}}