{"id":83935,"date":"2018-04-26T18:29:18","date_gmt":"2018-04-26T18:29:18","guid":{"rendered":"http:\/\/www.irdin.org.br\/site\/produto\/conversas-especiais-71\/"},"modified":"2025-03-15T18:55:15","modified_gmt":"2025-03-15T18:55:15","slug":"conversas-especiais-71","status":"publish","type":"product","link":"https:\/\/www.irdin.org.br\/site\/produtos\/conversas-especiais-71\/","title":{"rendered":"Conversas especiais &#8211; 71"},"content":{"rendered":"<p><em>Rela\u00e7\u00f5es com a tradi\u00e7\u00e3o: anjo da guarda, batismo, Calend\u00e1rio Maia e astrologia \/ Alguns sonhos significativos pelos s\u00edmbolos que cont\u00eam \/ Fatos cotidianos que pedem esclarecimento e propostas para solucion\u00e1-los<\/em><\/p>\n<p>&nbsp;<br \/>\n<strong>Ou\u00e7a agora:<\/strong><\/p>\n<p><span data-href=\"https:\/\/www.irdin.org.br\/site\/envios\/audios\/0068_0071__por_por__conversas_especiais_n71.mp3\" data-title=\"conversas especiais - 71\" data-rel=\"\" data-target=\"\" data-meta=\"#fap-meta-69e61ea57dde7\" class=\"fap-single-track fap-track-button fap-play-button\" data-enqueue=\"no\" data-autoenqueue=\"no\" title=\"conversas especiais - 71\"><span class=\"fap-icon-play\"><\/span>Ouvir<\/span> <a href=\"https:\/\/www.irdin.org.br\/site\/envios\/audios\/0068_0071__por_por__conversas_especiais_n71.mp3\" class=\"baixar\" download><span class=\"fa fa-arrow-down\"><\/span>Baixar<\/span><\/a> <span class=\"textobaixar\"> conversas especiais &#8211; 71<\/span><\/p>\n<p>&nbsp;<\/p>\n","protected":false},"excerpt":{"rendered":"<p>Rela\u00e7\u00f5es com a tradi\u00e7\u00e3o: anjo da guarda, batismo, Calend\u00e1rio Maia e astrologia \/ Alguns sonhos significativos pelos s\u00edmbolos que cont\u00eam<\/p>\n","protected":false},"featured_media":37803,"template":"","meta":{"_acf_changed":false},"product_brand":[],"product_cat":[18076,33068],"product_tag":[41171],"class_list":{"0":"post-83935","1":"product","2":"type-product","3":"status-publish","4":"has-post-thumbnail","6":"product_cat-cddvd","7":"product_cat-palestras","8":"product_tag-41171","9":"pa_autor-trigueirinho","10":"pa_codigo-da-serie-31894","11":"pa_codigo-externo-00680071porcd","12":"pa_data-de-gravacao-25979","13":"pa_duracao-63min","14":"pa_idioma-de-destino-portugues","15":"pa_idioma-de-origem-portugues","16":"pa_lancamento-no","17":"pa_midia-cd","18":"pa_moac-41170","19":"pa_quantidade-de-saldo-33067","20":"pa_sequencial-da-serie-31946","21":"pa_tipo-de-traducao-nao-classificado","23":"first","24":"outofstock","25":"product-type-simple"},"acf":[],"_links":{"self":[{"href":"https:\/\/www.irdin.org.br\/site\/wp-json\/wp\/v2\/product\/83935","targetHints":{"allow":["GET"]}}],"collection":[{"href":"https:\/\/www.irdin.org.br\/site\/wp-json\/wp\/v2\/product"}],"about":[{"href":"https:\/\/www.irdin.org.br\/site\/wp-json\/wp\/v2\/types\/product"}],"version-history":[{"count":1,"href":"https:\/\/www.irdin.org.br\/site\/wp-json\/wp\/v2\/product\/83935\/revisions"}],"predecessor-version":[{"id":108348,"href":"https:\/\/www.irdin.org.br\/site\/wp-json\/wp\/v2\/product\/83935\/revisions\/108348"}],"wp:featuredmedia":[{"embeddable":true,"href":"https:\/\/www.irdin.org.br\/site\/wp-json\/wp\/v2\/media\/37803"}],"wp:attachment":[{"href":"https:\/\/www.irdin.org.br\/site\/wp-json\/wp\/v2\/media?parent=83935"}],"wp:term":[{"taxonomy":"product_brand","embeddable":true,"href":"https:\/\/www.irdin.org.br\/site\/wp-json\/wp\/v2\/product_brand?post=83935"},{"taxonomy":"product_cat","embeddable":true,"href":"https:\/\/www.irdin.org.br\/site\/wp-json\/wp\/v2\/product_cat?post=83935"},{"taxonomy":"product_tag","embeddable":true,"href":"https:\/\/www.irdin.org.br\/site\/wp-json\/wp\/v2\/product_tag?post=83935"}],"curies":[{"name":"wp","href":"https:\/\/api.w.org\/{rel}","templated":true}]}}