{"id":84117,"date":"2018-04-26T18:32:24","date_gmt":"2018-04-26T18:32:24","guid":{"rendered":"http:\/\/www.irdin.org.br\/site\/produto\/comungar-com-mainhdra\/"},"modified":"2025-07-04T09:06:17","modified_gmt":"2025-07-04T12:06:17","slug":"comungar-com-mainhdra","status":"publish","type":"product","link":"https:\/\/www.irdin.org.br\/site\/produtos\/comungar-com-mainhdra\/","title":{"rendered":"Comungar com Mainhdra"},"content":{"rendered":"<p><em>Contato com realidades transcendentes \/ Momento de perp\u00e9tua ora\u00e7\u00e3o \/ Linguagem simb\u00f3lica do Universo \/ O n\u00famero 13 \/ Sobre o fanatismo \/ Libera\u00e7\u00e3o c\u00e1rmica \/ Mainhdra e o GNA \/ Ado\u00e7\u00e3o de almas e Reinos \/ Casa de Mainhdra \/ Ora\u00e7\u00e3o, ci\u00eancia celestial \/ Mainhdra onipresente \/ Como orar?<\/em><\/p>\n<p>&nbsp;<br \/>\n<strong>Ou\u00e7a agora:<\/strong><\/p>\n<p><span data-href=\"https:\/\/www.irdin.org.br\/site\/envios\/audios\/0220_0005__por_por__comungar_com_mainhdra.mp3\" data-title=\"comungar com mainhdra\" data-rel=\"\" data-target=\"\" data-meta=\"#fap-meta-6a02e8eef1e2a\" class=\"fap-single-track fap-track-button fap-play-button\" data-enqueue=\"no\" data-autoenqueue=\"no\" title=\"comungar com mainhdra\"><span class=\"fap-icon-play\"><\/span>Ouvir<\/span> <a href=\"https:\/\/www.irdin.org.br\/site\/envios\/audios\/0220_0005__por_por__comungar_com_mainhdra.mp3\" class=\"baixar\" download><span class=\"fa fa-arrow-down\"><\/span>Baixar<\/span><\/a> <span class=\"textobaixar\"> comungar com mainhdra<\/span><\/p>\n<p>&nbsp;<\/p>\n","protected":false},"excerpt":{"rendered":"<p>Contato com realidades transcendentes \/ Momento de perp\u00e9tua ora\u00e7\u00e3o \/ Linguagem simb\u00f3lica do Universo \/ O n\u00famero 13 \/ Sobre<\/p>\n","protected":false},"featured_media":37803,"template":"","meta":{"_acf_changed":false},"product_brand":[],"product_cat":[18076,33068],"product_tag":[41535],"class_list":{"0":"post-84117","1":"product","2":"type-product","3":"status-publish","4":"has-post-thumbnail","6":"product_cat-cddvd","7":"product_cat-palestras","8":"product_tag-41535","9":"pa_autor-artur","10":"pa_codigo-da-serie-31974","11":"pa_codigo-externo-02200005porcd","12":"pa_data-de-gravacao-18108","13":"pa_duracao-1h02m00s","14":"pa_idioma-de-destino-portugues","15":"pa_idioma-de-origem-portugues","16":"pa_lancamento-no","17":"pa_midia-cd","18":"pa_moac-41534","19":"pa_quantidade-de-saldo-33067","20":"pa_sequencial-da-serie-31881","21":"pa_tipo-de-traducao-nao-classificado","23":"first","24":"outofstock","25":"purchasable","26":"product-type-simple"},"acf":[],"_links":{"self":[{"href":"https:\/\/www.irdin.org.br\/site\/wp-json\/wp\/v2\/product\/84117","targetHints":{"allow":["GET"]}}],"collection":[{"href":"https:\/\/www.irdin.org.br\/site\/wp-json\/wp\/v2\/product"}],"about":[{"href":"https:\/\/www.irdin.org.br\/site\/wp-json\/wp\/v2\/types\/product"}],"version-history":[{"count":1,"href":"https:\/\/www.irdin.org.br\/site\/wp-json\/wp\/v2\/product\/84117\/revisions"}],"predecessor-version":[{"id":109831,"href":"https:\/\/www.irdin.org.br\/site\/wp-json\/wp\/v2\/product\/84117\/revisions\/109831"}],"wp:featuredmedia":[{"embeddable":true,"href":"https:\/\/www.irdin.org.br\/site\/wp-json\/wp\/v2\/media\/37803"}],"wp:attachment":[{"href":"https:\/\/www.irdin.org.br\/site\/wp-json\/wp\/v2\/media?parent=84117"}],"wp:term":[{"taxonomy":"product_brand","embeddable":true,"href":"https:\/\/www.irdin.org.br\/site\/wp-json\/wp\/v2\/product_brand?post=84117"},{"taxonomy":"product_cat","embeddable":true,"href":"https:\/\/www.irdin.org.br\/site\/wp-json\/wp\/v2\/product_cat?post=84117"},{"taxonomy":"product_tag","embeddable":true,"href":"https:\/\/www.irdin.org.br\/site\/wp-json\/wp\/v2\/product_tag?post=84117"}],"curies":[{"name":"wp","href":"https:\/\/api.w.org\/{rel}","templated":true}]}}