{"id":84138,"date":"2018-04-26T18:33:04","date_gmt":"2018-04-26T18:33:04","guid":{"rendered":"http:\/\/www.irdin.org.br\/site\/produto\/indagacoes-sobre-cura\/"},"modified":"2025-03-10T13:09:40","modified_gmt":"2025-03-10T13:09:40","slug":"indagacoes-sobre-cura","status":"publish","type":"product","link":"https:\/\/www.irdin.org.br\/site\/produtos\/indagacoes-sobre-cura\/","title":{"rendered":"Indaga\u00e7\u00f5es sobre cura"},"content":{"rendered":"<p><em>Dist\u00farbios card\u00edacos e circulat\u00f3rios \/ Mal de Alzheimer \/ Insufici\u00eancia renal e micro\u00f3rg\u00e3os \/ Esquizofrenia e neuroses \/ Mem\u00f3ria infantil \/ Gagueira \/ Encarna\u00e7\u00e3o da alma<\/em><\/p>\n<p>&nbsp;<br \/>\n<strong>Ou\u00e7a agora:<\/strong><\/p>\n<p><span data-href=\"https:\/\/www.irdin.org.br\/site\/envios\/audios\/0301_0002__por_por__indagacoes_sobre_cura.mp3\" data-title=\"indaga\u00e7\u00f5es sobre cura\" data-rel=\"\" data-target=\"\" data-meta=\"#fap-meta-69fa58670f18f\" class=\"fap-single-track fap-track-button fap-play-button\" data-enqueue=\"no\" data-autoenqueue=\"no\" title=\"indaga\u00e7\u00f5es sobre cura\"><span class=\"fap-icon-play\"><\/span>Ouvir<\/span> <a href=\"https:\/\/www.irdin.org.br\/site\/envios\/audios\/0301_0002__por_por__indagacoes_sobre_cura.mp3\" class=\"baixar\"><span class=\"fa fa-arrow-down\"><\/span>Baixar<\/span><\/a> <span class=\"textobaixar\"> indaga\u00e7\u00f5es sobre cura<\/span><\/p>\n<p>&nbsp;<\/p>\n","protected":false},"excerpt":{"rendered":"<p>Dist\u00farbios card\u00edacos e circulat\u00f3rios \/ Mal de Alzheimer \/ Insufici\u00eancia renal e micro\u00f3rg\u00e3os \/ Esquizofrenia e neuroses \/ Mem\u00f3ria infantil<\/p>\n","protected":false},"featured_media":37803,"template":"","meta":{"_acf_changed":false},"product_brand":[],"product_cat":[18076,33068],"product_tag":[41577],"class_list":{"0":"post-84138","1":"product","2":"type-product","3":"status-publish","4":"has-post-thumbnail","6":"product_cat-cddvd","7":"product_cat-palestras","8":"product_tag-41577","9":"pa_autor-frei-ameino-clemente","10":"pa_codigo-da-serie-31976","11":"pa_codigo-externo-03010002porcd","12":"pa_data-de-gravacao-21296","13":"pa_duracao-54min","14":"pa_idioma-de-destino-portugues","15":"pa_idioma-de-origem-portugues","16":"pa_lancamento-no","17":"pa_midia-cd","18":"pa_moac-41576","19":"pa_quantidade-de-saldo-33067","20":"pa_sequencial-da-serie-31878","21":"pa_tipo-de-traducao-nao-classificado","23":"first","24":"outofstock","25":"product-type-simple"},"acf":[],"_links":{"self":[{"href":"https:\/\/www.irdin.org.br\/site\/wp-json\/wp\/v2\/product\/84138","targetHints":{"allow":["GET"]}}],"collection":[{"href":"https:\/\/www.irdin.org.br\/site\/wp-json\/wp\/v2\/product"}],"about":[{"href":"https:\/\/www.irdin.org.br\/site\/wp-json\/wp\/v2\/types\/product"}],"version-history":[{"count":2,"href":"https:\/\/www.irdin.org.br\/site\/wp-json\/wp\/v2\/product\/84138\/revisions"}],"predecessor-version":[{"id":108010,"href":"https:\/\/www.irdin.org.br\/site\/wp-json\/wp\/v2\/product\/84138\/revisions\/108010"}],"wp:featuredmedia":[{"embeddable":true,"href":"https:\/\/www.irdin.org.br\/site\/wp-json\/wp\/v2\/media\/37803"}],"wp:attachment":[{"href":"https:\/\/www.irdin.org.br\/site\/wp-json\/wp\/v2\/media?parent=84138"}],"wp:term":[{"taxonomy":"product_brand","embeddable":true,"href":"https:\/\/www.irdin.org.br\/site\/wp-json\/wp\/v2\/product_brand?post=84138"},{"taxonomy":"product_cat","embeddable":true,"href":"https:\/\/www.irdin.org.br\/site\/wp-json\/wp\/v2\/product_cat?post=84138"},{"taxonomy":"product_tag","embeddable":true,"href":"https:\/\/www.irdin.org.br\/site\/wp-json\/wp\/v2\/product_tag?post=84138"}],"curies":[{"name":"wp","href":"https:\/\/api.w.org\/{rel}","templated":true}]}}