{"id":84142,"date":"2018-04-26T18:33:04","date_gmt":"2018-04-26T18:33:04","guid":{"rendered":"http:\/\/www.irdin.org.br\/site\/produto\/a-busca-da-imunidade\/"},"modified":"2019-12-06T17:22:26","modified_gmt":"2019-12-06T17:22:26","slug":"a-busca-da-imunidade","status":"publish","type":"product","link":"https:\/\/www.irdin.org.br\/site\/produtos\/a-busca-da-imunidade\/","title":{"rendered":"A busca da imunidade"},"content":{"rendered":"<p><em>Doen\u00e7as e infec\u00e7\u00f5es n\u00e3o s\u00e3o provocadas somente por agentes externos, mas o que nos torna mais ou menos vulner\u00e1veis \u00e9 a qualidade dos nossos pensamentos e sentimentos. Como alcan\u00e7ar uma condi\u00e7\u00e3o de verdadeira imunidade?<\/em><\/p>\n<p>&nbsp;<br \/>\n<strong>Ou\u00e7a agora:<\/strong><\/p>\n<p><span data-href=\"https:\/\/www.irdin.org.br\/site\/envios\/audios\/0301_0008__por_por__a_busca_da_imunidade.mp3\" data-title=\"a busca da imunidade\" data-rel=\"\" data-target=\"\" data-meta=\"#fap-meta-69fb0717924cb\" class=\"fap-single-track fap-track-button fap-play-button\" data-enqueue=\"no\" data-autoenqueue=\"no\" title=\"a busca da imunidade\"><span class=\"fap-icon-play\"><\/span>Ouvir<\/span> <a href=\"https:\/\/www.irdin.org.br\/site\/envios\/audios\/0301_0008__por_por__a_busca_da_imunidade.mp3\" class=\"baixar\"><span class=\"fa fa-arrow-down\"><\/span>Baixar<\/span><\/a> <span class=\"textobaixar\"> a busca da imunidade<\/span><\/p>\n<p>&nbsp;<\/p>\n","protected":false},"excerpt":{"rendered":"<p>Doen\u00e7as e infec\u00e7\u00f5es n\u00e3o s\u00e3o provocadas somente por agentes externos, mas o que nos torna mais ou menos vulner\u00e1veis \u00e9<\/p>\n","protected":false},"featured_media":37803,"template":"","meta":{"_acf_changed":false},"product_brand":[],"product_cat":[18076,33068],"product_tag":[41585],"class_list":{"0":"post-84142","1":"product","2":"type-product","3":"status-publish","4":"has-post-thumbnail","6":"product_cat-cddvd","7":"product_cat-palestras","8":"product_tag-41585","9":"pa_autor-frei-ameino-clemente","10":"pa_codigo-da-serie-31976","11":"pa_codigo-externo-03010008porcd","12":"pa_data-de-gravacao-19202","13":"pa_duracao-43min23s","14":"pa_idioma-de-destino-portugues","15":"pa_idioma-de-origem-portugues","16":"pa_lancamento-no","17":"pa_midia-cd","18":"pa_moac-41584","19":"pa_quantidade-de-saldo-33067","20":"pa_sequencial-da-serie-31888","21":"pa_tipo-de-traducao-nao-classificado","23":"first","24":"outofstock","25":"product-type-simple"},"acf":[],"_links":{"self":[{"href":"https:\/\/www.irdin.org.br\/site\/wp-json\/wp\/v2\/product\/84142","targetHints":{"allow":["GET"]}}],"collection":[{"href":"https:\/\/www.irdin.org.br\/site\/wp-json\/wp\/v2\/product"}],"about":[{"href":"https:\/\/www.irdin.org.br\/site\/wp-json\/wp\/v2\/types\/product"}],"version-history":[{"count":0,"href":"https:\/\/www.irdin.org.br\/site\/wp-json\/wp\/v2\/product\/84142\/revisions"}],"wp:featuredmedia":[{"embeddable":true,"href":"https:\/\/www.irdin.org.br\/site\/wp-json\/wp\/v2\/media\/37803"}],"wp:attachment":[{"href":"https:\/\/www.irdin.org.br\/site\/wp-json\/wp\/v2\/media?parent=84142"}],"wp:term":[{"taxonomy":"product_brand","embeddable":true,"href":"https:\/\/www.irdin.org.br\/site\/wp-json\/wp\/v2\/product_brand?post=84142"},{"taxonomy":"product_cat","embeddable":true,"href":"https:\/\/www.irdin.org.br\/site\/wp-json\/wp\/v2\/product_cat?post=84142"},{"taxonomy":"product_tag","embeddable":true,"href":"https:\/\/www.irdin.org.br\/site\/wp-json\/wp\/v2\/product_tag?post=84142"}],"curies":[{"name":"wp","href":"https:\/\/api.w.org\/{rel}","templated":true}]}}