{"id":84147,"date":"2018-04-26T18:33:04","date_gmt":"2018-04-26T18:33:04","guid":{"rendered":"http:\/\/www.irdin.org.br\/site\/produto\/mensagens-e-manipulacao-subliminares\/"},"modified":"2025-03-13T01:29:14","modified_gmt":"2025-03-13T01:29:14","slug":"mensagens-e-manipulacao-subliminares","status":"publish","type":"product","link":"https:\/\/www.irdin.org.br\/site\/produtos\/mensagens-e-manipulacao-subliminares\/","title":{"rendered":"Mensagens e manipula\u00e7\u00e3o subliminares"},"content":{"rendered":"<p><em>Como n\u00e3o deixar que nosso comportamento seja moldado por for\u00e7as externas a partir dos comandos subconscientes que continuamente recebemos?<\/em><\/p>\n<p>&nbsp;<br \/>\n<strong>Ou\u00e7a agora:<\/strong><\/p>\n<p><span data-href=\"https:\/\/www.irdin.org.br\/site\/envios\/audios\/0301_0012__por_por__mensagens_e_manipulacao_subliminares.mp3\" data-title=\"mensagens e manipula\u00e7\u00e3o subliminares\" data-rel=\"\" data-target=\"\" data-meta=\"#fap-meta-69e2d23dd8bec\" class=\"fap-single-track fap-track-button fap-play-button\" data-enqueue=\"no\" data-autoenqueue=\"no\" title=\"mensagens e manipula\u00e7\u00e3o subliminares\"><span class=\"fap-icon-play\"><\/span>Ouvir<\/span> <a href=\"https:\/\/www.irdin.org.br\/site\/envios\/audios\/0301_0012__por_por__mensagens_e_manipulacao_subliminares.mp3\" class=\"baixar\" download><span class=\"fa fa-arrow-down\"><\/span>Baixar<\/span><\/a> <span class=\"textobaixar\"> mensagens e manipula\u00e7\u00e3o subliminares<\/span><\/p>\n<p>&nbsp;<\/p>\n","protected":false},"excerpt":{"rendered":"<p>Como n\u00e3o deixar que nosso comportamento seja moldado por for\u00e7as externas a partir dos comandos subconscientes que continuamente recebemos? &nbsp;<\/p>\n","protected":false},"featured_media":37803,"template":"","meta":{"_acf_changed":false},"product_brand":[],"product_cat":[18076,33068],"product_tag":[41595],"class_list":{"0":"post-84147","1":"product","2":"type-product","3":"status-publish","4":"has-post-thumbnail","6":"product_cat-cddvd","7":"product_cat-palestras","8":"product_tag-41595","9":"pa_autor-frei-ameino-clemente","10":"pa_codigo-da-serie-31976","11":"pa_codigo-externo-03010012porcd","12":"pa_data-de-gravacao-26837","13":"pa_duracao-56min","14":"pa_idioma-de-destino-portugues","15":"pa_idioma-de-origem-portugues","16":"pa_lancamento-no","17":"pa_midia-cd","18":"pa_moac-41594","19":"pa_quantidade-de-saldo-33067","20":"pa_sequencial-da-serie-31892","21":"pa_tipo-de-traducao-nao-classificado","23":"first","24":"outofstock","25":"product-type-simple"},"acf":[],"_links":{"self":[{"href":"https:\/\/www.irdin.org.br\/site\/wp-json\/wp\/v2\/product\/84147","targetHints":{"allow":["GET"]}}],"collection":[{"href":"https:\/\/www.irdin.org.br\/site\/wp-json\/wp\/v2\/product"}],"about":[{"href":"https:\/\/www.irdin.org.br\/site\/wp-json\/wp\/v2\/types\/product"}],"version-history":[{"count":1,"href":"https:\/\/www.irdin.org.br\/site\/wp-json\/wp\/v2\/product\/84147\/revisions"}],"predecessor-version":[{"id":108116,"href":"https:\/\/www.irdin.org.br\/site\/wp-json\/wp\/v2\/product\/84147\/revisions\/108116"}],"wp:featuredmedia":[{"embeddable":true,"href":"https:\/\/www.irdin.org.br\/site\/wp-json\/wp\/v2\/media\/37803"}],"wp:attachment":[{"href":"https:\/\/www.irdin.org.br\/site\/wp-json\/wp\/v2\/media?parent=84147"}],"wp:term":[{"taxonomy":"product_brand","embeddable":true,"href":"https:\/\/www.irdin.org.br\/site\/wp-json\/wp\/v2\/product_brand?post=84147"},{"taxonomy":"product_cat","embeddable":true,"href":"https:\/\/www.irdin.org.br\/site\/wp-json\/wp\/v2\/product_cat?post=84147"},{"taxonomy":"product_tag","embeddable":true,"href":"https:\/\/www.irdin.org.br\/site\/wp-json\/wp\/v2\/product_tag?post=84147"}],"curies":[{"name":"wp","href":"https:\/\/api.w.org\/{rel}","templated":true}]}}