{"id":84155,"date":"2018-04-26T18:33:04","date_gmt":"2018-04-26T18:33:04","guid":{"rendered":"http:\/\/www.irdin.org.br\/site\/produto\/los-ninos-indigo-2\/"},"modified":"2025-03-13T01:34:45","modified_gmt":"2025-03-13T01:34:45","slug":"los-ninos-indigo-2","status":"publish","type":"product","link":"https:\/\/www.irdin.org.br\/site\/produtos\/los-ninos-indigo-2\/","title":{"rendered":"Los ni\u00f1os \u00edndigo &#8211; 2"},"content":{"rendered":"<p><em>Para estar con los ni\u00f1os \u00edndigo en forma saludable, siempre deber\u00edamos preguntarnos : \u00bfEstoy receptivo a lo inusitado? \u00bfTengo suficiente creatividad, paciencia, comprensi\u00f3n?<\/em><\/p>\n<p>&nbsp;<br \/>\n<strong>Ou\u00e7a agora:<\/strong><\/p>\n<p><span data-href=\"https:\/\/www.irdin.org.br\/site\/envios\/audios\/0401_0004__por_spa__los_ninos_indigo_2.mp3\" data-title=\"los ni\u00f1os \u00edndigo - 2\" data-rel=\"\" data-target=\"\" data-meta=\"#fap-meta-69fa57e8ee69c\" class=\"fap-single-track fap-track-button fap-play-button\" data-enqueue=\"no\" data-autoenqueue=\"no\" title=\"los ni\u00f1os \u00edndigo - 2\"><span class=\"fap-icon-play\"><\/span>Ouvir<\/span> <a href=\"https:\/\/www.irdin.org.br\/site\/envios\/audios\/0401_0004__por_spa__los_ninos_indigo_2.mp3\" class=\"baixar\" download><span class=\"fa fa-arrow-down\"><\/span>Baixar<\/span><\/a> <span class=\"textobaixar\"> los ni\u00f1os \u00edndigo &#8211; 2<\/span><\/p>\n<p>&nbsp;<\/p>\n","protected":false},"excerpt":{"rendered":"<p>Para estar con los ni\u00f1os \u00edndigo en forma saludable, siempre deber\u00edamos preguntarnos : \u00bfEstoy receptivo a lo inusitado? \u00bfTengo suficiente<\/p>\n","protected":false},"featured_media":37803,"template":"","meta":{"_acf_changed":false},"product_brand":[],"product_cat":[18076,33068],"product_tag":[41611],"class_list":{"0":"post-84155","1":"product","2":"type-product","3":"status-publish","4":"has-post-thumbnail","6":"product_cat-cddvd","7":"product_cat-palestras","8":"product_tag-41611","9":"pa_autor-samuel","10":"pa_codigo-da-serie-31977","11":"pa_codigo-externo-04010004porspacd","12":"pa_data-de-gravacao-19017","13":"pa_duracao-33-min","14":"pa_idioma-de-destino-espanhol","15":"pa_idioma-de-origem-portugues","16":"pa_lancamento-no","17":"pa_midia-cd","18":"pa_moac-41610","19":"pa_quantidade-de-saldo-33067","20":"pa_sequencial-da-serie-31880","21":"pa_tipo-de-traducao-nao-classificado","23":"first","24":"outofstock","25":"product-type-simple"},"acf":[],"_links":{"self":[{"href":"https:\/\/www.irdin.org.br\/site\/wp-json\/wp\/v2\/product\/84155","targetHints":{"allow":["GET"]}}],"collection":[{"href":"https:\/\/www.irdin.org.br\/site\/wp-json\/wp\/v2\/product"}],"about":[{"href":"https:\/\/www.irdin.org.br\/site\/wp-json\/wp\/v2\/types\/product"}],"version-history":[{"count":1,"href":"https:\/\/www.irdin.org.br\/site\/wp-json\/wp\/v2\/product\/84155\/revisions"}],"predecessor-version":[{"id":108131,"href":"https:\/\/www.irdin.org.br\/site\/wp-json\/wp\/v2\/product\/84155\/revisions\/108131"}],"wp:featuredmedia":[{"embeddable":true,"href":"https:\/\/www.irdin.org.br\/site\/wp-json\/wp\/v2\/media\/37803"}],"wp:attachment":[{"href":"https:\/\/www.irdin.org.br\/site\/wp-json\/wp\/v2\/media?parent=84155"}],"wp:term":[{"taxonomy":"product_brand","embeddable":true,"href":"https:\/\/www.irdin.org.br\/site\/wp-json\/wp\/v2\/product_brand?post=84155"},{"taxonomy":"product_cat","embeddable":true,"href":"https:\/\/www.irdin.org.br\/site\/wp-json\/wp\/v2\/product_cat?post=84155"},{"taxonomy":"product_tag","embeddable":true,"href":"https:\/\/www.irdin.org.br\/site\/wp-json\/wp\/v2\/product_tag?post=84155"}],"curies":[{"name":"wp","href":"https:\/\/api.w.org\/{rel}","templated":true}]}}