{"id":84163,"date":"2018-04-26T18:33:25","date_gmt":"2018-04-26T18:33:25","guid":{"rendered":"http:\/\/www.irdin.org.br\/site\/produto\/coordenacao-um-elo-na-corrente-evolutiva\/"},"modified":"2025-03-15T01:43:49","modified_gmt":"2025-03-15T01:43:49","slug":"coordenacao-um-elo-na-corrente-evolutiva","status":"publish","type":"product","link":"https:\/\/www.irdin.org.br\/site\/produtos\/coordenacao-um-elo-na-corrente-evolutiva\/","title":{"rendered":"Coordena\u00e7\u00e3o &#8211; Um elo na corrente evolutiva"},"content":{"rendered":"<p><em>Na vida de um grupo de servi\u00e7o, desde os m\u00ednimos atos at\u00e9 os votos profundos da consci\u00eancia, tudo deve hierarquizar-se para exprimir a realidade interna.<\/em><\/p>\n<p>&nbsp;<br \/>\n<strong>Ou\u00e7a agora:<\/strong><\/p>\n<p><span data-href=\"https:\/\/www.irdin.org.br\/site\/envios\/audios\/0601_0003__por_por__coordenacao_um_elo_na_corrente_evolutiva.mp3\" data-title=\"coordena\u00e7\u00e3o - um elo na corrente evolutiva\" data-rel=\"\" data-target=\"\" data-meta=\"#fap-meta-69ff7e946ab37\" class=\"fap-single-track fap-track-button fap-play-button\" data-enqueue=\"no\" data-autoenqueue=\"no\" title=\"coordena\u00e7\u00e3o - um elo na corrente evolutiva\"><span class=\"fap-icon-play\"><\/span>Ouvir<\/span> <a href=\"https:\/\/www.irdin.org.br\/site\/envios\/audios\/0601_0003__por_por__coordenacao_um_elo_na_corrente_evolutiva.mp3\" class=\"baixar\" download><span class=\"fa fa-arrow-down\"><\/span>Baixar<\/span><\/a> <span class=\"textobaixar\"> coordena\u00e7\u00e3o &#8211; um elo na corrente evolutiva<\/span><\/p>\n<p>&nbsp;<\/p>\n","protected":false},"excerpt":{"rendered":"<p>Na vida de um grupo de servi\u00e7o, desde os m\u00ednimos atos at\u00e9 os votos profundos da consci\u00eancia, tudo deve hierarquizar-se<\/p>\n","protected":false},"featured_media":37803,"template":"","meta":{"_acf_changed":false},"product_brand":[],"product_cat":[18076,33068],"product_tag":[41627],"class_list":{"0":"post-84163","1":"product","2":"type-product","3":"status-publish","4":"has-post-thumbnail","6":"product_cat-cddvd","7":"product_cat-palestras","8":"product_tag-41627","9":"pa_autor-yatri","10":"pa_codigo-da-serie-31979","11":"pa_codigo-externo-06010003porcd","12":"pa_data-de-gravacao-21511","13":"pa_duracao-43min48s","14":"pa_idioma-de-destino-portugues","15":"pa_idioma-de-origem-portugues","16":"pa_lancamento-no","17":"pa_midia-cd","18":"pa_moac-41626","19":"pa_quantidade-de-saldo-33067","20":"pa_sequencial-da-serie-31879","21":"pa_tipo-de-traducao-nao-classificado","23":"first","24":"outofstock","25":"product-type-simple"},"acf":[],"_links":{"self":[{"href":"https:\/\/www.irdin.org.br\/site\/wp-json\/wp\/v2\/product\/84163","targetHints":{"allow":["GET"]}}],"collection":[{"href":"https:\/\/www.irdin.org.br\/site\/wp-json\/wp\/v2\/product"}],"about":[{"href":"https:\/\/www.irdin.org.br\/site\/wp-json\/wp\/v2\/types\/product"}],"version-history":[{"count":1,"href":"https:\/\/www.irdin.org.br\/site\/wp-json\/wp\/v2\/product\/84163\/revisions"}],"predecessor-version":[{"id":108262,"href":"https:\/\/www.irdin.org.br\/site\/wp-json\/wp\/v2\/product\/84163\/revisions\/108262"}],"wp:featuredmedia":[{"embeddable":true,"href":"https:\/\/www.irdin.org.br\/site\/wp-json\/wp\/v2\/media\/37803"}],"wp:attachment":[{"href":"https:\/\/www.irdin.org.br\/site\/wp-json\/wp\/v2\/media?parent=84163"}],"wp:term":[{"taxonomy":"product_brand","embeddable":true,"href":"https:\/\/www.irdin.org.br\/site\/wp-json\/wp\/v2\/product_brand?post=84163"},{"taxonomy":"product_cat","embeddable":true,"href":"https:\/\/www.irdin.org.br\/site\/wp-json\/wp\/v2\/product_cat?post=84163"},{"taxonomy":"product_tag","embeddable":true,"href":"https:\/\/www.irdin.org.br\/site\/wp-json\/wp\/v2\/product_tag?post=84163"}],"curies":[{"name":"wp","href":"https:\/\/api.w.org\/{rel}","templated":true}]}}