{"id":84164,"date":"2018-04-26T18:33:25","date_gmt":"2018-04-26T18:33:25","guid":{"rendered":"http:\/\/www.irdin.org.br\/site\/produto\/o-sentido-espiritual-de-uma-rede-de-servico\/"},"modified":"2025-03-15T01:44:24","modified_gmt":"2025-03-15T01:44:24","slug":"o-sentido-espiritual-de-uma-rede-de-servico","status":"publish","type":"product","link":"https:\/\/www.irdin.org.br\/site\/produtos\/o-sentido-espiritual-de-uma-rede-de-servico\/","title":{"rendered":"O sentido espiritual de uma Rede de Servi\u00e7o"},"content":{"rendered":"<p><em>Sem pretender resolver os problemas sociais do mundo, buscar a viv\u00eancia que constr\u00f3i a vida nova sobre a Terra. Unir as pessoas pelo chamado interno ao servi\u00e7o e abrir-lhes caminhos para a clareza de sua meta.<\/em><\/p>\n<p>&nbsp;<br \/>\n<strong>Ou\u00e7a agora:<\/strong><\/p>\n<p><span data-href=\"https:\/\/www.irdin.org.br\/site\/envios\/audios\/0601_0004__por_por__o_sentido_espiritual_de_uma_rede_de_servico.mp3\" data-title=\"o sentido espiritual de uma rede de servi\u00e7o\" data-rel=\"\" data-target=\"\" data-meta=\"#fap-meta-69e2d524a1faa\" class=\"fap-single-track fap-track-button fap-play-button\" data-enqueue=\"no\" data-autoenqueue=\"no\" title=\"o sentido espiritual de uma rede de servi\u00e7o\"><span class=\"fap-icon-play\"><\/span>Ouvir<\/span> <a href=\"https:\/\/www.irdin.org.br\/site\/envios\/audios\/0601_0004__por_por__o_sentido_espiritual_de_uma_rede_de_servico.mp3\" class=\"baixar\" download><span class=\"fa fa-arrow-down\"><\/span>Baixar<\/span><\/a> <span class=\"textobaixar\"> o sentido espiritual de uma rede de servi\u00e7o<\/span><\/p>\n<p>&nbsp;<\/p>\n","protected":false},"excerpt":{"rendered":"<p>Sem pretender resolver os problemas sociais do mundo, buscar a viv\u00eancia que constr\u00f3i a vida nova sobre a Terra. Unir<\/p>\n","protected":false},"featured_media":37803,"template":"","meta":{"_acf_changed":false},"product_brand":[],"product_cat":[18076,33068],"product_tag":[41629],"class_list":{"0":"post-84164","1":"product","2":"type-product","3":"status-publish","4":"has-post-thumbnail","6":"product_cat-cddvd","7":"product_cat-palestras","8":"product_tag-41629","9":"pa_autor-yatri","10":"pa_codigo-da-serie-31979","11":"pa_codigo-externo-06010004porcd","12":"pa_data-de-gravacao-26891","13":"pa_duracao-43min46s","14":"pa_idioma-de-destino-portugues","15":"pa_idioma-de-origem-portugues","16":"pa_lancamento-no","17":"pa_midia-cd","18":"pa_moac-41628","19":"pa_quantidade-de-saldo-33067","20":"pa_sequencial-da-serie-31880","21":"pa_tipo-de-traducao-nao-classificado","23":"first","24":"outofstock","25":"product-type-simple"},"acf":[],"_links":{"self":[{"href":"https:\/\/www.irdin.org.br\/site\/wp-json\/wp\/v2\/product\/84164","targetHints":{"allow":["GET"]}}],"collection":[{"href":"https:\/\/www.irdin.org.br\/site\/wp-json\/wp\/v2\/product"}],"about":[{"href":"https:\/\/www.irdin.org.br\/site\/wp-json\/wp\/v2\/types\/product"}],"version-history":[{"count":1,"href":"https:\/\/www.irdin.org.br\/site\/wp-json\/wp\/v2\/product\/84164\/revisions"}],"predecessor-version":[{"id":108263,"href":"https:\/\/www.irdin.org.br\/site\/wp-json\/wp\/v2\/product\/84164\/revisions\/108263"}],"wp:featuredmedia":[{"embeddable":true,"href":"https:\/\/www.irdin.org.br\/site\/wp-json\/wp\/v2\/media\/37803"}],"wp:attachment":[{"href":"https:\/\/www.irdin.org.br\/site\/wp-json\/wp\/v2\/media?parent=84164"}],"wp:term":[{"taxonomy":"product_brand","embeddable":true,"href":"https:\/\/www.irdin.org.br\/site\/wp-json\/wp\/v2\/product_brand?post=84164"},{"taxonomy":"product_cat","embeddable":true,"href":"https:\/\/www.irdin.org.br\/site\/wp-json\/wp\/v2\/product_cat?post=84164"},{"taxonomy":"product_tag","embeddable":true,"href":"https:\/\/www.irdin.org.br\/site\/wp-json\/wp\/v2\/product_tag?post=84164"}],"curies":[{"name":"wp","href":"https:\/\/api.w.org\/{rel}","templated":true}]}}