{"id":84165,"date":"2018-04-26T18:33:25","date_gmt":"2018-04-26T18:33:25","guid":{"rendered":"http:\/\/www.irdin.org.br\/site\/produto\/eutanasia-distanasia-ortotanasia-assuntos-pungentes\/"},"modified":"2025-03-15T01:44:34","modified_gmt":"2025-03-15T01:44:34","slug":"eutanasia-distanasia-ortotanasia-assuntos-pungentes","status":"publish","type":"product","link":"https:\/\/www.irdin.org.br\/site\/produtos\/eutanasia-distanasia-ortotanasia-assuntos-pungentes\/","title":{"rendered":"Eutan\u00e1sia, distan\u00e1sia, ortotan\u00e1sia: assuntos pungentes"},"content":{"rendered":"<p><em>A eutan\u00e1sia acelera a morte e a distan\u00e1sia prolonga a vida artificialmente. Mas a ortotan\u00e1sia auxilia a pessoa a fazer a passagem para os outros planos da exist\u00eancia de modo natural e na hora estabelecida pela vontade interna de sua alma.<\/em><\/p>\n<p>&nbsp;<br \/>\n<strong>Ou\u00e7a agora:<\/strong><\/p>\n<p><span data-href=\"https:\/\/www.irdin.org.br\/site\/envios\/audios\/0601_0005__por_por__eutanasia_distanasia_ortotanasia_assuntos_pungentes.mp3\" data-title=\"eutan\u00e1sia, distan\u00e1sia, ortotan\u00e1sia: assuntos pungentes\" data-rel=\"\" data-target=\"\" data-meta=\"#fap-meta-69ff8d1642b73\" class=\"fap-single-track fap-track-button fap-play-button\" data-enqueue=\"no\" data-autoenqueue=\"no\" title=\"eutan\u00e1sia, distan\u00e1sia, ortotan\u00e1sia: assuntos pungentes\"><span class=\"fap-icon-play\"><\/span>Ouvir<\/span> <a href=\"https:\/\/www.irdin.org.br\/site\/envios\/audios\/0601_0005__por_por__eutanasia_distanasia_ortotanasia_assuntos_pungentes.mp3\" class=\"baixar\" download><span class=\"fa fa-arrow-down\"><\/span>Baixar<\/span><\/a> <span class=\"textobaixar\"> eutan\u00e1sia, distan\u00e1sia, ortotan\u00e1sia: assuntos pungentes<\/span><\/p>\n<p>&nbsp;<\/p>\n","protected":false},"excerpt":{"rendered":"<p>A eutan\u00e1sia acelera a morte e a distan\u00e1sia prolonga a vida artificialmente. Mas a ortotan\u00e1sia auxilia a pessoa a fazer<\/p>\n","protected":false},"featured_media":37803,"template":"","meta":{"_acf_changed":false},"product_brand":[],"product_cat":[18076,33068],"product_tag":[41631],"class_list":{"0":"post-84165","1":"product","2":"type-product","3":"status-publish","4":"has-post-thumbnail","6":"product_cat-cddvd","7":"product_cat-palestras","8":"product_tag-41631","9":"pa_autor-yatri","10":"pa_codigo-da-serie-31979","11":"pa_codigo-externo-06010005porcd","12":"pa_data-de-gravacao-24123","13":"pa_duracao-53min17s","14":"pa_idioma-de-destino-portugues","15":"pa_idioma-de-origem-portugues","16":"pa_lancamento-no","17":"pa_midia-cd","18":"pa_moac-41630","19":"pa_quantidade-de-saldo-33067","20":"pa_sequencial-da-serie-31881","21":"pa_tipo-de-traducao-nao-classificado","23":"first","24":"outofstock","25":"product-type-simple"},"acf":[],"_links":{"self":[{"href":"https:\/\/www.irdin.org.br\/site\/wp-json\/wp\/v2\/product\/84165","targetHints":{"allow":["GET"]}}],"collection":[{"href":"https:\/\/www.irdin.org.br\/site\/wp-json\/wp\/v2\/product"}],"about":[{"href":"https:\/\/www.irdin.org.br\/site\/wp-json\/wp\/v2\/types\/product"}],"version-history":[{"count":1,"href":"https:\/\/www.irdin.org.br\/site\/wp-json\/wp\/v2\/product\/84165\/revisions"}],"predecessor-version":[{"id":108264,"href":"https:\/\/www.irdin.org.br\/site\/wp-json\/wp\/v2\/product\/84165\/revisions\/108264"}],"wp:featuredmedia":[{"embeddable":true,"href":"https:\/\/www.irdin.org.br\/site\/wp-json\/wp\/v2\/media\/37803"}],"wp:attachment":[{"href":"https:\/\/www.irdin.org.br\/site\/wp-json\/wp\/v2\/media?parent=84165"}],"wp:term":[{"taxonomy":"product_brand","embeddable":true,"href":"https:\/\/www.irdin.org.br\/site\/wp-json\/wp\/v2\/product_brand?post=84165"},{"taxonomy":"product_cat","embeddable":true,"href":"https:\/\/www.irdin.org.br\/site\/wp-json\/wp\/v2\/product_cat?post=84165"},{"taxonomy":"product_tag","embeddable":true,"href":"https:\/\/www.irdin.org.br\/site\/wp-json\/wp\/v2\/product_tag?post=84165"}],"curies":[{"name":"wp","href":"https:\/\/api.w.org\/{rel}","templated":true}]}}