{"id":84169,"date":"2018-04-26T18:33:25","date_gmt":"2018-04-26T18:33:25","guid":{"rendered":"http:\/\/www.irdin.org.br\/site\/produto\/o-caminho-se-faz-ao-caminhar\/"},"modified":"2025-03-15T01:45:40","modified_gmt":"2025-03-15T01:45:40","slug":"o-caminho-se-faz-ao-caminhar","status":"publish","type":"product","link":"https:\/\/www.irdin.org.br\/site\/produtos\/o-caminho-se-faz-ao-caminhar\/","title":{"rendered":"O caminho se faz ao caminhar"},"content":{"rendered":"<p><em>Cada um tem seu pr\u00f3prio caminho, constru\u00eddo pela supera\u00e7\u00e3o de limites e pelo acesso a patamares cada vez mais elevados da vida.<\/em><\/p>\n<p>&nbsp;<br \/>\n<strong>Ou\u00e7a agora:<\/strong><\/p>\n<p><span data-href=\"https:\/\/www.irdin.org.br\/site\/envios\/audios\/0601_0008__por_por__o_caminho_se_faz_ao_caminhar.mp3\" data-title=\"o caminho se faz ao caminhar\" data-rel=\"\" data-target=\"\" data-meta=\"#fap-meta-69ff8d59a9c85\" class=\"fap-single-track fap-track-button fap-play-button\" data-enqueue=\"no\" data-autoenqueue=\"no\" title=\"o caminho se faz ao caminhar\"><span class=\"fap-icon-play\"><\/span>Ouvir<\/span> <a href=\"https:\/\/www.irdin.org.br\/site\/envios\/audios\/0601_0008__por_por__o_caminho_se_faz_ao_caminhar.mp3\" class=\"baixar\" download><span class=\"fa fa-arrow-down\"><\/span>Baixar<\/span><\/a> <span class=\"textobaixar\"> o caminho se faz ao caminhar<\/span><\/p>\n<p>&nbsp;<\/p>\n","protected":false},"excerpt":{"rendered":"<p>Cada um tem seu pr\u00f3prio caminho, constru\u00eddo pela supera\u00e7\u00e3o de limites e pelo acesso a patamares cada vez mais elevados<\/p>\n","protected":false},"featured_media":37803,"template":"","meta":{"_acf_changed":false},"product_brand":[],"product_cat":[18076,33068],"product_tag":[41639],"class_list":{"0":"post-84169","1":"product","2":"type-product","3":"status-publish","4":"has-post-thumbnail","6":"product_cat-cddvd","7":"product_cat-palestras","8":"product_tag-41639","9":"pa_autor-yatri","10":"pa_codigo-da-serie-31979","11":"pa_codigo-externo-06010008porcd","12":"pa_data-de-gravacao-20463","13":"pa_duracao-54min","14":"pa_idioma-de-destino-portugues","15":"pa_idioma-de-origem-portugues","16":"pa_lancamento-no","17":"pa_midia-cd","18":"pa_moac-41638","19":"pa_quantidade-de-saldo-33067","20":"pa_sequencial-da-serie-31888","21":"pa_tipo-de-traducao-nao-classificado","23":"first","24":"outofstock","25":"product-type-simple"},"acf":[],"_links":{"self":[{"href":"https:\/\/www.irdin.org.br\/site\/wp-json\/wp\/v2\/product\/84169","targetHints":{"allow":["GET"]}}],"collection":[{"href":"https:\/\/www.irdin.org.br\/site\/wp-json\/wp\/v2\/product"}],"about":[{"href":"https:\/\/www.irdin.org.br\/site\/wp-json\/wp\/v2\/types\/product"}],"version-history":[{"count":1,"href":"https:\/\/www.irdin.org.br\/site\/wp-json\/wp\/v2\/product\/84169\/revisions"}],"predecessor-version":[{"id":108268,"href":"https:\/\/www.irdin.org.br\/site\/wp-json\/wp\/v2\/product\/84169\/revisions\/108268"}],"wp:featuredmedia":[{"embeddable":true,"href":"https:\/\/www.irdin.org.br\/site\/wp-json\/wp\/v2\/media\/37803"}],"wp:attachment":[{"href":"https:\/\/www.irdin.org.br\/site\/wp-json\/wp\/v2\/media?parent=84169"}],"wp:term":[{"taxonomy":"product_brand","embeddable":true,"href":"https:\/\/www.irdin.org.br\/site\/wp-json\/wp\/v2\/product_brand?post=84169"},{"taxonomy":"product_cat","embeddable":true,"href":"https:\/\/www.irdin.org.br\/site\/wp-json\/wp\/v2\/product_cat?post=84169"},{"taxonomy":"product_tag","embeddable":true,"href":"https:\/\/www.irdin.org.br\/site\/wp-json\/wp\/v2\/product_tag?post=84169"}],"curies":[{"name":"wp","href":"https:\/\/api.w.org\/{rel}","templated":true}]}}