{"id":84190,"date":"2018-04-26T18:33:47","date_gmt":"2018-04-26T18:33:47","guid":{"rendered":"http:\/\/www.irdin.org.br\/site\/produto\/abolicao-de-crueldades-com-animais-aquaticos\/"},"modified":"2025-03-15T01:34:55","modified_gmt":"2025-03-15T01:34:55","slug":"abolicao-de-crueldades-com-animais-aquaticos","status":"publish","type":"product","link":"https:\/\/www.irdin.org.br\/site\/produtos\/abolicao-de-crueldades-com-animais-aquaticos\/","title":{"rendered":"Aboli\u00e7\u00e3o de crueldades com animais aqu\u00e1ticos"},"content":{"rendered":"<p><em>Danos ambientais e sofrimento infligido a peixes, baleias, tubar\u00f5es, golfinhos, focas, lagostas, caranguejos e outros animais em todo o mundo pelas ind\u00fastrias da pesca, da ca\u00e7a e do entretenimento. Como colaborar na restaura\u00e7\u00e3o do equil\u00edbrio?<\/em><\/p>\n<p>&nbsp;<br \/>\n<strong>Ou\u00e7a agora:<\/strong><\/p>\n<p><span data-href=\"https:\/\/www.irdin.org.br\/site\/envios\/audios\/1201_0002__por_por__abolicao_de_crueldades_com_animais_aquaticos.mp3\" data-title=\"aboli\u00e7\u00e3o de crueldades com animais aqu\u00e1ticos\" data-rel=\"\" data-target=\"\" data-meta=\"#fap-meta-69ff285a95efd\" class=\"fap-single-track fap-track-button fap-play-button\" data-enqueue=\"no\" data-autoenqueue=\"no\" title=\"aboli\u00e7\u00e3o de crueldades com animais aqu\u00e1ticos\"><span class=\"fap-icon-play\"><\/span>Ouvir<\/span> <a href=\"https:\/\/www.irdin.org.br\/site\/envios\/audios\/1201_0002__por_por__abolicao_de_crueldades_com_animais_aquaticos.mp3\" class=\"baixar\" download><span class=\"fa fa-arrow-down\"><\/span>Baixar<\/span><\/a> <span class=\"textobaixar\"> aboli\u00e7\u00e3o de crueldades com animais aqu\u00e1ticos<\/span><\/p>\n<p>&nbsp;<\/p>\n","protected":false},"excerpt":{"rendered":"<p>Danos ambientais e sofrimento infligido a peixes, baleias, tubar\u00f5es, golfinhos, focas, lagostas, caranguejos e outros animais em todo o mundo<\/p>\n","protected":false},"featured_media":37803,"template":"","meta":{"_acf_changed":false},"product_brand":[],"product_cat":[18076,33068],"product_tag":[41681],"class_list":{"0":"post-84190","1":"product","2":"type-product","3":"status-publish","4":"has-post-thumbnail","6":"product_cat-cddvd","7":"product_cat-palestras","8":"product_tag-41681","9":"pa_autor-nina-rosa-jacob","10":"pa_codigo-da-serie-26990","11":"pa_codigo-externo-12010002porcd","12":"pa_data-de-gravacao-19396","13":"pa_duracao-56min","14":"pa_idioma-de-destino-portugues","15":"pa_idioma-de-origem-portugues","16":"pa_lancamento-no","17":"pa_midia-cd","18":"pa_moac-41680","19":"pa_quantidade-de-saldo-33067","20":"pa_sequencial-da-serie-31878","21":"pa_tipo-de-traducao-nao-classificado","23":"first","24":"outofstock","25":"product-type-simple"},"acf":[],"_links":{"self":[{"href":"https:\/\/www.irdin.org.br\/site\/wp-json\/wp\/v2\/product\/84190","targetHints":{"allow":["GET"]}}],"collection":[{"href":"https:\/\/www.irdin.org.br\/site\/wp-json\/wp\/v2\/product"}],"about":[{"href":"https:\/\/www.irdin.org.br\/site\/wp-json\/wp\/v2\/types\/product"}],"version-history":[{"count":1,"href":"https:\/\/www.irdin.org.br\/site\/wp-json\/wp\/v2\/product\/84190\/revisions"}],"predecessor-version":[{"id":108247,"href":"https:\/\/www.irdin.org.br\/site\/wp-json\/wp\/v2\/product\/84190\/revisions\/108247"}],"wp:featuredmedia":[{"embeddable":true,"href":"https:\/\/www.irdin.org.br\/site\/wp-json\/wp\/v2\/media\/37803"}],"wp:attachment":[{"href":"https:\/\/www.irdin.org.br\/site\/wp-json\/wp\/v2\/media?parent=84190"}],"wp:term":[{"taxonomy":"product_brand","embeddable":true,"href":"https:\/\/www.irdin.org.br\/site\/wp-json\/wp\/v2\/product_brand?post=84190"},{"taxonomy":"product_cat","embeddable":true,"href":"https:\/\/www.irdin.org.br\/site\/wp-json\/wp\/v2\/product_cat?post=84190"},{"taxonomy":"product_tag","embeddable":true,"href":"https:\/\/www.irdin.org.br\/site\/wp-json\/wp\/v2\/product_tag?post=84190"}],"curies":[{"name":"wp","href":"https:\/\/api.w.org\/{rel}","templated":true}]}}