{"id":84198,"date":"2018-04-26T18:34:08","date_gmt":"2018-04-26T18:34:08","guid":{"rendered":"http:\/\/www.irdin.org.br\/site\/produto\/hercules-e-o-servico-a-humanidade\/"},"modified":"2022-01-29T01:17:43","modified_gmt":"2022-01-29T01:17:43","slug":"hercules-e-o-servico-a-humanidade","status":"publish","type":"product","link":"https:\/\/www.irdin.org.br\/site\/produtos\/hercules-e-o-servico-a-humanidade\/","title":{"rendered":"H\u00e9rcules e o servi\u00e7o \u00e0 humanidade"},"content":{"rendered":"<p><em>Um epis\u00f3dio do mito Os Doze Trabalhos de H\u00e9rcules interpretado por membros do grupo de estudos em Figueira.<\/em><\/p>\n<p>&nbsp;<br \/>\n<strong>Ou\u00e7a agora:<\/strong><\/p>\n<p><span data-href=\"https:\/\/www.irdin.org.br\/site\/envios\/audios\/1300_0005__por_por__hercules_e_o_servico_a_humanidade.mp3\" data-title=\"h\u00e9rcules e o servi\u00e7o \u00e0 humanidade\" data-rel=\"\" data-target=\"\" data-meta=\"#fap-meta-69e278f77a671\" class=\"fap-single-track fap-track-button fap-play-button\" data-enqueue=\"no\" data-autoenqueue=\"no\" title=\"h\u00e9rcules e o servi\u00e7o \u00e0 humanidade\"><span class=\"fap-icon-play\"><\/span>Ouvir<\/span> <a href=\"https:\/\/www.irdin.org.br\/site\/envios\/audios\/1300_0005__por_por__hercules_e_o_servico_a_humanidade.mp3\" class=\"baixar\" download><span class=\"fa fa-arrow-down\"><\/span>Baixar<\/span><\/a> <span class=\"textobaixar\"> h\u00e9rcules e o servi\u00e7o \u00e0 humanidade<\/span><\/p>\n<p>&nbsp;<\/p>\n","protected":false},"excerpt":{"rendered":"<p>Um epis\u00f3dio do mito Os Doze Trabalhos de H\u00e9rcules interpretado por membros do grupo de estudos em Figueira. &nbsp; Ou\u00e7a<\/p>\n","protected":false},"featured_media":37803,"template":"","meta":{"_acf_changed":false},"product_brand":[],"product_cat":[18076,33068],"product_tag":[41697],"class_list":{"0":"post-84198","1":"product","2":"type-product","3":"status-publish","4":"has-post-thumbnail","6":"product_cat-cddvd","7":"product_cat-palestras","8":"product_tag-41697","9":"pa_autor-mauricio-guidetti","10":"pa_codigo-da-serie-27005","11":"pa_codigo-externo-13000005porcd","12":"pa_data-de-gravacao-27015","13":"pa_duracao-49min58s","14":"pa_idioma-de-destino-portugues","15":"pa_idioma-de-origem-portugues","16":"pa_lancamento-no","17":"pa_midia-cd","18":"pa_moac-41696","19":"pa_quantidade-de-saldo-33067","20":"pa_sequencial-da-serie-31881","21":"pa_tipo-de-traducao-nao-classificado","23":"first","24":"outofstock","25":"product-type-simple"},"acf":[],"_links":{"self":[{"href":"https:\/\/www.irdin.org.br\/site\/wp-json\/wp\/v2\/product\/84198","targetHints":{"allow":["GET"]}}],"collection":[{"href":"https:\/\/www.irdin.org.br\/site\/wp-json\/wp\/v2\/product"}],"about":[{"href":"https:\/\/www.irdin.org.br\/site\/wp-json\/wp\/v2\/types\/product"}],"version-history":[{"count":0,"href":"https:\/\/www.irdin.org.br\/site\/wp-json\/wp\/v2\/product\/84198\/revisions"}],"wp:featuredmedia":[{"embeddable":true,"href":"https:\/\/www.irdin.org.br\/site\/wp-json\/wp\/v2\/media\/37803"}],"wp:attachment":[{"href":"https:\/\/www.irdin.org.br\/site\/wp-json\/wp\/v2\/media?parent=84198"}],"wp:term":[{"taxonomy":"product_brand","embeddable":true,"href":"https:\/\/www.irdin.org.br\/site\/wp-json\/wp\/v2\/product_brand?post=84198"},{"taxonomy":"product_cat","embeddable":true,"href":"https:\/\/www.irdin.org.br\/site\/wp-json\/wp\/v2\/product_cat?post=84198"},{"taxonomy":"product_tag","embeddable":true,"href":"https:\/\/www.irdin.org.br\/site\/wp-json\/wp\/v2\/product_tag?post=84198"}],"curies":[{"name":"wp","href":"https:\/\/api.w.org\/{rel}","templated":true}]}}