{"id":84199,"date":"2018-04-26T18:34:08","date_gmt":"2018-04-26T18:34:08","guid":{"rendered":"http:\/\/www.irdin.org.br\/site\/produto\/hercules-e-a-alegria\/"},"modified":"2025-03-15T01:33:28","modified_gmt":"2025-03-15T01:33:28","slug":"hercules-e-a-alegria","status":"publish","type":"product","link":"https:\/\/www.irdin.org.br\/site\/produtos\/hercules-e-a-alegria\/","title":{"rendered":"H\u00e9rcules e a alegria"},"content":{"rendered":"<p><em>Um epis\u00f3dio do mito Os Doze Trabalhos de H\u00e9rcules interpretado por membro do grupo de estudos em Figueira.<\/em><\/p>\n<p>&nbsp;<br \/>\n<strong>Ou\u00e7a agora:<\/strong><\/p>\n<p><span data-href=\"https:\/\/www.irdin.org.br\/site\/envios\/audios\/1400_0001__por_por__hercules_e_a_alegria.mp3\" data-title=\"h\u00e9rcules e a alegria\" data-rel=\"\" data-target=\"\" data-meta=\"#fap-meta-6a005b725437b\" class=\"fap-single-track fap-track-button fap-play-button\" data-enqueue=\"no\" data-autoenqueue=\"no\" title=\"h\u00e9rcules e a alegria\"><span class=\"fap-icon-play\"><\/span>Ouvir<\/span> <a href=\"https:\/\/www.irdin.org.br\/site\/envios\/audios\/1400_0001__por_por__hercules_e_a_alegria.mp3\" class=\"baixar\" download><span class=\"fa fa-arrow-down\"><\/span>Baixar<\/span><\/a> <span class=\"textobaixar\"> h\u00e9rcules e a alegria<\/span><\/p>\n<p>&nbsp;<\/p>\n","protected":false},"excerpt":{"rendered":"<p>Um epis\u00f3dio do mito Os Doze Trabalhos de H\u00e9rcules interpretado por membro do grupo de estudos em Figueira. &nbsp; Ou\u00e7a<\/p>\n","protected":false},"featured_media":37803,"template":"","meta":{"_acf_changed":false},"product_brand":[],"product_cat":[18076,33068],"product_tag":[41699],"class_list":{"0":"post-84199","1":"product","2":"type-product","3":"status-publish","4":"has-post-thumbnail","6":"product_cat-cddvd","7":"product_cat-palestras","8":"product_tag-41699","9":"pa_autor-mauricio-guidetti","10":"pa_codigo-da-serie-27021","11":"pa_codigo-externo-14000001porcd","12":"pa_data-de-gravacao-27019","13":"pa_duracao-40min","14":"pa_idioma-de-destino-portugues","15":"pa_idioma-de-origem-portugues","16":"pa_lancamento-no","17":"pa_midia-cd","18":"pa_moac-41698","19":"pa_quantidade-de-saldo-33067","20":"pa_sequencial-da-serie-31877","21":"pa_tipo-de-traducao-nao-classificado","23":"first","24":"outofstock","25":"product-type-simple"},"acf":[],"_links":{"self":[{"href":"https:\/\/www.irdin.org.br\/site\/wp-json\/wp\/v2\/product\/84199","targetHints":{"allow":["GET"]}}],"collection":[{"href":"https:\/\/www.irdin.org.br\/site\/wp-json\/wp\/v2\/product"}],"about":[{"href":"https:\/\/www.irdin.org.br\/site\/wp-json\/wp\/v2\/types\/product"}],"version-history":[{"count":1,"href":"https:\/\/www.irdin.org.br\/site\/wp-json\/wp\/v2\/product\/84199\/revisions"}],"predecessor-version":[{"id":108241,"href":"https:\/\/www.irdin.org.br\/site\/wp-json\/wp\/v2\/product\/84199\/revisions\/108241"}],"wp:featuredmedia":[{"embeddable":true,"href":"https:\/\/www.irdin.org.br\/site\/wp-json\/wp\/v2\/media\/37803"}],"wp:attachment":[{"href":"https:\/\/www.irdin.org.br\/site\/wp-json\/wp\/v2\/media?parent=84199"}],"wp:term":[{"taxonomy":"product_brand","embeddable":true,"href":"https:\/\/www.irdin.org.br\/site\/wp-json\/wp\/v2\/product_brand?post=84199"},{"taxonomy":"product_cat","embeddable":true,"href":"https:\/\/www.irdin.org.br\/site\/wp-json\/wp\/v2\/product_cat?post=84199"},{"taxonomy":"product_tag","embeddable":true,"href":"https:\/\/www.irdin.org.br\/site\/wp-json\/wp\/v2\/product_tag?post=84199"}],"curies":[{"name":"wp","href":"https:\/\/api.w.org\/{rel}","templated":true}]}}