{"id":84200,"date":"2018-04-26T18:34:08","date_gmt":"2018-04-26T18:34:08","guid":{"rendered":"http:\/\/www.irdin.org.br\/site\/produto\/experiencia-monastica-em-figueira\/"},"modified":"2025-03-15T01:33:43","modified_gmt":"2025-03-15T01:33:43","slug":"experiencia-monastica-em-figueira","status":"publish","type":"product","link":"https:\/\/www.irdin.org.br\/site\/produtos\/experiencia-monastica-em-figueira\/","title":{"rendered":"Experi\u00eancia mon\u00e1stica em Figueira"},"content":{"rendered":"<p><em>A experi\u00eancia mon\u00e1stica n\u00e3o \u00e9 submiss\u00e3o a um conjunto de regras, mas um processo de liberta\u00e7\u00e3o da alma. Nela somos treinados e amadurecidos para a riqueza abundante e infinita do esp\u00edrito.<\/em><\/p>\n<p>&nbsp;<br \/>\n<strong>Ou\u00e7a agora:<\/strong><\/p>\n<p><span data-href=\"https:\/\/www.irdin.org.br\/site\/envios\/audios\/1400_0002__por_por__experiencia_monastica_em_figueira.mp3\" data-title=\"experi\u00eancia mon\u00e1stica em figueira\" data-rel=\"\" data-target=\"\" data-meta=\"#fap-meta-69e28eddf298e\" class=\"fap-single-track fap-track-button fap-play-button\" data-enqueue=\"no\" data-autoenqueue=\"no\" title=\"experi\u00eancia mon\u00e1stica em figueira\"><span class=\"fap-icon-play\"><\/span>Ouvir<\/span> <a href=\"https:\/\/www.irdin.org.br\/site\/envios\/audios\/1400_0002__por_por__experiencia_monastica_em_figueira.mp3\" class=\"baixar\" download><span class=\"fa fa-arrow-down\"><\/span>Baixar<\/span><\/a> <span class=\"textobaixar\"> experi\u00eancia mon\u00e1stica em figueira<\/span><\/p>\n<p>&nbsp;<\/p>\n","protected":false},"excerpt":{"rendered":"<p>A experi\u00eancia mon\u00e1stica n\u00e3o \u00e9 submiss\u00e3o a um conjunto de regras, mas um processo de liberta\u00e7\u00e3o da alma. Nela somos<\/p>\n","protected":false},"featured_media":37803,"template":"","meta":{"_acf_changed":false},"product_brand":[],"product_cat":[18076,33068],"product_tag":[41701],"class_list":{"0":"post-84200","1":"product","2":"type-product","3":"status-publish","4":"has-post-thumbnail","6":"product_cat-cddvd","7":"product_cat-palestras","8":"product_tag-41701","9":"pa_autor-mauricio-guidetti","10":"pa_codigo-da-serie-27021","11":"pa_codigo-externo-14000002porcd","12":"pa_data-de-gravacao-27023","13":"pa_duracao-39min","14":"pa_idioma-de-destino-portugues","15":"pa_idioma-de-origem-portugues","16":"pa_lancamento-no","17":"pa_midia-cd","18":"pa_moac-41700","19":"pa_quantidade-de-saldo-33067","20":"pa_sequencial-da-serie-31878","21":"pa_tipo-de-traducao-nao-classificado","23":"first","24":"outofstock","25":"product-type-simple"},"acf":[],"_links":{"self":[{"href":"https:\/\/www.irdin.org.br\/site\/wp-json\/wp\/v2\/product\/84200","targetHints":{"allow":["GET"]}}],"collection":[{"href":"https:\/\/www.irdin.org.br\/site\/wp-json\/wp\/v2\/product"}],"about":[{"href":"https:\/\/www.irdin.org.br\/site\/wp-json\/wp\/v2\/types\/product"}],"version-history":[{"count":1,"href":"https:\/\/www.irdin.org.br\/site\/wp-json\/wp\/v2\/product\/84200\/revisions"}],"predecessor-version":[{"id":108242,"href":"https:\/\/www.irdin.org.br\/site\/wp-json\/wp\/v2\/product\/84200\/revisions\/108242"}],"wp:featuredmedia":[{"embeddable":true,"href":"https:\/\/www.irdin.org.br\/site\/wp-json\/wp\/v2\/media\/37803"}],"wp:attachment":[{"href":"https:\/\/www.irdin.org.br\/site\/wp-json\/wp\/v2\/media?parent=84200"}],"wp:term":[{"taxonomy":"product_brand","embeddable":true,"href":"https:\/\/www.irdin.org.br\/site\/wp-json\/wp\/v2\/product_brand?post=84200"},{"taxonomy":"product_cat","embeddable":true,"href":"https:\/\/www.irdin.org.br\/site\/wp-json\/wp\/v2\/product_cat?post=84200"},{"taxonomy":"product_tag","embeddable":true,"href":"https:\/\/www.irdin.org.br\/site\/wp-json\/wp\/v2\/product_tag?post=84200"}],"curies":[{"name":"wp","href":"https:\/\/api.w.org\/{rel}","templated":true}]}}