{"id":84204,"date":"2018-04-26T18:34:08","date_gmt":"2018-04-26T18:34:08","guid":{"rendered":"http:\/\/www.irdin.org.br\/site\/produto\/preguntas-y-respuestas-1\/"},"modified":"2025-07-04T08:59:38","modified_gmt":"2025-07-04T11:59:38","slug":"preguntas-y-respuestas-1","status":"publish","type":"product","link":"https:\/\/www.irdin.org.br\/site\/produtos\/preguntas-y-respuestas-1\/","title":{"rendered":"Preguntas y respuestas &#8211; 1"},"content":{"rendered":"<p><em>Protecci\u00f3n de la Energ\u00eda Cr\u00edstica \/ Amor y perd\u00f3n \/ Hierbas curativas \/ Higiene de nuestra aura \/ Oraci\u00f3n y sinton\u00eda \/ La luz violeta del centro de la galaxia \/ Mantras en idiomas antiguos y mantras en Irdin \/ El perd\u00f3n que incluye la redenci\u00f3n \/ La importancia del autoconocimiento<\/em><\/p>\n<p><strong>Ou\u00e7a agora:<\/strong><\/p>\n<p><span data-href=\"https:\/\/www.irdin.org.br\/site\/envios\/audios\/2100_0001__spa_spa__preguntas_y_respuestas_1.mp3\" data-title=\"preguntas y respuestas - 1\" data-rel=\"\" data-target=\"\" data-meta=\"#fap-meta-69e29e57af59b\" class=\"fap-single-track fap-track-button fap-play-button\" data-enqueue=\"no\" data-autoenqueue=\"no\" title=\"preguntas y respuestas - 1\"><span class=\"fap-icon-play\"><\/span>Ouvir<\/span> <a class=\"baixar\" href=\"https:\/\/www.irdin.org.br\/site\/envios\/audios\/2100_0001__spa_spa__preguntas_y_respuestas_1.mp3\" download=\"\">Baixar<\/a> <span class=\"textobaixar\"> preguntas y respuestas &#8211; 1<\/span><\/p>\n<p>&nbsp;<\/p>\n","protected":false},"excerpt":{"rendered":"<p>Protecci\u00f3n de la Energ\u00eda Cr\u00edstica \/ Amor y perd\u00f3n \/ Hierbas curativas \/ Higiene de nuestra aura \/ Oraci\u00f3n y<\/p>\n","protected":false},"featured_media":37803,"template":"","meta":{"_acf_changed":false},"product_brand":[],"product_cat":[18076,33068],"product_tag":[41709],"class_list":{"0":"post-84204","1":"product","2":"type-product","3":"status-publish","4":"has-post-thumbnail","6":"product_cat-cddvd","7":"product_cat-palestras","8":"product_tag-41709","9":"pa_autor-madre-maria-shimani","10":"pa_codigo-da-serie-27065","11":"pa_codigo-externo-21000001spacd","12":"pa_data-de-gravacao-27063","13":"pa_duracao-36-min","14":"pa_idioma-de-destino-espanhol","15":"pa_idioma-de-origem-espanhol","16":"pa_lancamento-no","17":"pa_midia-cd","18":"pa_moac-41708","19":"pa_quantidade-de-saldo-33067","20":"pa_sequencial-da-serie-31877","21":"pa_tipo-de-traducao-nao-classificado","23":"first","24":"outofstock","25":"product-type-simple"},"acf":[],"_links":{"self":[{"href":"https:\/\/www.irdin.org.br\/site\/wp-json\/wp\/v2\/product\/84204","targetHints":{"allow":["GET"]}}],"collection":[{"href":"https:\/\/www.irdin.org.br\/site\/wp-json\/wp\/v2\/product"}],"about":[{"href":"https:\/\/www.irdin.org.br\/site\/wp-json\/wp\/v2\/types\/product"}],"version-history":[{"count":1,"href":"https:\/\/www.irdin.org.br\/site\/wp-json\/wp\/v2\/product\/84204\/revisions"}],"predecessor-version":[{"id":108217,"href":"https:\/\/www.irdin.org.br\/site\/wp-json\/wp\/v2\/product\/84204\/revisions\/108217"}],"wp:featuredmedia":[{"embeddable":true,"href":"https:\/\/www.irdin.org.br\/site\/wp-json\/wp\/v2\/media\/37803"}],"wp:attachment":[{"href":"https:\/\/www.irdin.org.br\/site\/wp-json\/wp\/v2\/media?parent=84204"}],"wp:term":[{"taxonomy":"product_brand","embeddable":true,"href":"https:\/\/www.irdin.org.br\/site\/wp-json\/wp\/v2\/product_brand?post=84204"},{"taxonomy":"product_cat","embeddable":true,"href":"https:\/\/www.irdin.org.br\/site\/wp-json\/wp\/v2\/product_cat?post=84204"},{"taxonomy":"product_tag","embeddable":true,"href":"https:\/\/www.irdin.org.br\/site\/wp-json\/wp\/v2\/product_tag?post=84204"}],"curies":[{"name":"wp","href":"https:\/\/api.w.org\/{rel}","templated":true}]}}