{"id":84209,"date":"2018-04-26T18:34:08","date_gmt":"2018-04-26T18:34:08","guid":{"rendered":"http:\/\/www.irdin.org.br\/site\/produto\/preguntas-y-respuestas-6\/"},"modified":"2025-07-04T08:59:35","modified_gmt":"2025-07-04T11:59:35","slug":"preguntas-y-respuestas-6","status":"publish","type":"product","link":"https:\/\/www.irdin.org.br\/site\/produtos\/preguntas-y-respuestas-6\/","title":{"rendered":"Preguntas y respuestas &#8211; 6"},"content":{"rendered":"<p><em>Actitud ben\u00e9fica ante la presente situaci\u00f3n global \/ Centros planetarios y retiros intraterrenos en nuestra transformaci\u00f3n \/ Cura c\u00f3smica y redenci\u00f3n desde Aurora \/ Comprender los propios errores \/ Erks en la cura espiritual \/ Vivir en el real tiempo del Universo \/ Ayuda del Padre P\u00edo \/ Paz, comprensi\u00f3n, compasi\u00f3n, perd\u00f3n incondicional y rehabilitaci\u00f3n<\/em><\/p>\n<p>&nbsp;<br \/>\n<strong>Ou\u00e7a agora:<\/strong><\/p>\n<p><span data-href=\"https:\/\/www.irdin.org.br\/site\/envios\/audios\/2100_0006__spa_spa__preguntas_y_respuestas_6.mp3\" data-title=\"preguntas y respuestas - 6\" data-rel=\"\" data-target=\"\" data-meta=\"#fap-meta-69e2db9f0dd1d\" class=\"fap-single-track fap-track-button fap-play-button\" data-enqueue=\"no\" data-autoenqueue=\"no\" title=\"preguntas y respuestas - 6\"><span class=\"fap-icon-play\"><\/span>Ouvir<\/span> <a href=\"https:\/\/www.irdin.org.br\/site\/envios\/audios\/2100_0006__spa_spa__preguntas_y_respuestas_6.mp3\" class=\"baixar\" download><span class=\"fa fa-arrow-down\"><\/span>Baixar<\/span><\/a> <span class=\"textobaixar\"> preguntas y respuestas &#8211; 6<\/span><\/p>\n<p>&nbsp;<\/p>\n","protected":false},"excerpt":{"rendered":"<p>Actitud ben\u00e9fica ante la presente situaci\u00f3n global \/ Centros planetarios y retiros intraterrenos en nuestra transformaci\u00f3n \/ Cura c\u00f3smica y<\/p>\n","protected":false},"featured_media":37803,"template":"","meta":{"_acf_changed":false},"product_brand":[],"product_cat":[18076,33068],"product_tag":[41719],"class_list":{"0":"post-84209","1":"product","2":"type-product","3":"status-publish","4":"has-post-thumbnail","6":"product_cat-cddvd","7":"product_cat-palestras","8":"product_tag-41719","9":"pa_autor-madre-maria-shimani","10":"pa_codigo-da-serie-27065","11":"pa_codigo-externo-21000006spacd","12":"pa_data-de-gravacao-27082","13":"pa_duracao-38-min-9-s","14":"pa_idioma-de-destino-espanhol","15":"pa_idioma-de-origem-espanhol","16":"pa_lancamento-no","17":"pa_midia-cd","18":"pa_moac-41718","19":"pa_quantidade-de-saldo-33067","20":"pa_sequencial-da-serie-31882","21":"pa_tipo-de-traducao-nao-classificado","23":"first","24":"outofstock","25":"product-type-simple"},"acf":[],"_links":{"self":[{"href":"https:\/\/www.irdin.org.br\/site\/wp-json\/wp\/v2\/product\/84209","targetHints":{"allow":["GET"]}}],"collection":[{"href":"https:\/\/www.irdin.org.br\/site\/wp-json\/wp\/v2\/product"}],"about":[{"href":"https:\/\/www.irdin.org.br\/site\/wp-json\/wp\/v2\/types\/product"}],"version-history":[{"count":1,"href":"https:\/\/www.irdin.org.br\/site\/wp-json\/wp\/v2\/product\/84209\/revisions"}],"predecessor-version":[{"id":108222,"href":"https:\/\/www.irdin.org.br\/site\/wp-json\/wp\/v2\/product\/84209\/revisions\/108222"}],"wp:featuredmedia":[{"embeddable":true,"href":"https:\/\/www.irdin.org.br\/site\/wp-json\/wp\/v2\/media\/37803"}],"wp:attachment":[{"href":"https:\/\/www.irdin.org.br\/site\/wp-json\/wp\/v2\/media?parent=84209"}],"wp:term":[{"taxonomy":"product_brand","embeddable":true,"href":"https:\/\/www.irdin.org.br\/site\/wp-json\/wp\/v2\/product_brand?post=84209"},{"taxonomy":"product_cat","embeddable":true,"href":"https:\/\/www.irdin.org.br\/site\/wp-json\/wp\/v2\/product_cat?post=84209"},{"taxonomy":"product_tag","embeddable":true,"href":"https:\/\/www.irdin.org.br\/site\/wp-json\/wp\/v2\/product_tag?post=84209"}],"curies":[{"name":"wp","href":"https:\/\/api.w.org\/{rel}","templated":true}]}}