{"id":84222,"date":"2018-04-26T18:34:29","date_gmt":"2018-04-26T18:34:29","guid":{"rendered":"http:\/\/www.irdin.org.br\/site\/produto\/planeta-desactivado\/"},"modified":"2025-08-12T10:12:41","modified_gmt":"2025-08-12T13:12:41","slug":"planeta-desactivado","status":"publish","type":"product","link":"https:\/\/www.irdin.org.br\/site\/produtos\/planeta-desactivado\/","title":{"rendered":"\u00bfPlaneta desactivado?"},"content":{"rendered":"<p><em>La Tierra est\u00e1 agonizando, pero puede restablecerse. Se necesitan seres humanos que canalicen hacia su superficie energ\u00edas cr\u00edsticas. Una gran fuerza puede llegar de Am\u00e9rica del Sur, especialmente del tri\u00e1ngulo Uruguay, Argentina, Brasil.<\/em><\/p>\n<p><strong>Ou\u00e7a agora:<\/strong><\/p>\n<p><span data-href=\"https:\/\/www.irdin.org.br\/site\/envios\/audios\/2101_0006__spa_spa__planeta_desactivado_.mp3\" data-title=\"\u00bfplaneta desactivado?\" data-rel=\"\" data-target=\"\" data-meta=\"#fap-meta-69e26f8ac945b\" class=\"fap-single-track fap-track-button fap-play-button\" data-enqueue=\"no\" data-autoenqueue=\"no\" title=\"\u00bfplaneta desactivado?\"><span class=\"fap-icon-play\"><\/span>Ouvir<\/span> <a class=\"baixar\" href=\"https:\/\/www.irdin.org.br\/site\/envios\/audios\/2101_0006__spa_spa__planeta_desactivado_.mp3\" download=\"\">Baixar<\/a> <span class=\"textobaixar\"> \u00bfplaneta desactivado?<\/span><\/p>\n<p>&nbsp;<\/p>\n","protected":false},"excerpt":{"rendered":"<p>La Tierra est\u00e1 agonizando, pero puede restablecerse. Se necesitan seres humanos que canalicen hacia su superficie energ\u00edas cr\u00edsticas. Una gran<\/p>\n","protected":false},"featured_media":37803,"template":"","meta":{"_acf_changed":false},"product_brand":[],"product_cat":[18076,33068],"product_tag":[41745],"class_list":{"0":"post-84222","1":"product","2":"type-product","3":"status-publish","4":"has-post-thumbnail","6":"product_cat-cddvd","7":"product_cat-palestras","8":"product_tag-41745","9":"pa_autor-madre-maria-shimani","10":"pa_codigo-da-serie-27126","11":"pa_codigo-externo-21010006spacd","12":"pa_data-de-gravacao-27140","13":"pa_duracao-22-min","14":"pa_idioma-de-destino-espanhol","15":"pa_idioma-de-origem-espanhol","16":"pa_lancamento-no","17":"pa_midia-cd","18":"pa_moac-41744","19":"pa_quantidade-de-saldo-33067","20":"pa_sequencial-da-serie-31882","21":"pa_tipo-de-traducao-nao-classificado","23":"first","24":"outofstock","25":"product-type-simple"},"acf":[],"_links":{"self":[{"href":"https:\/\/www.irdin.org.br\/site\/wp-json\/wp\/v2\/product\/84222","targetHints":{"allow":["GET"]}}],"collection":[{"href":"https:\/\/www.irdin.org.br\/site\/wp-json\/wp\/v2\/product"}],"about":[{"href":"https:\/\/www.irdin.org.br\/site\/wp-json\/wp\/v2\/types\/product"}],"version-history":[{"count":1,"href":"https:\/\/www.irdin.org.br\/site\/wp-json\/wp\/v2\/product\/84222\/revisions"}],"predecessor-version":[{"id":108201,"href":"https:\/\/www.irdin.org.br\/site\/wp-json\/wp\/v2\/product\/84222\/revisions\/108201"}],"wp:featuredmedia":[{"embeddable":true,"href":"https:\/\/www.irdin.org.br\/site\/wp-json\/wp\/v2\/media\/37803"}],"wp:attachment":[{"href":"https:\/\/www.irdin.org.br\/site\/wp-json\/wp\/v2\/media?parent=84222"}],"wp:term":[{"taxonomy":"product_brand","embeddable":true,"href":"https:\/\/www.irdin.org.br\/site\/wp-json\/wp\/v2\/product_brand?post=84222"},{"taxonomy":"product_cat","embeddable":true,"href":"https:\/\/www.irdin.org.br\/site\/wp-json\/wp\/v2\/product_cat?post=84222"},{"taxonomy":"product_tag","embeddable":true,"href":"https:\/\/www.irdin.org.br\/site\/wp-json\/wp\/v2\/product_tag?post=84222"}],"curies":[{"name":"wp","href":"https:\/\/api.w.org\/{rel}","templated":true}]}}