{"id":84223,"date":"2018-04-26T18:34:29","date_gmt":"2018-04-26T18:34:29","guid":{"rendered":"http:\/\/www.irdin.org.br\/site\/produto\/nuestro-mundo-interior-1a-parte\/"},"modified":"2025-08-11T09:10:33","modified_gmt":"2025-08-11T12:10:33","slug":"nuestro-mundo-interior-1a-parte","status":"publish","type":"product","link":"https:\/\/www.irdin.org.br\/site\/produtos\/nuestro-mundo-interior-1a-parte\/","title":{"rendered":"Nuestro mundo interior &#8211; 1\u00aa parte"},"content":{"rendered":"<p><em>Podemos conectarnos progresivamente con realidades cada vez m\u00e1s profundas de nuestro ser: descubrir el maestro interior y el alma, activar en nosotros la energ\u00eda cr\u00edstica y la verdadera fe. Y, despu\u00e9s de todo ese trayecto, contactar la propia m\u00f3nada.<\/em><\/p>\n<p><strong>Ou\u00e7a agora:<\/strong><\/p>\n<p><span data-href=\"https:\/\/www.irdin.org.br\/site\/envios\/audios\/2101_0009__spa_spa__nuestro_mundo_interior_1_parte.mp3\" data-title=\"nuestro mundo interior - 1\u00aa parte\" data-rel=\"\" data-target=\"\" data-meta=\"#fap-meta-69e284d06dd77\" class=\"fap-single-track fap-track-button fap-play-button\" data-enqueue=\"no\" data-autoenqueue=\"no\" title=\"nuestro mundo interior - 1\u00aa parte\"><span class=\"fap-icon-play\"><\/span>Ouvir<\/span> <a class=\"baixar\" href=\"https:\/\/www.irdin.org.br\/site\/envios\/audios\/2101_0009__spa_spa__nuestro_mundo_interior_1_parte.mp3\" download=\"\">Baixar<\/a> <span class=\"textobaixar\"> nuestro mundo interior &#8211; 1\u00aa parte<\/span><\/p>\n<p>&nbsp;<\/p>\n","protected":false},"excerpt":{"rendered":"<p>Podemos conectarnos progresivamente con realidades cada vez m\u00e1s profundas de nuestro ser: descubrir el maestro interior y el alma, activar<\/p>\n","protected":false},"featured_media":37803,"template":"","meta":{"_acf_changed":false},"product_brand":[],"product_cat":[18076,33068],"product_tag":[41747],"class_list":{"0":"post-84223","1":"product","2":"type-product","3":"status-publish","4":"has-post-thumbnail","6":"product_cat-cddvd","7":"product_cat-palestras","8":"product_tag-41747","9":"pa_autor-madre-maria-shimani","10":"pa_codigo-da-serie-27126","11":"pa_codigo-externo-21010009spacd","12":"pa_data-de-gravacao-27149","13":"pa_duracao-46-min","14":"pa_idioma-de-destino-espanhol","15":"pa_idioma-de-origem-espanhol","16":"pa_lancamento-no","17":"pa_midia-cd","18":"pa_moac-41746","19":"pa_quantidade-de-saldo-33067","20":"pa_sequencial-da-serie-31889","21":"pa_tipo-de-traducao-nao-classificado","23":"first","24":"outofstock","25":"product-type-simple"},"acf":[],"_links":{"self":[{"href":"https:\/\/www.irdin.org.br\/site\/wp-json\/wp\/v2\/product\/84223","targetHints":{"allow":["GET"]}}],"collection":[{"href":"https:\/\/www.irdin.org.br\/site\/wp-json\/wp\/v2\/product"}],"about":[{"href":"https:\/\/www.irdin.org.br\/site\/wp-json\/wp\/v2\/types\/product"}],"version-history":[{"count":2,"href":"https:\/\/www.irdin.org.br\/site\/wp-json\/wp\/v2\/product\/84223\/revisions"}],"predecessor-version":[{"id":109887,"href":"https:\/\/www.irdin.org.br\/site\/wp-json\/wp\/v2\/product\/84223\/revisions\/109887"}],"wp:featuredmedia":[{"embeddable":true,"href":"https:\/\/www.irdin.org.br\/site\/wp-json\/wp\/v2\/media\/37803"}],"wp:attachment":[{"href":"https:\/\/www.irdin.org.br\/site\/wp-json\/wp\/v2\/media?parent=84223"}],"wp:term":[{"taxonomy":"product_brand","embeddable":true,"href":"https:\/\/www.irdin.org.br\/site\/wp-json\/wp\/v2\/product_brand?post=84223"},{"taxonomy":"product_cat","embeddable":true,"href":"https:\/\/www.irdin.org.br\/site\/wp-json\/wp\/v2\/product_cat?post=84223"},{"taxonomy":"product_tag","embeddable":true,"href":"https:\/\/www.irdin.org.br\/site\/wp-json\/wp\/v2\/product_tag?post=84223"}],"curies":[{"name":"wp","href":"https:\/\/api.w.org\/{rel}","templated":true}]}}