{"id":84228,"date":"2018-04-26T18:34:29","date_gmt":"2018-04-26T18:34:29","guid":{"rendered":"http:\/\/www.irdin.org.br\/site\/produto\/en-el-momento-de-la-gran-tribulacion\/"},"modified":"2025-08-12T10:14:09","modified_gmt":"2025-08-12T13:14:09","slug":"en-el-momento-de-la-gran-tribulacion","status":"publish","type":"product","link":"https:\/\/www.irdin.org.br\/site\/produtos\/en-el-momento-de-la-gran-tribulacion\/","title":{"rendered":"En el momento de la gran tribulaci\u00f3n"},"content":{"rendered":"<p><em>Las ense\u00f1anzas que recibimos est\u00e1n a nuestra disposici\u00f3n en todo momento, incluso en las horas m\u00e1s dif\u00edciles, siempre que hayamos dejado que ingresen correctamente en nuestra aura.<\/em><\/p>\n<p><strong>Ou\u00e7a agora:<\/strong><\/p>\n<p><span data-href=\"https:\/\/www.irdin.org.br\/site\/envios\/audios\/2101_0015__spa_spa__en_el_momento_de_la_gran_tribulacion.mp3\" data-title=\"en el momento de la gran tribulaci\u00f3n\" data-rel=\"\" data-target=\"\" data-meta=\"#fap-meta-69e28c354356e\" class=\"fap-single-track fap-track-button fap-play-button\" data-enqueue=\"no\" data-autoenqueue=\"no\" title=\"en el momento de la gran tribulaci\u00f3n\"><span class=\"fap-icon-play\"><\/span>Ouvir<\/span> <a class=\"baixar\" href=\"https:\/\/www.irdin.org.br\/site\/envios\/audios\/2101_0015__spa_spa__en_el_momento_de_la_gran_tribulacion.mp3\" download=\"\">Baixar<\/a> <span class=\"textobaixar\"> en el momento de la gran tribulaci\u00f3n<\/span><\/p>\n<p>&nbsp;<\/p>\n","protected":false},"excerpt":{"rendered":"<p>Las ense\u00f1anzas que recibimos est\u00e1n a nuestra disposici\u00f3n en todo momento, incluso en las horas m\u00e1s dif\u00edciles, siempre que hayamos<\/p>\n","protected":false},"featured_media":37803,"template":"","meta":{"_acf_changed":false},"product_brand":[],"product_cat":[18076,33068],"product_tag":[41757],"class_list":{"0":"post-84228","1":"product","2":"type-product","3":"status-publish","4":"has-post-thumbnail","6":"product_cat-cddvd","7":"product_cat-palestras","8":"product_tag-41757","9":"pa_autor-madre-maria-shimani","10":"pa_codigo-da-serie-27126","11":"pa_codigo-externo-21010015spacd","12":"pa_data-de-gravacao-27164","13":"pa_duracao-42-min","14":"pa_idioma-de-destino-espanhol","15":"pa_idioma-de-origem-espanhol","16":"pa_lancamento-no","17":"pa_midia-cd","18":"pa_moac-41756","19":"pa_quantidade-de-saldo-33067","20":"pa_sequencial-da-serie-31897","21":"pa_tipo-de-traducao-nao-classificado","23":"first","24":"outofstock","25":"product-type-simple"},"acf":[],"_links":{"self":[{"href":"https:\/\/www.irdin.org.br\/site\/wp-json\/wp\/v2\/product\/84228","targetHints":{"allow":["GET"]}}],"collection":[{"href":"https:\/\/www.irdin.org.br\/site\/wp-json\/wp\/v2\/product"}],"about":[{"href":"https:\/\/www.irdin.org.br\/site\/wp-json\/wp\/v2\/types\/product"}],"version-history":[{"count":1,"href":"https:\/\/www.irdin.org.br\/site\/wp-json\/wp\/v2\/product\/84228\/revisions"}],"predecessor-version":[{"id":108207,"href":"https:\/\/www.irdin.org.br\/site\/wp-json\/wp\/v2\/product\/84228\/revisions\/108207"}],"wp:featuredmedia":[{"embeddable":true,"href":"https:\/\/www.irdin.org.br\/site\/wp-json\/wp\/v2\/media\/37803"}],"wp:attachment":[{"href":"https:\/\/www.irdin.org.br\/site\/wp-json\/wp\/v2\/media?parent=84228"}],"wp:term":[{"taxonomy":"product_brand","embeddable":true,"href":"https:\/\/www.irdin.org.br\/site\/wp-json\/wp\/v2\/product_brand?post=84228"},{"taxonomy":"product_cat","embeddable":true,"href":"https:\/\/www.irdin.org.br\/site\/wp-json\/wp\/v2\/product_cat?post=84228"},{"taxonomy":"product_tag","embeddable":true,"href":"https:\/\/www.irdin.org.br\/site\/wp-json\/wp\/v2\/product_tag?post=84228"}],"curies":[{"name":"wp","href":"https:\/\/api.w.org\/{rel}","templated":true}]}}