{"id":84230,"date":"2018-04-26T18:34:29","date_gmt":"2018-04-26T18:34:29","guid":{"rendered":"http:\/\/www.irdin.org.br\/site\/produto\/grupos-operativos-y-contacto-con-las-jerarquias\/"},"modified":"2025-08-12T10:15:40","modified_gmt":"2025-08-12T13:15:40","slug":"grupos-operativos-y-contacto-con-las-jerarquias","status":"publish","type":"product","link":"https:\/\/www.irdin.org.br\/site\/produtos\/grupos-operativos-y-contacto-con-las-jerarquias\/","title":{"rendered":"Grupos operativos y contacto con las Jerarqu\u00edas"},"content":{"rendered":"<p><em>Hoy hay varios tipos de grupos espirituales al servicio de la redenci\u00f3n planetaria. Entre ellos, los llamados operativos, totalmente dedicados a captar el prop\u00f3sito de las Jerarqu\u00edas y a ejecutarlo para dar cumplimiento al Plan Evolutivo.<\/em><\/p>\n<p><strong>Ou\u00e7a agora:<\/strong><\/p>\n<p><span data-href=\"https:\/\/www.irdin.org.br\/site\/envios\/audios\/2101_0019__spa_spa__grupos_operativos_y_contacto_con_las_jerarquias.mp3\" data-title=\"grupos operativos y contacto con las jerarqu\u00edas\" data-rel=\"\" data-target=\"\" data-meta=\"#fap-meta-69ff46eff1596\" class=\"fap-single-track fap-track-button fap-play-button\" data-enqueue=\"no\" data-autoenqueue=\"no\" title=\"grupos operativos y contacto con las jerarqu\u00edas\"><span class=\"fap-icon-play\"><\/span>Ouvir<\/span> <a class=\"baixar\" href=\"https:\/\/www.irdin.org.br\/site\/envios\/audios\/2101_0019__spa_spa__grupos_operativos_y_contacto_con_las_jerarquias.mp3\" download=\"\">Baixar<\/a> <span class=\"textobaixar\"> grupos operativos y contacto con las jerarqu\u00edas<\/span><\/p>\n<p>&nbsp;<\/p>\n","protected":false},"excerpt":{"rendered":"<p>Hoy hay varios tipos de grupos espirituales al servicio de la redenci\u00f3n planetaria. Entre ellos, los llamados operativos, totalmente dedicados<\/p>\n","protected":false},"featured_media":37803,"template":"","meta":{"_acf_changed":false},"product_brand":[],"product_cat":[18076,33068],"product_tag":[41761],"class_list":{"0":"post-84230","1":"product","2":"type-product","3":"status-publish","4":"has-post-thumbnail","6":"product_cat-cddvd","7":"product_cat-palestras","8":"product_tag-41761","9":"pa_autor-madre-maria-shimani","10":"pa_codigo-da-serie-27126","11":"pa_codigo-externo-21010019spacd","12":"pa_data-de-gravacao-27175","13":"pa_duracao-22-min","14":"pa_idioma-de-destino-espanhol","15":"pa_idioma-de-origem-espanhol","16":"pa_lancamento-no","17":"pa_midia-cd","18":"pa_moac-41760","19":"pa_quantidade-de-saldo-33067","20":"pa_sequencial-da-serie-31872","21":"pa_tipo-de-traducao-nao-classificado","23":"first","24":"outofstock","25":"product-type-simple"},"acf":[],"_links":{"self":[{"href":"https:\/\/www.irdin.org.br\/site\/wp-json\/wp\/v2\/product\/84230","targetHints":{"allow":["GET"]}}],"collection":[{"href":"https:\/\/www.irdin.org.br\/site\/wp-json\/wp\/v2\/product"}],"about":[{"href":"https:\/\/www.irdin.org.br\/site\/wp-json\/wp\/v2\/types\/product"}],"version-history":[{"count":2,"href":"https:\/\/www.irdin.org.br\/site\/wp-json\/wp\/v2\/product\/84230\/revisions"}],"predecessor-version":[{"id":108209,"href":"https:\/\/www.irdin.org.br\/site\/wp-json\/wp\/v2\/product\/84230\/revisions\/108209"}],"wp:featuredmedia":[{"embeddable":true,"href":"https:\/\/www.irdin.org.br\/site\/wp-json\/wp\/v2\/media\/37803"}],"wp:attachment":[{"href":"https:\/\/www.irdin.org.br\/site\/wp-json\/wp\/v2\/media?parent=84230"}],"wp:term":[{"taxonomy":"product_brand","embeddable":true,"href":"https:\/\/www.irdin.org.br\/site\/wp-json\/wp\/v2\/product_brand?post=84230"},{"taxonomy":"product_cat","embeddable":true,"href":"https:\/\/www.irdin.org.br\/site\/wp-json\/wp\/v2\/product_cat?post=84230"},{"taxonomy":"product_tag","embeddable":true,"href":"https:\/\/www.irdin.org.br\/site\/wp-json\/wp\/v2\/product_tag?post=84230"}],"curies":[{"name":"wp","href":"https:\/\/api.w.org\/{rel}","templated":true}]}}