{"id":84244,"date":"2018-04-26T18:34:50","date_gmt":"2018-04-26T18:34:50","guid":{"rendered":"http:\/\/www.irdin.org.br\/site\/produto\/la-verdadera-historia-de-la-transfiguracion-de-jesus\/"},"modified":"2025-09-01T15:19:23","modified_gmt":"2025-09-01T18:19:23","slug":"la-verdadera-historia-de-la-transfiguracion-de-jesus","status":"publish","type":"product","link":"https:\/\/www.irdin.org.br\/site\/produtos\/la-verdadera-historia-de-la-transfiguracion-de-jesus\/","title":{"rendered":"La verdadera historia de la transfiguraci\u00f3n de Jes\u00fas"},"content":{"rendered":"<p><em>El amor, la protecci\u00f3n y la luz que nos esperan cuando decimos s\u00ed. Las grandes preguntas de Cristo a la humanidad.<\/em><\/p>\n<p><strong>Ou\u00e7a agora:<\/strong><\/p>\n<p><span data-href=\"https:\/\/www.irdin.org.br\/site\/envios\/audios\/2101_0037__spa_spa__la_verdadera_historia_de_la_transfiguracion_de_jesus.mp3\" data-title=\"la verdadera historia de la transfiguraci\u00f3n de jes\u00fas\" data-rel=\"\" data-target=\"\" data-meta=\"#fap-meta-6a059d6d1750e\" class=\"fap-single-track fap-track-button fap-play-button\" data-enqueue=\"no\" data-autoenqueue=\"no\" title=\"la verdadera historia de la transfiguraci\u00f3n de jes\u00fas\"><span class=\"fap-icon-play\"><\/span>Ouvir<\/span> <a class=\"baixar\" href=\"https:\/\/www.irdin.org.br\/site\/envios\/audios\/2101_0037__spa_spa__la_verdadera_historia_de_la_transfiguracion_de_jesus.mp3\" download=\"\">Baixar<\/a> <span class=\"textobaixar\"> la verdadera historia de la transfiguraci\u00f3n de jes\u00fas<\/span><\/p>\n<p>&nbsp;<\/p>\n","protected":false},"excerpt":{"rendered":"<p>El amor, la protecci\u00f3n y la luz que nos esperan cuando decimos s\u00ed. Las grandes preguntas de Cristo a la<\/p>\n","protected":false},"featured_media":37803,"template":"","meta":{"_acf_changed":false},"product_brand":[],"product_cat":[18076,33068],"product_tag":[41789],"class_list":{"0":"post-84244","1":"product","2":"type-product","3":"status-publish","4":"has-post-thumbnail","6":"product_cat-cddvd","7":"product_cat-palestras","8":"product_tag-41789","9":"pa_autor-madre-maria-shimani","10":"pa_codigo-da-serie-27126","11":"pa_codigo-externo-21010037spacd","12":"pa_data-de-gravacao-26476","13":"pa_duracao-48-min-8-s","14":"pa_idioma-de-destino-espanhol","15":"pa_idioma-de-origem-espanhol","16":"pa_lancamento-no","17":"pa_midia-cd","18":"pa_moac-41788","19":"pa_quantidade-de-saldo-33067","20":"pa_sequencial-da-serie-31913","21":"pa_tipo-de-traducao-nao-classificado","23":"first","24":"outofstock","25":"product-type-simple"},"acf":[],"_links":{"self":[{"href":"https:\/\/www.irdin.org.br\/site\/wp-json\/wp\/v2\/product\/84244","targetHints":{"allow":["GET"]}}],"collection":[{"href":"https:\/\/www.irdin.org.br\/site\/wp-json\/wp\/v2\/product"}],"about":[{"href":"https:\/\/www.irdin.org.br\/site\/wp-json\/wp\/v2\/types\/product"}],"version-history":[{"count":2,"href":"https:\/\/www.irdin.org.br\/site\/wp-json\/wp\/v2\/product\/84244\/revisions"}],"predecessor-version":[{"id":109960,"href":"https:\/\/www.irdin.org.br\/site\/wp-json\/wp\/v2\/product\/84244\/revisions\/109960"}],"wp:featuredmedia":[{"embeddable":true,"href":"https:\/\/www.irdin.org.br\/site\/wp-json\/wp\/v2\/media\/37803"}],"wp:attachment":[{"href":"https:\/\/www.irdin.org.br\/site\/wp-json\/wp\/v2\/media?parent=84244"}],"wp:term":[{"taxonomy":"product_brand","embeddable":true,"href":"https:\/\/www.irdin.org.br\/site\/wp-json\/wp\/v2\/product_brand?post=84244"},{"taxonomy":"product_cat","embeddable":true,"href":"https:\/\/www.irdin.org.br\/site\/wp-json\/wp\/v2\/product_cat?post=84244"},{"taxonomy":"product_tag","embeddable":true,"href":"https:\/\/www.irdin.org.br\/site\/wp-json\/wp\/v2\/product_tag?post=84244"}],"curies":[{"name":"wp","href":"https:\/\/api.w.org\/{rel}","templated":true}]}}