{"id":84255,"date":"2018-04-26T18:34:50","date_gmt":"2018-04-26T18:34:50","guid":{"rendered":"http:\/\/www.irdin.org.br\/site\/produto\/cura-a-traves-del-espiritu-santo-y-otros-temas\/"},"modified":"2025-09-01T15:58:23","modified_gmt":"2025-09-01T18:58:23","slug":"cura-a-traves-del-espiritu-santo-y-otros-temas","status":"publish","type":"product","link":"https:\/\/www.irdin.org.br\/site\/produtos\/cura-a-traves-del-espiritu-santo-y-otros-temas\/","title":{"rendered":"Cura a trav\u00e9s del Esp\u00edritu Santo y otros temas"},"content":{"rendered":"<p><em>\u00bfCuales son las condiciones para la cura a trav\u00e9s del Esp\u00edritu Santo?\/ La contenplaci\u00f3n durante la pr\u00e1ctica de la oraci\u00f3n\/ La ampliaci\u00f3n del trabajo y la formaci\u00f3n de la Fraternidad-Federaci\u00f3n Humanitaria Internacional\/ Ciudades Luz\/ Retiro de los d\u00edas martes y la colaboraci\u00f3n con las Jerarqu\u00edas<\/em><\/p>\n<p><strong>Ou\u00e7a agora:<\/strong><\/p>\n<p><span data-href=\"https:\/\/www.irdin.org.br\/site\/envios\/audios\/2101_0049__spa_spa__cura_a_traves_delpiritu_santo_y_otros_temas.mp3\" data-title=\"cura a trav\u00e9s del esp\u00edritu santo y otros temas\" data-rel=\"\" data-target=\"\" data-meta=\"#fap-meta-69e2b56e153bc\" class=\"fap-single-track fap-track-button fap-play-button\" data-enqueue=\"no\" data-autoenqueue=\"no\" title=\"cura a trav\u00e9s del esp\u00edritu santo y otros temas\"><span class=\"fap-icon-play\"><\/span>Ouvir<\/span> <a class=\"baixar\" href=\"https:\/\/www.irdin.org.br\/site\/envios\/audios\/2101_0049__spa_spa__cura_a_traves_delpiritu_santo_y_otros_temas.mp3\" download=\"\">Baixar<\/a> <span class=\"textobaixar\"> cura a trav\u00e9s del esp\u00edritu santo y otros temas<\/span><\/p>\n<p>&nbsp;<\/p>\n","protected":false},"excerpt":{"rendered":"<p>\u00bfCuales son las condiciones para la cura a trav\u00e9s del Esp\u00edritu Santo?\/ La contenplaci\u00f3n durante la pr\u00e1ctica de la oraci\u00f3n\/<\/p>\n","protected":false},"featured_media":37803,"template":"","meta":{"_acf_changed":false},"product_brand":[],"product_cat":[18076,33068],"product_tag":[41811],"class_list":{"0":"post-84255","1":"product","2":"type-product","3":"status-publish","4":"has-post-thumbnail","6":"product_cat-cddvd","7":"product_cat-palestras","8":"product_tag-41811","9":"pa_autor-madre-maria-shimani","10":"pa_codigo-da-serie-27126","11":"pa_codigo-externo-21010049spacd","12":"pa_data-de-gravacao-27268","13":"pa_duracao-44min32s","14":"pa_idioma-de-destino-espanhol","15":"pa_idioma-de-origem-espanhol","16":"pa_lancamento-no","17":"pa_midia-cd","18":"pa_moac-41810","19":"pa_quantidade-de-saldo-33067","20":"pa_sequencial-da-serie-31925","21":"pa_tipo-de-traducao-nao-classificado","23":"first","24":"outofstock","25":"product-type-simple"},"acf":[],"_links":{"self":[{"href":"https:\/\/www.irdin.org.br\/site\/wp-json\/wp\/v2\/product\/84255","targetHints":{"allow":["GET"]}}],"collection":[{"href":"https:\/\/www.irdin.org.br\/site\/wp-json\/wp\/v2\/product"}],"about":[{"href":"https:\/\/www.irdin.org.br\/site\/wp-json\/wp\/v2\/types\/product"}],"version-history":[{"count":1,"href":"https:\/\/www.irdin.org.br\/site\/wp-json\/wp\/v2\/product\/84255\/revisions"}],"predecessor-version":[{"id":108195,"href":"https:\/\/www.irdin.org.br\/site\/wp-json\/wp\/v2\/product\/84255\/revisions\/108195"}],"wp:featuredmedia":[{"embeddable":true,"href":"https:\/\/www.irdin.org.br\/site\/wp-json\/wp\/v2\/media\/37803"}],"wp:attachment":[{"href":"https:\/\/www.irdin.org.br\/site\/wp-json\/wp\/v2\/media?parent=84255"}],"wp:term":[{"taxonomy":"product_brand","embeddable":true,"href":"https:\/\/www.irdin.org.br\/site\/wp-json\/wp\/v2\/product_brand?post=84255"},{"taxonomy":"product_cat","embeddable":true,"href":"https:\/\/www.irdin.org.br\/site\/wp-json\/wp\/v2\/product_cat?post=84255"},{"taxonomy":"product_tag","embeddable":true,"href":"https:\/\/www.irdin.org.br\/site\/wp-json\/wp\/v2\/product_tag?post=84255"}],"curies":[{"name":"wp","href":"https:\/\/api.w.org\/{rel}","templated":true}]}}