{"id":84264,"date":"2018-04-26T18:35:11","date_gmt":"2018-04-26T18:35:11","guid":{"rendered":"http:\/\/www.irdin.org.br\/site\/produto\/la-ley-cosmica-de-la-economia-abundancia-austeridad-y-pobreza\/"},"modified":"2025-09-01T15:50:58","modified_gmt":"2025-09-01T18:50:58","slug":"la-ley-cosmica-de-la-economia-abundancia-austeridad-y-pobreza","status":"publish","type":"product","link":"https:\/\/www.irdin.org.br\/site\/produtos\/la-ley-cosmica-de-la-economia-abundancia-austeridad-y-pobreza\/","title":{"rendered":"La Ley C\u00f3smica de la Econom\u00eda &#8211; abundancia, austeridad y pobreza"},"content":{"rendered":"<p>&nbsp;<\/p>\n<p><strong>Ou\u00e7a agora:<\/strong><\/p>\n<p><span data-href=\"https:\/\/www.irdin.org.br\/site\/envios\/audios\/2106_0001__spa_spa__la_ley_cosmica_de_la_economia_abundancia_austeridad_y_pobreza.mp3\" data-title=\"la ley c\u00f3smica de la econom\u00eda - abundancia, austeridad y pobreza\" data-rel=\"\" data-target=\"\" data-meta=\"#fap-meta-69e288c5cee0f\" class=\"fap-single-track fap-track-button fap-play-button\" data-enqueue=\"no\" data-autoenqueue=\"no\" title=\"la ley c\u00f3smica de la econom\u00eda - abundancia, austeridad y pobreza\"><span class=\"fap-icon-play\"><\/span>Ouvir<\/span> <a class=\"baixar\" href=\"https:\/\/www.irdin.org.br\/site\/envios\/audios\/2106_0001__spa_spa__la_ley_cosmica_de_la_economia_abundancia_austeridad_y_pobreza.mp3\" download=\"\">Baixar<\/a> <span class=\"textobaixar\"> la ley c\u00f3smica de la econom\u00eda &#8211; abundancia, austeridad y pobreza<\/span><\/p>\n<p>&nbsp;<\/p>\n","protected":false},"excerpt":{"rendered":"<p>&nbsp; Ou\u00e7a agora: Baixar la ley c\u00f3smica de la econom\u00eda &#8211; abundancia, austeridad y pobreza &nbsp;<\/p>\n","protected":false},"featured_media":37803,"template":"","meta":{"_acf_changed":false},"product_brand":[],"product_cat":[18076,33068],"product_tag":[41829],"class_list":{"0":"post-84264","1":"product","2":"type-product","3":"status-publish","4":"has-post-thumbnail","6":"product_cat-cddvd","7":"product_cat-palestras","8":"product_tag-41829","9":"pa_autor-madre-maria-shimani","10":"pa_codigo-da-serie-27351","11":"pa_codigo-externo-21060001spacd","12":"pa_data-de-gravacao-20613","13":"pa_duracao-55-min-21-s","14":"pa_idioma-de-destino-espanhol","15":"pa_idioma-de-origem-espanhol","16":"pa_lancamento-no","17":"pa_midia-cd","18":"pa_moac-41828","19":"pa_quantidade-de-saldo-33067","20":"pa_sequencial-da-serie-31877","21":"pa_tipo-de-traducao-nao-classificado","23":"first","24":"outofstock","25":"product-type-simple"},"acf":[],"_links":{"self":[{"href":"https:\/\/www.irdin.org.br\/site\/wp-json\/wp\/v2\/product\/84264","targetHints":{"allow":["GET"]}}],"collection":[{"href":"https:\/\/www.irdin.org.br\/site\/wp-json\/wp\/v2\/product"}],"about":[{"href":"https:\/\/www.irdin.org.br\/site\/wp-json\/wp\/v2\/types\/product"}],"version-history":[{"count":3,"href":"https:\/\/www.irdin.org.br\/site\/wp-json\/wp\/v2\/product\/84264\/revisions"}],"predecessor-version":[{"id":109977,"href":"https:\/\/www.irdin.org.br\/site\/wp-json\/wp\/v2\/product\/84264\/revisions\/109977"}],"wp:featuredmedia":[{"embeddable":true,"href":"https:\/\/www.irdin.org.br\/site\/wp-json\/wp\/v2\/media\/37803"}],"wp:attachment":[{"href":"https:\/\/www.irdin.org.br\/site\/wp-json\/wp\/v2\/media?parent=84264"}],"wp:term":[{"taxonomy":"product_brand","embeddable":true,"href":"https:\/\/www.irdin.org.br\/site\/wp-json\/wp\/v2\/product_brand?post=84264"},{"taxonomy":"product_cat","embeddable":true,"href":"https:\/\/www.irdin.org.br\/site\/wp-json\/wp\/v2\/product_cat?post=84264"},{"taxonomy":"product_tag","embeddable":true,"href":"https:\/\/www.irdin.org.br\/site\/wp-json\/wp\/v2\/product_tag?post=84264"}],"curies":[{"name":"wp","href":"https:\/\/api.w.org\/{rel}","templated":true}]}}