{"id":84265,"date":"2018-04-26T18:35:11","date_gmt":"2018-04-26T18:35:11","guid":{"rendered":"http:\/\/www.irdin.org.br\/site\/produto\/amor-perdon-y-redencion-conferencia-en-el-3o-encuentro-de-oracion-en-aurora\/"},"modified":"2025-09-01T15:49:38","modified_gmt":"2025-09-01T18:49:38","slug":"amor-perdon-y-redencion-conferencia-en-el-3o-encuentro-de-oracion-en-aurora","status":"publish","type":"product","link":"https:\/\/www.irdin.org.br\/site\/produtos\/amor-perdon-y-redencion-conferencia-en-el-3o-encuentro-de-oracion-en-aurora\/","title":{"rendered":"Amor, perd\u00f3n y redenci\u00f3n &#8211; Conferencia en el 3\u00ba Encuentro de Oraci\u00f3n en Aurora"},"content":{"rendered":"<p><em>Leyes c\u00f3smicas en las par\u00e1bolas de Jes\u00fas, formas de cura que \u00e9l usaba y s\u00edntesis del trabajo espiritual.<\/em><\/p>\n<p><strong>Ou\u00e7a agora:<\/strong><\/p>\n<p><span data-href=\"https:\/\/www.irdin.org.br\/site\/envios\/audios\/2106_0002__spa_spa__amor_perdon_y_redencion.mp3\" data-title=\"amor, perd\u00f3n y redenci\u00f3n\" data-rel=\"\" data-target=\"\" data-meta=\"#fap-meta-69e2b34535c51\" class=\"fap-single-track fap-track-button fap-play-button\" data-enqueue=\"no\" data-autoenqueue=\"no\" title=\"amor, perd\u00f3n y redenci\u00f3n\"><span class=\"fap-icon-play\"><\/span>Ouvir<\/span> <a class=\"baixar\" href=\"https:\/\/www.irdin.org.br\/site\/envios\/audios\/2106_0002__spa_spa__amor_perdon_y_redencion.mp3\" download=\"\">Baixar<\/a> <span class=\"textobaixar\"> amor, perd\u00f3n y redenci\u00f3n<\/span><\/p>\n<p>&nbsp;<\/p>\n","protected":false},"excerpt":{"rendered":"<p>Leyes c\u00f3smicas en las par\u00e1bolas de Jes\u00fas, formas de cura que \u00e9l usaba y s\u00edntesis del trabajo espiritual. Ou\u00e7a agora:<\/p>\n","protected":false},"featured_media":37803,"template":"","meta":{"_acf_changed":false},"product_brand":[],"product_cat":[18076,33068],"product_tag":[41831],"class_list":{"0":"post-84265","1":"product","2":"type-product","3":"status-publish","4":"has-post-thumbnail","6":"product_cat-cddvd","7":"product_cat-palestras","8":"product_tag-41831","9":"pa_autor-madre-maria-shimani","10":"pa_codigo-da-serie-27351","11":"pa_codigo-externo-21060002spacd","12":"pa_data-de-gravacao-27353","13":"pa_duracao-34-min-41-s","14":"pa_idioma-de-destino-espanhol","15":"pa_idioma-de-origem-espanhol","16":"pa_lancamento-no","17":"pa_midia-cd","18":"pa_moac-41830","19":"pa_quantidade-de-saldo-33067","20":"pa_sequencial-da-serie-31878","21":"pa_tipo-de-traducao-nao-classificado","23":"first","24":"outofstock","25":"product-type-simple"},"acf":[],"_links":{"self":[{"href":"https:\/\/www.irdin.org.br\/site\/wp-json\/wp\/v2\/product\/84265","targetHints":{"allow":["GET"]}}],"collection":[{"href":"https:\/\/www.irdin.org.br\/site\/wp-json\/wp\/v2\/product"}],"about":[{"href":"https:\/\/www.irdin.org.br\/site\/wp-json\/wp\/v2\/types\/product"}],"version-history":[{"count":2,"href":"https:\/\/www.irdin.org.br\/site\/wp-json\/wp\/v2\/product\/84265\/revisions"}],"predecessor-version":[{"id":109975,"href":"https:\/\/www.irdin.org.br\/site\/wp-json\/wp\/v2\/product\/84265\/revisions\/109975"}],"wp:featuredmedia":[{"embeddable":true,"href":"https:\/\/www.irdin.org.br\/site\/wp-json\/wp\/v2\/media\/37803"}],"wp:attachment":[{"href":"https:\/\/www.irdin.org.br\/site\/wp-json\/wp\/v2\/media?parent=84265"}],"wp:term":[{"taxonomy":"product_brand","embeddable":true,"href":"https:\/\/www.irdin.org.br\/site\/wp-json\/wp\/v2\/product_brand?post=84265"},{"taxonomy":"product_cat","embeddable":true,"href":"https:\/\/www.irdin.org.br\/site\/wp-json\/wp\/v2\/product_cat?post=84265"},{"taxonomy":"product_tag","embeddable":true,"href":"https:\/\/www.irdin.org.br\/site\/wp-json\/wp\/v2\/product_tag?post=84265"}],"curies":[{"name":"wp","href":"https:\/\/api.w.org\/{rel}","templated":true}]}}