{"id":84271,"date":"2018-04-26T18:35:11","date_gmt":"2018-04-26T18:35:11","guid":{"rendered":"http:\/\/www.irdin.org.br\/site\/produto\/encuentro-con-mainhdra-7o-encontro-do-caminho-da-oracao\/"},"modified":"2025-09-01T15:45:24","modified_gmt":"2025-09-01T18:45:24","slug":"encuentro-con-mainhdra-7o-encontro-do-caminho-da-oracao","status":"publish","type":"product","link":"https:\/\/www.irdin.org.br\/site\/produtos\/encuentro-con-mainhdra-7o-encontro-do-caminho-da-oracao\/","title":{"rendered":"Encuentro con Mainhdra &#8211; 7\u00ba Encontro do Caminho da Ora\u00e7\u00e3o"},"content":{"rendered":"<p><em>Mensaje de Mainhdra sobre los d\u00edas 12 y 13 de cada mes, y un llamado para la oraci\u00f3n como servicio.<\/em><\/p>\n<p><strong>Ou\u00e7a agora:<\/strong><\/p>\n<p><span data-href=\"https:\/\/www.irdin.org.br\/site\/envios\/audios\/2107_0006__spa_spa__encuentro_con_mainhdra.mp3\" data-title=\"encuentro con mainhdra\" data-rel=\"\" data-target=\"\" data-meta=\"#fap-meta-6a052000b814f\" class=\"fap-single-track fap-track-button fap-play-button\" data-enqueue=\"no\" data-autoenqueue=\"no\" title=\"encuentro con mainhdra\"><span class=\"fap-icon-play\"><\/span>Ouvir<\/span> <a class=\"baixar\" href=\"https:\/\/www.irdin.org.br\/site\/envios\/audios\/2107_0006__spa_spa__encuentro_con_mainhdra.mp3\" download=\"\">Baixar<\/a> <span class=\"textobaixar\"> encuentro con mainhdra<\/span><\/p>\n<p>&nbsp;<\/p>\n","protected":false},"excerpt":{"rendered":"<p>Mensaje de Mainhdra sobre los d\u00edas 12 y 13 de cada mes, y un llamado para la oraci\u00f3n como servicio.<\/p>\n","protected":false},"featured_media":37803,"template":"","meta":{"_acf_changed":false},"product_brand":[],"product_cat":[18076,33068],"product_tag":[41843],"class_list":{"0":"post-84271","1":"product","2":"type-product","3":"status-publish","4":"has-post-thumbnail","6":"product_cat-cddvd","7":"product_cat-palestras","8":"product_tag-41843","9":"pa_autor-madre-maria-shimani","10":"pa_codigo-da-serie-27362","11":"pa_codigo-externo-21070006spacd","12":"pa_data-de-gravacao-27376","13":"pa_duracao-67m33s","14":"pa_idioma-de-destino-espanhol","15":"pa_idioma-de-origem-espanhol","16":"pa_lancamento-no","17":"pa_midia-cd","18":"pa_moac-41842","19":"pa_quantidade-de-saldo-33067","20":"pa_sequencial-da-serie-31882","21":"pa_tipo-de-traducao-nao-classificado","23":"first","24":"outofstock","25":"product-type-simple"},"acf":[],"_links":{"self":[{"href":"https:\/\/www.irdin.org.br\/site\/wp-json\/wp\/v2\/product\/84271","targetHints":{"allow":["GET"]}}],"collection":[{"href":"https:\/\/www.irdin.org.br\/site\/wp-json\/wp\/v2\/product"}],"about":[{"href":"https:\/\/www.irdin.org.br\/site\/wp-json\/wp\/v2\/types\/product"}],"version-history":[{"count":2,"href":"https:\/\/www.irdin.org.br\/site\/wp-json\/wp\/v2\/product\/84271\/revisions"}],"predecessor-version":[{"id":109973,"href":"https:\/\/www.irdin.org.br\/site\/wp-json\/wp\/v2\/product\/84271\/revisions\/109973"}],"wp:featuredmedia":[{"embeddable":true,"href":"https:\/\/www.irdin.org.br\/site\/wp-json\/wp\/v2\/media\/37803"}],"wp:attachment":[{"href":"https:\/\/www.irdin.org.br\/site\/wp-json\/wp\/v2\/media?parent=84271"}],"wp:term":[{"taxonomy":"product_brand","embeddable":true,"href":"https:\/\/www.irdin.org.br\/site\/wp-json\/wp\/v2\/product_brand?post=84271"},{"taxonomy":"product_cat","embeddable":true,"href":"https:\/\/www.irdin.org.br\/site\/wp-json\/wp\/v2\/product_cat?post=84271"},{"taxonomy":"product_tag","embeddable":true,"href":"https:\/\/www.irdin.org.br\/site\/wp-json\/wp\/v2\/product_tag?post=84271"}],"curies":[{"name":"wp","href":"https:\/\/api.w.org\/{rel}","templated":true}]}}