{"id":84277,"date":"2018-04-26T18:35:11","date_gmt":"2018-04-26T18:35:11","guid":{"rendered":"http:\/\/www.irdin.org.br\/site\/produto\/el-ciclo-de-la-energia-cristica-y-el-espiritu-santo-50o-encontro-geral-de-figueira\/"},"modified":"2025-09-01T15:37:27","modified_gmt":"2025-09-01T18:37:27","slug":"el-ciclo-de-la-energia-cristica-y-el-espiritu-santo-50o-encontro-geral-de-figueira","status":"publish","type":"product","link":"https:\/\/www.irdin.org.br\/site\/produtos\/el-ciclo-de-la-energia-cristica-y-el-espiritu-santo-50o-encontro-geral-de-figueira\/","title":{"rendered":"El ciclo de la energ\u00eda cr\u00edstica y el Esp\u00edritu Santo &#8211; 50\u00ba Encontro Geral de Figueira"},"content":{"rendered":"<p><em>El camino seguro de colaboraci\u00f3n para que el Esp\u00edritu de Dios descienda sobre esta Tierra.<\/em><\/p>\n<p><strong>Ou\u00e7a agora:<\/strong><\/p>\n<p><span data-href=\"https:\/\/www.irdin.org.br\/site\/envios\/audios\/2107_0024__spa_spa__el_ciclo_de_la_energia_cristica_y_elpiritu_santo.mp3\" data-title=\"el ciclo de la energ\u00eda cr\u00edstica y el esp\u00edritu santo\" data-rel=\"\" data-target=\"\" data-meta=\"#fap-meta-69e28c39537d7\" class=\"fap-single-track fap-track-button fap-play-button\" data-enqueue=\"no\" data-autoenqueue=\"no\" title=\"el ciclo de la energ\u00eda cr\u00edstica y el esp\u00edritu santo\"><span class=\"fap-icon-play\"><\/span>Ouvir<\/span> <a class=\"baixar\" href=\"https:\/\/www.irdin.org.br\/site\/envios\/audios\/2107_0024__spa_spa__el_ciclo_de_la_energia_cristica_y_elpiritu_santo.mp3\" download=\"\">Baixar<\/a> <span class=\"textobaixar\"> el ciclo de la energ\u00eda cr\u00edstica y el esp\u00edritu santo<\/span><\/p>\n<p>&nbsp;<\/p>\n","protected":false},"excerpt":{"rendered":"<p>El camino seguro de colaboraci\u00f3n para que el Esp\u00edritu de Dios descienda sobre esta Tierra. Ou\u00e7a agora: Baixar el ciclo<\/p>\n","protected":false},"featured_media":37803,"template":"","meta":{"_acf_changed":false},"product_brand":[],"product_cat":[18076,33068],"product_tag":[41855],"class_list":{"0":"post-84277","1":"product","2":"type-product","3":"status-publish","4":"has-post-thumbnail","6":"product_cat-cddvd","7":"product_cat-palestras","8":"product_tag-41855","9":"pa_autor-madre-maria-shimani","10":"pa_codigo-da-serie-27362","11":"pa_codigo-externo-21070024spacd","12":"pa_data-de-gravacao-27438","13":"pa_duracao-67-min","14":"pa_idioma-de-destino-espanhol","15":"pa_idioma-de-origem-espanhol","16":"pa_lancamento-no","17":"pa_midia-cd","18":"pa_moac-41854","19":"pa_quantidade-de-saldo-33067","20":"pa_sequencial-da-serie-31900","21":"pa_tipo-de-traducao-nao-classificado","23":"first","24":"outofstock","25":"product-type-simple"},"acf":[],"_links":{"self":[{"href":"https:\/\/www.irdin.org.br\/site\/wp-json\/wp\/v2\/product\/84277","targetHints":{"allow":["GET"]}}],"collection":[{"href":"https:\/\/www.irdin.org.br\/site\/wp-json\/wp\/v2\/product"}],"about":[{"href":"https:\/\/www.irdin.org.br\/site\/wp-json\/wp\/v2\/types\/product"}],"version-history":[{"count":2,"href":"https:\/\/www.irdin.org.br\/site\/wp-json\/wp\/v2\/product\/84277\/revisions"}],"predecessor-version":[{"id":109964,"href":"https:\/\/www.irdin.org.br\/site\/wp-json\/wp\/v2\/product\/84277\/revisions\/109964"}],"wp:featuredmedia":[{"embeddable":true,"href":"https:\/\/www.irdin.org.br\/site\/wp-json\/wp\/v2\/media\/37803"}],"wp:attachment":[{"href":"https:\/\/www.irdin.org.br\/site\/wp-json\/wp\/v2\/media?parent=84277"}],"wp:term":[{"taxonomy":"product_brand","embeddable":true,"href":"https:\/\/www.irdin.org.br\/site\/wp-json\/wp\/v2\/product_brand?post=84277"},{"taxonomy":"product_cat","embeddable":true,"href":"https:\/\/www.irdin.org.br\/site\/wp-json\/wp\/v2\/product_cat?post=84277"},{"taxonomy":"product_tag","embeddable":true,"href":"https:\/\/www.irdin.org.br\/site\/wp-json\/wp\/v2\/product_tag?post=84277"}],"curies":[{"name":"wp","href":"https:\/\/api.w.org\/{rel}","templated":true}]}}