{"id":84278,"date":"2018-04-26T18:35:33","date_gmt":"2018-04-26T18:35:33","guid":{"rendered":"http:\/\/www.irdin.org.br\/site\/produto\/lectura-de-una-instruccion-de-cristo-samana\/"},"modified":"2025-09-01T15:35:58","modified_gmt":"2025-09-01T18:35:58","slug":"lectura-de-una-instruccion-de-cristo-samana","status":"publish","type":"product","link":"https:\/\/www.irdin.org.br\/site\/produtos\/lectura-de-una-instruccion-de-cristo-samana\/","title":{"rendered":"Lectura de una instrucci\u00f3n de Cristo Samana"},"content":{"rendered":"<p><em>En esta Instrucci\u00f3n, Samana revela que Su voz y la de la Divina Madre son una \u00fanica voz, que vive y resuena en cada oraci\u00f3n. Nos invita al despertar de los talentos y anuncia la vigilancia como llave c\u00f3smica del Amor.<\/em><\/p>\n<p><strong>Ou\u00e7a agora:<\/strong><\/p>\n<p><span data-href=\"https:\/\/www.irdin.org.br\/site\/envios\/audios\/2107_0025__spa_spa__lectura_de_una_instruccion_de_cristo_samana.mp3\" data-title=\"lectura de una instrucci\u00f3n de cristo samana\" data-rel=\"\" data-target=\"\" data-meta=\"#fap-meta-69e28c6ac3de3\" class=\"fap-single-track fap-track-button fap-play-button\" data-enqueue=\"no\" data-autoenqueue=\"no\" title=\"lectura de una instrucci\u00f3n de cristo samana\"><span class=\"fap-icon-play\"><\/span>Ouvir<\/span> <a class=\"baixar\" href=\"https:\/\/www.irdin.org.br\/site\/envios\/audios\/2107_0025__spa_spa__lectura_de_una_instruccion_de_cristo_samana.mp3\" download=\"\">Baixar<\/a> <span class=\"textobaixar\"> lectura de una instrucci\u00f3n de cristo samana<\/span><\/p>\n<p>&nbsp;<\/p>\n","protected":false},"excerpt":{"rendered":"<p>En esta Instrucci\u00f3n, Samana revela que Su voz y la de la Divina Madre son una \u00fanica voz, que vive<\/p>\n","protected":false},"featured_media":37803,"template":"","meta":{"_acf_changed":false},"product_brand":[],"product_cat":[18076,33068],"product_tag":[41857],"class_list":{"0":"post-84278","1":"product","2":"type-product","3":"status-publish","4":"has-post-thumbnail","6":"product_cat-cddvd","7":"product_cat-palestras","8":"product_tag-41857","9":"pa_autor-madre-maria-shimani","10":"pa_codigo-da-serie-27362","11":"pa_codigo-externo-21070025spacd","12":"pa_data-de-gravacao-27441","13":"pa_duracao-36m13s","14":"pa_idioma-de-destino-espanhol","15":"pa_idioma-de-origem-espanhol","16":"pa_lancamento-no","17":"pa_midia-cd","18":"pa_moac-41856","19":"pa_quantidade-de-saldo-33067","20":"pa_sequencial-da-serie-31901","21":"pa_tipo-de-traducao-nao-classificado","23":"first","24":"outofstock","25":"product-type-simple"},"acf":[],"_links":{"self":[{"href":"https:\/\/www.irdin.org.br\/site\/wp-json\/wp\/v2\/product\/84278","targetHints":{"allow":["GET"]}}],"collection":[{"href":"https:\/\/www.irdin.org.br\/site\/wp-json\/wp\/v2\/product"}],"about":[{"href":"https:\/\/www.irdin.org.br\/site\/wp-json\/wp\/v2\/types\/product"}],"version-history":[{"count":1,"href":"https:\/\/www.irdin.org.br\/site\/wp-json\/wp\/v2\/product\/84278\/revisions"}],"predecessor-version":[{"id":108147,"href":"https:\/\/www.irdin.org.br\/site\/wp-json\/wp\/v2\/product\/84278\/revisions\/108147"}],"wp:featuredmedia":[{"embeddable":true,"href":"https:\/\/www.irdin.org.br\/site\/wp-json\/wp\/v2\/media\/37803"}],"wp:attachment":[{"href":"https:\/\/www.irdin.org.br\/site\/wp-json\/wp\/v2\/media?parent=84278"}],"wp:term":[{"taxonomy":"product_brand","embeddable":true,"href":"https:\/\/www.irdin.org.br\/site\/wp-json\/wp\/v2\/product_brand?post=84278"},{"taxonomy":"product_cat","embeddable":true,"href":"https:\/\/www.irdin.org.br\/site\/wp-json\/wp\/v2\/product_cat?post=84278"},{"taxonomy":"product_tag","embeddable":true,"href":"https:\/\/www.irdin.org.br\/site\/wp-json\/wp\/v2\/product_tag?post=84278"}],"curies":[{"name":"wp","href":"https:\/\/api.w.org\/{rel}","templated":true}]}}