{"id":84280,"date":"2018-04-26T18:35:33","date_gmt":"2018-04-26T18:35:33","guid":{"rendered":"http:\/\/www.irdin.org.br\/site\/produto\/consideracoes-contemporaneas-sobre-carma-e-darma-palestra-do-44-encontro-geral-de-figueira\/"},"modified":"2025-03-13T01:39:13","modified_gmt":"2025-03-13T01:39:13","slug":"consideracoes-contemporaneas-sobre-carma-e-darma-palestra-do-44-encontro-geral-de-figueira","status":"publish","type":"product","link":"https:\/\/www.irdin.org.br\/site\/produtos\/consideracoes-contemporaneas-sobre-carma-e-darma-palestra-do-44-encontro-geral-de-figueira\/","title":{"rendered":"Considera\u00e7\u00f5es contempor\u00e2neas sobre Carma e Darma &#8211; Palestra do 44\u00b0 Encontro Geral de Figueira"},"content":{"rendered":"<p><em>Uma ampla abordagem dos termos Carma e Darma \u00e9 aqui apresentada em linguagem contempor\u00e2nea e universal, levando-nos a refletir profundamente sobre as consequ\u00eancias de nossas a\u00e7\u00f5es dentro da vida.<\/em><\/p>\n<p>&nbsp;<br \/>\n<strong>Ou\u00e7a agora:<\/strong><\/p>\n<p><span data-href=\"https:\/\/www.irdin.org.br\/site\/envios\/audios\/2500_0002__por_por__consideracoes_contemporaneas_sobre_carma_e_darma_palestra_do_44_encontro_geral_de_figueira.mp3\" data-title=\"considera\u00e7\u00f5es contempor\u00e2neas sobre carma e darma - palestra do 44\u00b0 encontro geral de figueira\" data-rel=\"\" data-target=\"\" data-meta=\"#fap-meta-69ff1268132fb\" class=\"fap-single-track fap-track-button fap-play-button\" data-enqueue=\"no\" data-autoenqueue=\"no\" title=\"considera\u00e7\u00f5es contempor\u00e2neas sobre carma e darma - palestra do 44\u00b0 encontro geral de figueira\"><span class=\"fap-icon-play\"><\/span>Ouvir<\/span> <a href=\"https:\/\/www.irdin.org.br\/site\/envios\/audios\/2500_0002__por_por__consideracoes_contemporaneas_sobre_carma_e_darma_palestra_do_44_encontro_geral_de_figueira.mp3\" class=\"baixar\" download><span class=\"fa fa-arrow-down\"><\/span>Baixar<\/span><\/a> <span class=\"textobaixar\"> considera\u00e7\u00f5es contempor\u00e2neas sobre carma e darma &#8211; palestra do 44\u00b0 encontro geral de figueira<\/span><\/p>\n<p>&nbsp;<\/p>\n","protected":false},"excerpt":{"rendered":"<p>Uma ampla abordagem dos termos Carma e Darma \u00e9 aqui apresentada em linguagem contempor\u00e2nea e universal, levando-nos a refletir profundamente<\/p>\n","protected":false},"featured_media":37803,"template":"","meta":{"_acf_changed":false},"product_brand":[],"product_cat":[18076,33068],"product_tag":[41861],"class_list":{"0":"post-84280","1":"product","2":"type-product","3":"status-publish","4":"has-post-thumbnail","6":"product_cat-cddvd","7":"product_cat-palestras","8":"product_tag-41861","9":"pa_autor-lia-diskin","10":"pa_codigo-da-serie-27455","11":"pa_codigo-externo-25000002porcd","12":"pa_data-de-gravacao-27457","13":"pa_duracao-69min33s","14":"pa_idioma-de-destino-portugues","15":"pa_idioma-de-origem-portugues","16":"pa_lancamento-no","17":"pa_midia-cd","18":"pa_moac-41860","19":"pa_quantidade-de-saldo-33067","20":"pa_sequencial-da-serie-31878","21":"pa_tipo-de-traducao-nao-classificado","23":"first","24":"outofstock","25":"product-type-simple"},"acf":[],"_links":{"self":[{"href":"https:\/\/www.irdin.org.br\/site\/wp-json\/wp\/v2\/product\/84280","targetHints":{"allow":["GET"]}}],"collection":[{"href":"https:\/\/www.irdin.org.br\/site\/wp-json\/wp\/v2\/product"}],"about":[{"href":"https:\/\/www.irdin.org.br\/site\/wp-json\/wp\/v2\/types\/product"}],"version-history":[{"count":1,"href":"https:\/\/www.irdin.org.br\/site\/wp-json\/wp\/v2\/product\/84280\/revisions"}],"predecessor-version":[{"id":108139,"href":"https:\/\/www.irdin.org.br\/site\/wp-json\/wp\/v2\/product\/84280\/revisions\/108139"}],"wp:featuredmedia":[{"embeddable":true,"href":"https:\/\/www.irdin.org.br\/site\/wp-json\/wp\/v2\/media\/37803"}],"wp:attachment":[{"href":"https:\/\/www.irdin.org.br\/site\/wp-json\/wp\/v2\/media?parent=84280"}],"wp:term":[{"taxonomy":"product_brand","embeddable":true,"href":"https:\/\/www.irdin.org.br\/site\/wp-json\/wp\/v2\/product_brand?post=84280"},{"taxonomy":"product_cat","embeddable":true,"href":"https:\/\/www.irdin.org.br\/site\/wp-json\/wp\/v2\/product_cat?post=84280"},{"taxonomy":"product_tag","embeddable":true,"href":"https:\/\/www.irdin.org.br\/site\/wp-json\/wp\/v2\/product_tag?post=84280"}],"curies":[{"name":"wp","href":"https:\/\/api.w.org\/{rel}","templated":true}]}}