{"id":84287,"date":"2018-04-26T18:35:33","date_gmt":"2018-04-26T18:35:33","guid":{"rendered":"http:\/\/www.irdin.org.br\/site\/produto\/a-alegria-de-doar-se-palestra-no-47-encontro-geral-de-figueira\/"},"modified":"2025-03-13T01:38:07","modified_gmt":"2025-03-13T01:38:07","slug":"a-alegria-de-doar-se-palestra-no-47-encontro-geral-de-figueira","status":"publish","type":"product","link":"https:\/\/www.irdin.org.br\/site\/produtos\/a-alegria-de-doar-se-palestra-no-47-encontro-geral-de-figueira\/","title":{"rendered":"A alegria de doar-se &#8211; Palestra no 47\u00b0 Encontro Geral de Figueira"},"content":{"rendered":"<p><em>O Monast\u00e9rio da Reden\u00e7\u00e3o e o N\u00facleo de Servi\u00e7o Crer-Sendo \/ Experi\u00eancias com os Reinos \/ Servir sem expectativas \/ Aprendendo a orar \/ Unindo ora\u00e7\u00e3o e servi\u00e7o \/ Transformando pelo amor \/ De volta a normalidade \/ Viver de verdade<\/em><\/p>\n<p>&nbsp;<br \/>\n<strong>Ou\u00e7a agora:<\/strong><\/p>\n<p><span data-href=\"https:\/\/www.irdin.org.br\/site\/envios\/audios\/2813_0002__por_por__a_alegria_de_doar_se.mp3\" data-title=\"a alegria de doar-se\" data-rel=\"\" data-target=\"\" data-meta=\"#fap-meta-69ff491ad1237\" class=\"fap-single-track fap-track-button fap-play-button\" data-enqueue=\"no\" data-autoenqueue=\"no\" title=\"a alegria de doar-se\"><span class=\"fap-icon-play\"><\/span>Ouvir<\/span> <a href=\"https:\/\/www.irdin.org.br\/site\/envios\/audios\/2813_0002__por_por__a_alegria_de_doar_se.mp3\" class=\"baixar\" download><span class=\"fa fa-arrow-down\"><\/span>Baixar<\/span><\/a> <span class=\"textobaixar\"> a alegria de doar-se<\/span><\/p>\n<p>&nbsp;<\/p>\n","protected":false},"excerpt":{"rendered":"<p>O Monast\u00e9rio da Reden\u00e7\u00e3o e o N\u00facleo de Servi\u00e7o Crer-Sendo \/ Experi\u00eancias com os Reinos \/ Servir sem expectativas \/<\/p>\n","protected":false},"featured_media":37803,"template":"","meta":{"_acf_changed":false},"product_brand":[],"product_cat":[18076,33068],"product_tag":[41875],"class_list":{"0":"post-84287","1":"product","2":"type-product","3":"status-publish","4":"has-post-thumbnail","6":"product_cat-cddvd","7":"product_cat-palestras","8":"product_tag-41875","9":"pa_autor-irma-constancia","10":"pa_codigo-da-serie-27518","11":"pa_codigo-externo-28130002porcd","12":"pa_data-de-gravacao-27411","13":"pa_duracao-52m07s","14":"pa_idioma-de-destino-portugues","15":"pa_idioma-de-origem-portugues","16":"pa_lancamento-no","17":"pa_midia-cd","18":"pa_moac-41874","19":"pa_quantidade-de-saldo-33067","20":"pa_sequencial-da-serie-31878","21":"pa_tipo-de-traducao-nao-classificado","23":"first","24":"outofstock","25":"product-type-simple"},"acf":[],"_links":{"self":[{"href":"https:\/\/www.irdin.org.br\/site\/wp-json\/wp\/v2\/product\/84287","targetHints":{"allow":["GET"]}}],"collection":[{"href":"https:\/\/www.irdin.org.br\/site\/wp-json\/wp\/v2\/product"}],"about":[{"href":"https:\/\/www.irdin.org.br\/site\/wp-json\/wp\/v2\/types\/product"}],"version-history":[{"count":1,"href":"https:\/\/www.irdin.org.br\/site\/wp-json\/wp\/v2\/product\/84287\/revisions"}],"predecessor-version":[{"id":108138,"href":"https:\/\/www.irdin.org.br\/site\/wp-json\/wp\/v2\/product\/84287\/revisions\/108138"}],"wp:featuredmedia":[{"embeddable":true,"href":"https:\/\/www.irdin.org.br\/site\/wp-json\/wp\/v2\/media\/37803"}],"wp:attachment":[{"href":"https:\/\/www.irdin.org.br\/site\/wp-json\/wp\/v2\/media?parent=84287"}],"wp:term":[{"taxonomy":"product_brand","embeddable":true,"href":"https:\/\/www.irdin.org.br\/site\/wp-json\/wp\/v2\/product_brand?post=84287"},{"taxonomy":"product_cat","embeddable":true,"href":"https:\/\/www.irdin.org.br\/site\/wp-json\/wp\/v2\/product_cat?post=84287"},{"taxonomy":"product_tag","embeddable":true,"href":"https:\/\/www.irdin.org.br\/site\/wp-json\/wp\/v2\/product_tag?post=84287"}],"curies":[{"name":"wp","href":"https:\/\/api.w.org\/{rel}","templated":true}]}}