{"id":84289,"date":"2018-04-26T18:35:33","date_gmt":"2018-04-26T18:35:33","guid":{"rendered":"http:\/\/www.irdin.org.br\/site\/produto\/aos-adultos-parte-1\/"},"modified":"2025-03-15T01:39:15","modified_gmt":"2025-03-15T01:39:15","slug":"aos-adultos-parte-1","status":"publish","type":"product","link":"https:\/\/www.irdin.org.br\/site\/produtos\/aos-adultos-parte-1\/","title":{"rendered":"Aos adultos &#8211; parte 1"},"content":{"rendered":"<p><em>Palestra com Pama, coordenadora geral do N\u00facleo de Servi\u00e7o Crer-Sendo<\/em><\/p>\n<p>&nbsp;<br \/>\n<strong>Ou\u00e7a agora:<\/strong><\/p>\n<p><span data-href=\"https:\/\/www.irdin.org.br\/site\/envios\/audios\/2815_0001__por_por__aos_adultos_parte_1.mp3\" data-title=\"aos adultos - parte 1\" data-rel=\"\" data-target=\"\" data-meta=\"#fap-meta-6a030751557dc\" class=\"fap-single-track fap-track-button fap-play-button\" data-enqueue=\"no\" data-autoenqueue=\"no\" title=\"aos adultos - parte 1\"><span class=\"fap-icon-play\"><\/span>Ouvir<\/span> <a href=\"https:\/\/www.irdin.org.br\/site\/envios\/audios\/2815_0001__por_por__aos_adultos_parte_1.mp3\" class=\"baixar\" download><span class=\"fa fa-arrow-down\"><\/span>Baixar<\/span><\/a> <span class=\"textobaixar\"> aos adultos &#8211; parte 1<\/span><\/p>\n<p>&nbsp;<\/p>\n","protected":false},"excerpt":{"rendered":"<p>Palestra com Pama, coordenadora geral do N\u00facleo de Servi\u00e7o Crer-Sendo &nbsp; Ou\u00e7a agora: Baixar aos adultos &#8211; parte 1 &nbsp;<\/p>\n","protected":false},"featured_media":37803,"template":"","meta":{"_acf_changed":false},"product_brand":[],"product_cat":[18076,33068],"product_tag":[41879],"class_list":{"0":"post-84289","1":"product","2":"type-product","3":"status-publish","4":"has-post-thumbnail","6":"product_cat-cddvd","7":"product_cat-palestras","8":"product_tag-41879","9":"pa_autor-pama","10":"pa_codigo-da-serie-27534","11":"pa_codigo-externo-28150001porcd","12":"pa_data-de-gravacao-27531","13":"pa_duracao-58m53s","14":"pa_idioma-de-destino-portugues","15":"pa_idioma-de-origem-portugues","16":"pa_lancamento-no","17":"pa_midia-cd","18":"pa_moac-41878","19":"pa_quantidade-de-saldo-33067","20":"pa_sequencial-da-serie-31877","21":"pa_tipo-de-traducao-nao-classificado","23":"first","24":"outofstock","25":"product-type-simple"},"acf":[],"_links":{"self":[{"href":"https:\/\/www.irdin.org.br\/site\/wp-json\/wp\/v2\/product\/84289","targetHints":{"allow":["GET"]}}],"collection":[{"href":"https:\/\/www.irdin.org.br\/site\/wp-json\/wp\/v2\/product"}],"about":[{"href":"https:\/\/www.irdin.org.br\/site\/wp-json\/wp\/v2\/types\/product"}],"version-history":[{"count":1,"href":"https:\/\/www.irdin.org.br\/site\/wp-json\/wp\/v2\/product\/84289\/revisions"}],"predecessor-version":[{"id":108255,"href":"https:\/\/www.irdin.org.br\/site\/wp-json\/wp\/v2\/product\/84289\/revisions\/108255"}],"wp:featuredmedia":[{"embeddable":true,"href":"https:\/\/www.irdin.org.br\/site\/wp-json\/wp\/v2\/media\/37803"}],"wp:attachment":[{"href":"https:\/\/www.irdin.org.br\/site\/wp-json\/wp\/v2\/media?parent=84289"}],"wp:term":[{"taxonomy":"product_brand","embeddable":true,"href":"https:\/\/www.irdin.org.br\/site\/wp-json\/wp\/v2\/product_brand?post=84289"},{"taxonomy":"product_cat","embeddable":true,"href":"https:\/\/www.irdin.org.br\/site\/wp-json\/wp\/v2\/product_cat?post=84289"},{"taxonomy":"product_tag","embeddable":true,"href":"https:\/\/www.irdin.org.br\/site\/wp-json\/wp\/v2\/product_tag?post=84289"}],"curies":[{"name":"wp","href":"https:\/\/api.w.org\/{rel}","templated":true}]}}